{"id":256673,"date":"2025-03-12T15:33:57","date_gmt":"2025-03-12T14:33:57","guid":{"rendered":"https:\/\/www.boardlife.se\/?post_type=product&#038;p=256673"},"modified":"2025-03-12T16:38:10","modified_gmt":"2025-03-12T15:38:10","slug":"exway-flex-2-pro","status":"publish","type":"product","link":"https:\/\/www.boardlife.se\/fr\/boutique\/skateboard-electrique\/patins-electriques-complets\/exway-flex-2-pro\/","title":{"rendered":"Exway Flex 2 Pro"},"content":{"rendered":"<h1 class=\"description\">Exway Flex 2 Pro<\/h1>\n<p>&Auml;ntligen kommer n&auml;sta version av <a class=\"glossaryLink cmtt_Snowboard\"  aria-describedby=\"tt\"  data-cmtooltip=\"&lt;div class=glossaryItemTitle&gt;Flex&lt;\/div&gt;&lt;div class=glossaryItemBody&gt;I huvudsak menar man b&ouml;jbarheten p&aring; br&auml;dan.&lt;\/div&gt;&lt;div class=glossaryTooltipMoreLinkWrapper&gt;&lt;a class=glossaryTooltipMoreLink href=https:\/\/www.boardlife.se\/fr\/glossaire\/flechir\/ &gt;L&auml;s mer&lt;\/a&gt;&lt;\/div&gt;\"  href=\"https:\/\/www.boardlife.se\/fr\/glossaire\/flechir\/\"  data-mobile-support=\"0\"  data-gt-translate-attributes='[{\"attribute\":\"data-cmtooltip\", \"format\":\"html\"}]'>Fl\u00e9chir<\/a>. En serie som varit om&aring;ttligt popul&auml;r sedan f&ouml;rsta Flex-modellen sl&auml;pptes. En helt otrolig br&auml;da med galen kraft och komfort! F&ouml;r den som en g&aring;ng i tiden var k&auml;r i Boosted s&aring; har du en br&auml;da som p&aring;minner om den men som sl&aring;r Boosted p&aring; fingrarna p&aring; samtliga punkter. Du har som namnet antyder flex men du har ocks&aring; en imponerande specs. Motorstyrka, r&auml;ckvidd, batteri, ESC och m&aring;&aring;&aring;nga fler punkter.<\/p>\n<p>Quelle est donc la diff\u00e9rence avec la version 2 de Pro\u00a0?<\/p>\n<p>Le nouveau mod\u00e8le est notamment \u00e9quip\u00e9 d&#039;un \u00e9clairage int\u00e9gr\u00e9 aux multiples fonctionnalit\u00e9s. Feux stop, clignotants\u2026 il a \u00e9t\u00e9 am\u00e9lior\u00e9 sur de nombreux points. D\u00e9j\u00e0 performant, il l&#039;est encore plus. Il atteint une vitesse de pointe de 50 km\/h d\u00e8s sa sortie d&#039;usine. Son autonomie peut atteindre 45 kilom\u00e8tres avec une seule charge, et gr\u00e2ce au nouveau chargeur Gan, la recharge est ultra-rapide. La double charge est \u00e9galement possible avec deux chargeurs, permettant une charge compl\u00e8te en une heure environ. Il dispose de fonctions intelligentes comme les feux stop arri\u00e8re, et la nouvelle interface Rexus offre une vue d&#039;ensemble claire des fonctions et de l&#039;\u00e9tat de la planche. On pourrait en parler pendant des heures\u00a0!<\/p>\n<p>Nous avons rassembl\u00e9 ci-dessous tout ce que vous devez savoir.<\/p>\n<p><img loading=\"lazy\" decoding=\"async\" class=\"alignleft size-full wp-image-256691\" src=\"https:\/\/www.boardlife.se\/wp-content\/uploads\/2025\/03\/exway-flex-2-pro-specs1.jpg\" alt=\"Caract\u00e9ristiques techniques de l&#039;Exway Flex 2 Pro\" width=\"1200\" height=\"747\" srcset=\"https:\/\/www.boardlife.se\/wp-content\/uploads\/2025\/03\/exway-flex-2-pro-specs1.jpg 1200w, https:\/\/www.boardlife.se\/wp-content\/uploads\/2025\/03\/exway-flex-2-pro-specs1-200x125.jpg 200w, https:\/\/www.boardlife.se\/wp-content\/uploads\/2025\/03\/exway-flex-2-pro-specs1-720x448.jpg 720w, https:\/\/www.boardlife.se\/wp-content\/uploads\/2025\/03\/exway-flex-2-pro-specs1-300x187.jpg 300w, https:\/\/www.boardlife.se\/wp-content\/uploads\/2025\/03\/exway-flex-2-pro-specs1-1024x637.jpg 1024w, https:\/\/www.boardlife.se\/wp-content\/uploads\/2025\/03\/exway-flex-2-pro-specs1-768x478.jpg 768w, https:\/\/www.boardlife.se\/wp-content\/uploads\/2025\/03\/exway-flex-2-pro-specs1-1000x623.jpg 1000w, https:\/\/www.boardlife.se\/wp-content\/uploads\/2025\/03\/exway-flex-2-pro-specs1-100x62.jpg 100w\" sizes=\"auto, (max-width: 1200px) 100vw, 1200px\"\/> <img loading=\"lazy\" decoding=\"async\" class=\"alignleft size-full wp-image-256690\" src=\"https:\/\/www.boardlife.se\/wp-content\/uploads\/2025\/03\/exway-flex-2-pro-specs2.jpg\" alt=\"Caract\u00e9ristiques techniques de l&#039;Exway Flex 2 Pro\" width=\"1200\" height=\"1042\" srcset=\"https:\/\/www.boardlife.se\/wp-content\/uploads\/2025\/03\/exway-flex-2-pro-specs2.jpg 1200w, https:\/\/www.boardlife.se\/wp-content\/uploads\/2025\/03\/exway-flex-2-pro-specs2-200x174.jpg 200w, https:\/\/www.boardlife.se\/wp-content\/uploads\/2025\/03\/exway-flex-2-pro-specs2-720x625.jpg 720w, https:\/\/www.boardlife.se\/wp-content\/uploads\/2025\/03\/exway-flex-2-pro-specs2-300x261.jpg 300w, https:\/\/www.boardlife.se\/wp-content\/uploads\/2025\/03\/exway-flex-2-pro-specs2-1024x889.jpg 1024w, https:\/\/www.boardlife.se\/wp-content\/uploads\/2025\/03\/exway-flex-2-pro-specs2-768x667.jpg 768w, https:\/\/www.boardlife.se\/wp-content\/uploads\/2025\/03\/exway-flex-2-pro-specs2-1000x868.jpg 1000w, https:\/\/www.boardlife.se\/wp-content\/uploads\/2025\/03\/exway-flex-2-pro-specs2-100x87.jpg 100w\" sizes=\"auto, (max-width: 1200px) 100vw, 1200px\"\/> <img loading=\"lazy\" decoding=\"async\" class=\"alignleft size-full wp-image-256689\" src=\"https:\/\/www.boardlife.se\/wp-content\/uploads\/2025\/03\/exway-flex-2-pro-specs3.jpg\" alt=\"Caract\u00e9ristiques techniques de l&#039;Exway Flex 2 Pro\" width=\"1200\" height=\"1583\" srcset=\"https:\/\/www.boardlife.se\/wp-content\/uploads\/2025\/03\/exway-flex-2-pro-specs3.jpg 1200w, https:\/\/www.boardlife.se\/wp-content\/uploads\/2025\/03\/exway-flex-2-pro-specs3-152x200.jpg 152w, https:\/\/www.boardlife.se\/wp-content\/uploads\/2025\/03\/exway-flex-2-pro-specs3-720x950.jpg 720w, https:\/\/www.boardlife.se\/wp-content\/uploads\/2025\/03\/exway-flex-2-pro-specs3-227x300.jpg 227w, https:\/\/www.boardlife.se\/wp-content\/uploads\/2025\/03\/exway-flex-2-pro-specs3-776x1024.jpg 776w, https:\/\/www.boardlife.se\/wp-content\/uploads\/2025\/03\/exway-flex-2-pro-specs3-768x1013.jpg 768w, https:\/\/www.boardlife.se\/wp-content\/uploads\/2025\/03\/exway-flex-2-pro-specs3-1164x1536.jpg 1164w, https:\/\/www.boardlife.se\/wp-content\/uploads\/2025\/03\/exway-flex-2-pro-specs3-1000x1319.jpg 1000w, https:\/\/www.boardlife.se\/wp-content\/uploads\/2025\/03\/exway-flex-2-pro-specs3-100x132.jpg 100w\" sizes=\"auto, (max-width: 1200px) 100vw, 1200px\"\/> <img loading=\"lazy\" decoding=\"async\" class=\"alignleft size-full wp-image-256688\" src=\"https:\/\/www.boardlife.se\/wp-content\/uploads\/2025\/03\/exway-flex-2-pro-specs4.jpg\" alt=\"Caract\u00e9ristiques techniques de l&#039;Exway Flex 2 Pro\" width=\"1200\" height=\"1080\" srcset=\"https:\/\/www.boardlife.se\/wp-content\/uploads\/2025\/03\/exway-flex-2-pro-specs4.jpg 1200w, https:\/\/www.boardlife.se\/wp-content\/uploads\/2025\/03\/exway-flex-2-pro-specs4-200x180.jpg 200w, https:\/\/www.boardlife.se\/wp-content\/uploads\/2025\/03\/exway-flex-2-pro-specs4-720x648.jpg 720w, https:\/\/www.boardlife.se\/wp-content\/uploads\/2025\/03\/exway-flex-2-pro-specs4-300x270.jpg 300w, https:\/\/www.boardlife.se\/wp-content\/uploads\/2025\/03\/exway-flex-2-pro-specs4-1024x922.jpg 1024w, https:\/\/www.boardlife.se\/wp-content\/uploads\/2025\/03\/exway-flex-2-pro-specs4-768x691.jpg 768w, https:\/\/www.boardlife.se\/wp-content\/uploads\/2025\/03\/exway-flex-2-pro-specs4-1000x900.jpg 1000w, https:\/\/www.boardlife.se\/wp-content\/uploads\/2025\/03\/exway-flex-2-pro-specs4-100x90.jpg 100w\" sizes=\"auto, (max-width: 1200px) 100vw, 1200px\"\/> <img loading=\"lazy\" decoding=\"async\" class=\"alignleft size-full wp-image-256687\" src=\"https:\/\/www.boardlife.se\/wp-content\/uploads\/2025\/03\/exway-flex-2-pro-specs5.jpg\" alt=\"Caract\u00e9ristiques techniques de l&#039;Exway Flex 2 Pro\" width=\"1200\" height=\"1777\" srcset=\"https:\/\/www.boardlife.se\/wp-content\/uploads\/2025\/03\/exway-flex-2-pro-specs5.jpg 1200w, https:\/\/www.boardlife.se\/wp-content\/uploads\/2025\/03\/exway-flex-2-pro-specs5-135x200.jpg 135w, https:\/\/www.boardlife.se\/wp-content\/uploads\/2025\/03\/exway-flex-2-pro-specs5-720x1066.jpg 720w, https:\/\/www.boardlife.se\/wp-content\/uploads\/2025\/03\/exway-flex-2-pro-specs5-203x300.jpg 203w, https:\/\/www.boardlife.se\/wp-content\/uploads\/2025\/03\/exway-flex-2-pro-specs5-692x1024.jpg 692w, https:\/\/www.boardlife.se\/wp-content\/uploads\/2025\/03\/exway-flex-2-pro-specs5-768x1137.jpg 768w, https:\/\/www.boardlife.se\/wp-content\/uploads\/2025\/03\/exway-flex-2-pro-specs5-1037x1536.jpg 1037w, https:\/\/www.boardlife.se\/wp-content\/uploads\/2025\/03\/exway-flex-2-pro-specs5-1000x1481.jpg 1000w, https:\/\/www.boardlife.se\/wp-content\/uploads\/2025\/03\/exway-flex-2-pro-specs5-100x148.jpg 100w\" sizes=\"auto, (max-width: 1200px) 100vw, 1200px\"\/><\/p>","protected":false},"excerpt":{"rendered":"<p>Voici le produit phare d&#039;Exway dans la s\u00e9rie Flex\u00a0: la version 2 de la Pro. Une planche incroyable, puissante et confortable\u00a0! Ce nouveau mod\u00e8le offre des performances exceptionnelles et des fonctionnalit\u00e9s exceptionnelles. Vitesse de pointe de 50\u00a0km\/h d\u00e8s la sortie de la bo\u00eete. Autonomie jusqu&#039;\u00e0 45\u00a0kilom\u00e8tres avec une seule charge. Feux int\u00e9gr\u00e9s avec capteurs de freinage automatique. Gr\u00e2ce \u00e0 la nouvelle commande Rexus, vous b\u00e9n\u00e9ficiez d&#039;une meilleure visibilit\u00e9 sur l&#039;\u00e9tat de la planche et son ergonomie est exceptionnelle. Consultez les informations produit pour plus de d\u00e9tails.<\/p>\n<div><strong>Le d\u00e9lai de livraison est d&#039;environ 10 jours.<\/strong><\/div>","protected":false},"featured_media":256680,"comment_status":"open","ping_status":"closed","template":"","meta":[],"product_brand":[2558],"product_cat":[2266],"product_tag":[],"class_list":{"0":"post-256673","1":"product","2":"type-product","3":"status-publish","4":"has-post-thumbnail","6":"product_brand-exway","7":"product_cat-complete-e-skates","8":"pa_manufacturer-exway","10":"first","11":"instock","12":"taxable","13":"shipping-taxable","14":"purchasable","15":"product-type-simple"},"composite_virtual":false,"composite_layout":"","composite_add_to_cart_form_location":"","composite_editable_in_cart":false,"composite_sold_individually_context":"","composite_shop_price_calc":"","composite_components":[],"composite_scenarios":[],"jetpack_sharing_enabled":true,"_links":{"self":[{"href":"https:\/\/www.boardlife.se\/fr\/wp-json\/wp\/v2\/product\/256673","targetHints":{"allow":["GET"]}}],"collection":[{"href":"https:\/\/www.boardlife.se\/fr\/wp-json\/wp\/v2\/product"}],"about":[{"href":"https:\/\/www.boardlife.se\/fr\/wp-json\/wp\/v2\/types\/product"}],"replies":[{"embeddable":true,"href":"https:\/\/www.boardlife.se\/fr\/wp-json\/wp\/v2\/comments?post=256673"}],"wp:featuredmedia":[{"embeddable":true,"href":"https:\/\/www.boardlife.se\/fr\/wp-json\/wp\/v2\/media\/256680"}],"wp:attachment":[{"href":"https:\/\/www.boardlife.se\/fr\/wp-json\/wp\/v2\/media?parent=256673"}],"wp:term":[{"taxonomy":"product_brand","embeddable":true,"href":"https:\/\/www.boardlife.se\/fr\/wp-json\/wp\/v2\/product_brand?post=256673"},{"taxonomy":"product_cat","embeddable":true,"href":"https:\/\/www.boardlife.se\/fr\/wp-json\/wp\/v2\/product_cat?post=256673"},{"taxonomy":"product_tag","embeddable":true,"href":"https:\/\/www.boardlife.se\/fr\/wp-json\/wp\/v2\/product_tag?post=256673"}],"curies":[{"name":"wp","href":"https:\/\/api.w.org\/{rel}","templated":true}]}}