{"id":248536,"date":"2025-01-07T17:34:52","date_gmt":"2025-01-07T16:34:52","guid":{"rendered":"https:\/\/www.boardlife.se\/?post_type=product&#038;p=248536"},"modified":"2025-01-07T17:53:30","modified_gmt":"2025-01-07T16:53:30","slug":"support-adhesif-magnetique-shredlights","status":"publish","type":"product","link":"https:\/\/www.boardlife.se\/fr\/boutique\/skateboard-electrique\/pieces-detachees-electriques\/lumieres\/support-adhesif-magnetique-shredlights\/","title":{"rendered":"Support adh\u00e9sif magn\u00e9tique de ShredLight"},"content":{"rendered":"<p>Shredlights est, comme vous le savez sans doute, une des marques les plus branch\u00e9es du march\u00e9 en mati\u00e8re d&#039;\u00e9clairage. Tous les supports sont compatibles avec toutes les lampes. Cependant, la particularit\u00e9 de ce support r\u00e9side dans ses aimants puissants qui permettent de le retirer compl\u00e8tement pour garder votre planche (ou tout autre support) plus propre. Chaque emballage contient un support magn\u00e9tique et une plaque m\u00e9tallique.<\/p>\n<p>Si vous poss\u00e9dez une planche \u00e9lectrique, il est important de ne pas placer le support magn\u00e9tique sur votre contr\u00f4leur de vitesse \u00e9lectronique (ESC), car cela peut interf\u00e9rer avec l&#039;\u00e9lectronique.<\/p>","protected":false},"excerpt":{"rendered":"<p>Ett supersmidigt magnetf\u00e4ste f\u00f6r ShredLights som g\u00f6r att du kan s\u00e4tta fast en lampa p\u00e5 vilken yta du vill och enkelt lyfta bort hela f\u00e4stet om du inte vill ha det kvar p\u00e5 br\u00e4dan. P\u00e5 magnetkopplingen s\u00e4tts ett vanligt Sticky Mount. Magnetkopplingen \u00e4r gjord p\u00e5 ett s\u00e4tt som riktar in f\u00e4stet s\u00e5 att det hamnar i r\u00e4tt position varje g\u00e5ng.<\/p>\n<p>Detta magnetf\u00e4ste s\u00e4ljs styckvis.<\/p>","protected":false},"featured_media":248541,"comment_status":"open","ping_status":"closed","template":"","meta":[],"product_brand":[2611],"product_cat":[2132,2261],"product_tag":[],"class_list":{"0":"post-248536","1":"product","2":"type-product","3":"status-publish","4":"has-post-thumbnail","6":"product_brand-shredlights","7":"product_cat-belysning","8":"product_cat-lights","9":"pa_manufacturer-shredlights","11":"first","12":"instock","13":"taxable","14":"shipping-taxable","15":"purchasable","16":"product-type-simple"},"composite_virtual":false,"composite_layout":"","composite_add_to_cart_form_location":"","composite_editable_in_cart":false,"composite_sold_individually_context":"","composite_shop_price_calc":"","composite_components":[],"composite_scenarios":[],"jetpack_sharing_enabled":true,"_links":{"self":[{"href":"https:\/\/www.boardlife.se\/fr\/wp-json\/wp\/v2\/product\/248536","targetHints":{"allow":["GET"]}}],"collection":[{"href":"https:\/\/www.boardlife.se\/fr\/wp-json\/wp\/v2\/product"}],"about":[{"href":"https:\/\/www.boardlife.se\/fr\/wp-json\/wp\/v2\/types\/product"}],"replies":[{"embeddable":true,"href":"https:\/\/www.boardlife.se\/fr\/wp-json\/wp\/v2\/comments?post=248536"}],"wp:featuredmedia":[{"embeddable":true,"href":"https:\/\/www.boardlife.se\/fr\/wp-json\/wp\/v2\/media\/248541"}],"wp:attachment":[{"href":"https:\/\/www.boardlife.se\/fr\/wp-json\/wp\/v2\/media?parent=248536"}],"wp:term":[{"taxonomy":"product_brand","embeddable":true,"href":"https:\/\/www.boardlife.se\/fr\/wp-json\/wp\/v2\/product_brand?post=248536"},{"taxonomy":"product_cat","embeddable":true,"href":"https:\/\/www.boardlife.se\/fr\/wp-json\/wp\/v2\/product_cat?post=248536"},{"taxonomy":"product_tag","embeddable":true,"href":"https:\/\/www.boardlife.se\/fr\/wp-json\/wp\/v2\/product_tag?post=248536"}],"curies":[{"name":"wp","href":"https:\/\/api.w.org\/{rel}","templated":true}]}}