{"id":245488,"date":"2024-11-18T15:39:38","date_gmt":"2024-11-18T14:39:38","guid":{"rendered":"https:\/\/www.boardlife.se\/?post_type=product&#038;p=245488"},"modified":"2025-05-08T08:14:33","modified_gmt":"2025-05-08T06:14:33","slug":"feux-arriere-shredlights-sl-r1-feux-stop-rouges","status":"publish","type":"product","link":"https:\/\/www.boardlife.se\/fr\/boutique\/skateboard-electrique\/pieces-detachees-electriques\/lumieres\/feux-arriere-shredlights-sl-r1-feux-stop-rouges\/","title":{"rendered":"ShredLights SL-R1+ Feux arri\u00e8re rouges (feux stop)"},"content":{"rendered":"<p>Probablement les \u00e9clairages les plus performants pour votre planche. ShredLights est sp\u00e9cialis\u00e9 dans la production d&#039;\u00e9clairages lumineux et efficaces pour votre planche. Bien s\u00fbr, il existe de nombreuses autres options d&#039;\u00e9clairage, mais la force de ShredLights r\u00e9side dans ses nombreuses fonctionnalit\u00e9s. La s\u00e9rie \u00ab\u00a0+\u00a0\u00bb offre \u00e9galement de nombreux avantages, notamment la connexion \u00e0 une application intelligente et ses capteurs. Gr\u00e2ce \u00e0 l&#039;application, vous pouvez suivre le niveau de batterie de chaque lampe. Elles peuvent \u00eatre connect\u00e9es en s\u00e9rie ou en groupe, ce qui signifie qu&#039;il suffit d&#039;allumer ou d&#039;\u00e9teindre une seule lampe pour que toutes les autres r\u00e9agissent. Elles peuvent \u00e9galement d\u00e9tecter lorsque vous vous tenez debout sur la planche ou que vous appuyez dessus pour les r\u00e9veiller. De plus, elles sont \u00e9quip\u00e9es de capteurs de freinage, un atout majeur\u00a0! Lorsqu&#039;elles d\u00e9tectent un freinage, la luminosit\u00e9 augmente et diffuse une lumi\u00e8re intense. Pour ce faire, les lampes doivent \u00eatre mont\u00e9es \u00e0 l&#039;envers et parall\u00e8les au sol.<\/p>\n<p>Vous recevrez une paire de lumi\u00e8res robustes, \u00e9tanches et durables, faciles \u00e0 installer sur la plupart des longboards et planches \u00e9lectriques du march\u00e9. Il suffit de les clipser et de les retirer pour ne pas les avoir sur la planche pendant vos sorties. Ainsi, elles ne vous g\u00eanent pas lorsque vous n&#039;en avez pas besoin. Le chargement est facile gr\u00e2ce \u00e0 un connecteur USB-C sur chaque lumi\u00e8re. Un c\u00e2ble de charge suppl\u00e9mentaire avec 4 ports USB-C est disponible s\u00e9par\u00e9ment. Vous trouverez peut-\u00eatre une autre lumi\u00e8re compatible, mais vous ne trouverez pas de solution aussi personnalis\u00e9e et fiable pour votre planche que ShredLights. Procurez-vous une paire de lumi\u00e8res pour \u00eatre visible et \u00eatre s\u00fbr que tout le monde vous voit lorsque vous roulez \u00e0 toute vitesse. Une assurance abordable\u00a0! Ces lumi\u00e8res sont si puissantes que vous \u00eates visible \u00e0 plus de 2\u00a0km\u00a0!<\/p>\n<p>Ces feux correspondent aux feux avant SL-300+ bien qu&#039;il s&#039;agisse des feux arri\u00e8re.<\/p>\n<p><iframe loading=\"lazy\" title=\"Les lumi\u00e8res de skateboard les plus populaires viennent de b\u00e9n\u00e9ficier de grandes am\u00e9liorations\u00a0!\" width=\"500\" height=\"281\" src=\"https:\/\/www.youtube.com\/embed\/B6cKnAgAZ84?feature=oembed\" frameborder=\"0\" allow=\"accelerometer; autoplay; clipboard-write; encrypted-media; gyroscope; picture-in-picture; web-share\" referrerpolicy=\"strict-origin-when-cross-origin\" allowfullscreen><\/iframe><\/p>\n<p><strong>Le forfait comprend :<\/strong><\/p>\n<ul>\n<li>2 feux arri\u00e8re SL-R1<\/li>\n<li>&nbsp;1 c\u00e2ble de chargement double USB-C<\/li>\n<li>En option avec le support souhait\u00e9.<\/li>\n<\/ul>\n<p><strong>Caract\u00e9ristiques:<\/strong><\/p>\n<ul>\n<li><b>Contr\u00f4le sans fil :&nbsp;<\/b>Associez la lumi\u00e8re \u00e0 l&#039;application et la lumi\u00e8re \u00e0 la lumi\u00e8re via Bluetooth<\/li>\n<li><strong>Niveaux de luminosit\u00e9 :<\/strong>&nbsp;SL-300+ = 0-300 lumens | SL-R1+ = 0-40 lumens<\/li>\n<li><strong>Batterie rechargeable :<\/strong>&nbsp;Charge en 2 heures via USB-C<\/li>\n<li><strong>Autonomie de la batterie :<\/strong>&nbsp;SL-300+ = 2 heures (min) \u2013 20 heures (max) | SL-R1+ = 6 heures (min) \u2013 60 heures (max)<\/li>\n<li><strong>3 modes de flash :&nbsp;<\/strong>Lent, rapide et explosif<\/li>\n<li><strong>Synchronisation de groupe\u00a0:<\/strong>&nbsp;Synchroniser les modes de flash sur plusieurs lumi\u00e8res<\/li>\n<li><strong>4 modes de freinage&nbsp;<em>(SL-R1+ uniquement)<\/em>:<em>&nbsp;<\/em><\/strong>Constant\/Freinage, Clignotement lent\/Freinage, Clignotement rapide\/Freinage, Clignotement en rafale\/Freinage<\/li>\n<li><strong>Montage S-LOCK :<\/strong>&nbsp;Compatible avec tous les supports S-LOCK<\/li>\n<li><strong>Taille compacte :&nbsp;<\/strong>1\u2033 x 3\u2033 x 1\u2033 | 50 grammes par lumi\u00e8re<\/li>\n<li><strong>Marche\/arr\u00eat automatique :<\/strong>&nbsp;Allumer les lumi\u00e8res avec le mouvement et les \u00e9teindre lorsque le mouvement s&#039;arr\u00eate pendant 2 minutes<\/li>\n<\/ul>\n<p>Les \u00e9clairages intelligents compacts SL-300+ et SL-R1+ sont les compagnons id\u00e9aux pour vos sorties nocturnes. Contr\u00f4lez vos \u00e9clairages sans fil via Bluetooth et synchronisez-les avec l&#039;application et entre eux. R\u00e9glez facilement la luminosit\u00e9 jusqu&#039;\u00e0 300 lumens par \u00e9clairage. Restez visible gr\u00e2ce aux 3 modes de flash et \u00e0 la synchronisation de groupe, qui activent tous les feux simultan\u00e9ment pour plus de s\u00e9curit\u00e9. Utilisez le mode freinage pour signaler automatiquement aux autres que vous ralentissez. Compatibles avec tous les supports S-LOCK, ils s&#039;installent facilement sur tous vos trajets. Profitez du confort de l&#039;allumage\/extinction automatique\u00a0: plus besoin d&#039;appuyer sur un bouton. Commandez d\u00e8s maintenant et roulez plus en s\u00e9curit\u00e9 et plus sereinement\u00a0!<\/p>","protected":false},"excerpt":{"rendered":"<p>ShredLights \u00e4r utan tvekan de mest ledande alternativen p\u00e5 ljus till eskate och alla andra t\u00e4nkbara aktiviteter d\u00e4r ute. Starka lampor finns m\u00e5nga andra alternativ p\u00e5 men ShredLights bjuder p\u00e5 m\u00e5nga styrkor. &#8220;+ Serien&#8221; ger dig access till en app som l\u00e5ter dig anpassa dina lampor precis som du \u00f6nskar. F\u00f6r dig som ocks\u00e5 k\u00f6per framljus s\u00e5 kan du dessutom parkoppla alla. S\u00e5 med ett knapptryck p\u00e5 en lampa startar alla. Inbyggda sensorer g\u00f6r att de kan starta p\u00e5 automatik n\u00e4r du st\u00e4ller dig p\u00e5 br\u00e4dan. Men ocks\u00e5 sensorerna som k\u00e4nner av inbromsning och automatiskt \u00f6kar ljusstyrkan n\u00e4r du bromsar med br\u00e4dan(!). En stor f\u00f6rdel \u00e4r kvaliteten som ShredLights erbjuder men ocks\u00e5 deras universella f\u00e4ste som g\u00f6r att du kan kombinera alla deras lampor med samma f\u00e4ste.<\/p>\n<p>Lamporna g\u00e5r att best\u00e4lla enbart eller med ett \u00f6nskat f\u00e4ste. Du f\u00e5r oavsett 2 r\u00f6da lampor i detta paket.<\/p>","protected":false},"featured_media":245497,"comment_status":"open","ping_status":"closed","template":"","meta":[],"product_brand":[2611],"product_cat":[2132,2261],"product_tag":[],"class_list":{"0":"post-245488","1":"product","2":"type-product","3":"status-publish","4":"has-post-thumbnail","6":"product_brand-shredlights","7":"product_cat-belysning","8":"product_cat-lights","9":"pa_manufacturer-shredlights","11":"first","12":"instock","13":"taxable","14":"shipping-taxable","15":"purchasable","16":"product-type-variable","17":"has-default-attributes"},"composite_virtual":false,"composite_layout":"","composite_add_to_cart_form_location":"","composite_editable_in_cart":false,"composite_sold_individually_context":"","composite_shop_price_calc":"","composite_components":[],"composite_scenarios":[],"jetpack_sharing_enabled":true,"_links":{"self":[{"href":"https:\/\/www.boardlife.se\/fr\/wp-json\/wp\/v2\/product\/245488","targetHints":{"allow":["GET"]}}],"collection":[{"href":"https:\/\/www.boardlife.se\/fr\/wp-json\/wp\/v2\/product"}],"about":[{"href":"https:\/\/www.boardlife.se\/fr\/wp-json\/wp\/v2\/types\/product"}],"replies":[{"embeddable":true,"href":"https:\/\/www.boardlife.se\/fr\/wp-json\/wp\/v2\/comments?post=245488"}],"wp:featuredmedia":[{"embeddable":true,"href":"https:\/\/www.boardlife.se\/fr\/wp-json\/wp\/v2\/media\/245497"}],"wp:attachment":[{"href":"https:\/\/www.boardlife.se\/fr\/wp-json\/wp\/v2\/media?parent=245488"}],"wp:term":[{"taxonomy":"product_brand","embeddable":true,"href":"https:\/\/www.boardlife.se\/fr\/wp-json\/wp\/v2\/product_brand?post=245488"},{"taxonomy":"product_cat","embeddable":true,"href":"https:\/\/www.boardlife.se\/fr\/wp-json\/wp\/v2\/product_cat?post=245488"},{"taxonomy":"product_tag","embeddable":true,"href":"https:\/\/www.boardlife.se\/fr\/wp-json\/wp\/v2\/product_tag?post=245488"}],"curies":[{"name":"wp","href":"https:\/\/api.w.org\/{rel}","templated":true}]}}