{"id":229041,"date":"2024-07-26T14:33:36","date_gmt":"2024-07-26T12:33:36","guid":{"rendered":"https:\/\/www.boardlife.se\/?post_type=product&#038;p=229041"},"modified":"2024-07-26T14:33:36","modified_gmt":"2024-07-26T12:33:36","slug":"penny-4-camions-de-nickel-bleus","status":"publish","type":"product","link":"https:\/\/www.boardlife.se\/fr\/boutique\/skateboard\/composants-de-skateboard\/camions-skateboard\/penny-4-camions-de-nickel-bleus\/","title":{"rendered":"Camions Penny 4\u2033 Nickel Bleu"},"content":{"rendered":"<p>Un jeu de trucks Penny 4\u2033. Livr\u00e9 dans sa bo\u00eete d&#039;origine en parfait \u00e9tat. Une bonne affaire pour ceux qui recherchent de bons trucks pour leur Penny Nickel ou une planche de taille similaire.<\/p>","protected":false},"excerpt":{"rendered":"<p>Penny originaltruckar i formatet 4&#8243;. Passar perfekt till modellen Nickel eller om du vill ha ett par riktigt fina truckar till din crusier av annat fabrikat. Truckarna kommer i en originalkarton. En fantastiskt bl\u00e5 sk\u00f6n f\u00e4rg ger dessa truckar en grymt snygg look. Priset inkluderar tv\u00e5 truckar!<\/p>","protected":false},"featured_media":229042,"comment_status":"open","ping_status":"closed","template":"","meta":[],"product_brand":[2591],"product_cat":[1306],"product_tag":[],"class_list":{"0":"post-229041","1":"product","2":"type-product","3":"status-publish","4":"has-post-thumbnail","6":"product_brand-penny-skateboards","7":"product_cat-trucks-skateboard","8":"pa_manufacturer-penny-skateboards","10":"first","11":"instock","12":"taxable","13":"shipping-taxable","14":"purchasable","15":"product-type-simple"},"composite_virtual":false,"composite_layout":"","composite_add_to_cart_form_location":"","composite_editable_in_cart":false,"composite_sold_individually_context":"","composite_shop_price_calc":"","composite_components":[],"composite_scenarios":[],"jetpack_sharing_enabled":true,"_links":{"self":[{"href":"https:\/\/www.boardlife.se\/fr\/wp-json\/wp\/v2\/product\/229041","targetHints":{"allow":["GET"]}}],"collection":[{"href":"https:\/\/www.boardlife.se\/fr\/wp-json\/wp\/v2\/product"}],"about":[{"href":"https:\/\/www.boardlife.se\/fr\/wp-json\/wp\/v2\/types\/product"}],"replies":[{"embeddable":true,"href":"https:\/\/www.boardlife.se\/fr\/wp-json\/wp\/v2\/comments?post=229041"}],"wp:featuredmedia":[{"embeddable":true,"href":"https:\/\/www.boardlife.se\/fr\/wp-json\/wp\/v2\/media\/229042"}],"wp:attachment":[{"href":"https:\/\/www.boardlife.se\/fr\/wp-json\/wp\/v2\/media?parent=229041"}],"wp:term":[{"taxonomy":"product_brand","embeddable":true,"href":"https:\/\/www.boardlife.se\/fr\/wp-json\/wp\/v2\/product_brand?post=229041"},{"taxonomy":"product_cat","embeddable":true,"href":"https:\/\/www.boardlife.se\/fr\/wp-json\/wp\/v2\/product_cat?post=229041"},{"taxonomy":"product_tag","embeddable":true,"href":"https:\/\/www.boardlife.se\/fr\/wp-json\/wp\/v2\/product_tag?post=229041"}],"curies":[{"name":"wp","href":"https:\/\/api.w.org\/{rel}","templated":true}]}}