{"id":225992,"date":"2024-07-11T22:30:24","date_gmt":"2024-07-11T20:30:24","guid":{"rendered":"https:\/\/www.boardlife.se\/?post_type=product&#038;p=225992"},"modified":"2024-07-11T22:40:51","modified_gmt":"2024-07-11T20:40:51","slug":"chargeur-evolve-hadean-renegade-5a","status":"publish","type":"product","link":"https:\/\/www.boardlife.se\/fr\/boutique\/skateboard-electrique\/pieces-detachees-electriques\/chargeurs\/chargeur-evolve-hadean-renegade-5a\/","title":{"rendered":"Chargeur Evolve Hadean\/Renegade 5A"},"content":{"rendered":"<p>Chargeur 5A pour Evolve Hadean\/Renegade. Si vous utilisez votre planche pour vos trajets domicile-travail, un chargeur suppl\u00e9mentaire est une bonne id\u00e9e pour toujours avoir de la batterie charg\u00e9e. Ce chargeur est con\u00e7u pour supporter une tension \u00e9lev\u00e9e.<\/p>\n<h3>Chargeur Hadean 5A<\/h3>\n<div>\n<ul>\n<li><strong>CARACT\u00c9RISTIQUES<\/strong>&nbsp;Arr\u00eat automatique et amp\u00e9rage plus \u00e9lev\u00e9 pour r\u00e9duire votre temps de charge et vous permettre de reprendre rapidement vos activit\u00e9s !<\/li>\n<li><strong>PORT&nbsp;<\/strong>connecteur \u00e0 3 broches<\/li>\n<li><strong>COMPATIBILIT\u00c9<\/strong>&nbsp;Compatible uniquement avec la s\u00e9rie Hadean<\/li>\n<li><strong>RECHARGER<\/strong>&nbsp;3 \u00e0 4 heures<\/li>\n<\/ul>\n<\/div>\n<h3>Conseils de recharge !<\/h3>\n<ul>\n<li>Laissez la carte refroidir pendant 30 minutes avant de la recharger.<\/li>\n<li>Le voyant du chargeur sera rouge pendant la charge de la batterie et deviendra vert une fois la charge termin\u00e9e.<\/li>\n<li>\u00c9vitez de laisser le chargeur branch\u00e9 \u00e0 la carte lorsque la batterie est compl\u00e8tement charg\u00e9e.<\/li>\n<li>Utilisez uniquement le chargeur de batterie d&#039;origine fourni avec votre planche de skateboard.<\/li>\n<li>Nos chargeurs de batterie sont con\u00e7us pour une tension de 110 \u00e0 240 volts et peuvent \u00eatre utilis\u00e9s en toute s\u00e9curit\u00e9 \u00e0 l&#039;\u00e9tranger avec un adaptateur de voyage.<\/li>\n<li>Consultez d&#039;autres conseils de recharge dans votre&nbsp;<a title=\"Manuels d&#039;utilisation\" href=\"https:\/\/help.evolveskateboards.com\/en-US\/downloadable-user-manuals-43007\" target=\"_blank\" rel=\"noopener noreferrer\">Manuel d&#039;utilisation<\/a>.<\/li>\n<\/ul>","protected":false},"excerpt":{"rendered":"<p>Chargeur neuf d&#039;origine pour votre Evolve Hadean\/Renegade. Id\u00e9al pour ceux qui pr\u00e9f\u00e8rent \u00e9viter d&#039;emporter leur chargeur en d\u00e9placement et qui souhaitent en laisser un \u00e0 la maison et un au travail, par exemple. Ce chargeur est dot\u00e9 d&#039;un arr\u00eat automatique int\u00e9gr\u00e9 et est adapt\u00e9 aux hautes tensions.<\/p>","protected":false},"featured_media":225995,"comment_status":"open","ping_status":"closed","template":"","meta":[],"product_brand":[2557],"product_cat":[2262],"product_tag":[],"class_list":{"0":"post-225992","1":"product","2":"type-product","3":"status-publish","4":"has-post-thumbnail","6":"product_brand-evolve-skateboards","7":"product_cat-chargers","8":"pa_manufacturer-evolve","10":"first","11":"instock","12":"taxable","13":"shipping-taxable","14":"purchasable","15":"product-type-simple"},"composite_virtual":false,"composite_layout":"","composite_add_to_cart_form_location":"","composite_editable_in_cart":false,"composite_sold_individually_context":"","composite_shop_price_calc":"","composite_components":[],"composite_scenarios":[],"jetpack_sharing_enabled":true,"_links":{"self":[{"href":"https:\/\/www.boardlife.se\/fr\/wp-json\/wp\/v2\/product\/225992","targetHints":{"allow":["GET"]}}],"collection":[{"href":"https:\/\/www.boardlife.se\/fr\/wp-json\/wp\/v2\/product"}],"about":[{"href":"https:\/\/www.boardlife.se\/fr\/wp-json\/wp\/v2\/types\/product"}],"replies":[{"embeddable":true,"href":"https:\/\/www.boardlife.se\/fr\/wp-json\/wp\/v2\/comments?post=225992"}],"wp:featuredmedia":[{"embeddable":true,"href":"https:\/\/www.boardlife.se\/fr\/wp-json\/wp\/v2\/media\/225995"}],"wp:attachment":[{"href":"https:\/\/www.boardlife.se\/fr\/wp-json\/wp\/v2\/media?parent=225992"}],"wp:term":[{"taxonomy":"product_brand","embeddable":true,"href":"https:\/\/www.boardlife.se\/fr\/wp-json\/wp\/v2\/product_brand?post=225992"},{"taxonomy":"product_cat","embeddable":true,"href":"https:\/\/www.boardlife.se\/fr\/wp-json\/wp\/v2\/product_cat?post=225992"},{"taxonomy":"product_tag","embeddable":true,"href":"https:\/\/www.boardlife.se\/fr\/wp-json\/wp\/v2\/product_tag?post=225992"}],"curies":[{"name":"wp","href":"https:\/\/api.w.org\/{rel}","templated":true}]}}