{"id":225989,"date":"2024-07-11T22:07:08","date_gmt":"2024-07-11T20:07:08","guid":{"rendered":"https:\/\/www.boardlife.se\/?post_type=product&#038;p=225989"},"modified":"2025-07-19T23:42:21","modified_gmt":"2025-07-19T21:42:21","slug":"pneu-terrain-evolve-surge-noir-175-mm","status":"publish","type":"product","link":"https:\/\/www.boardlife.se\/fr\/boutique\/skateboard-electrique\/pieces-detachees-electriques\/roues-pneus\/pneu-terrain-evolve-surge-noir-175-mm\/","title":{"rendered":"Pneu tout-terrain Evolve Surge noir 175 mm"},"content":{"rendered":"<p>Nouveau pneu tout-terrain pour votre skate \u00e9lectrique. Ce mod\u00e8le, le Surge Black, est mont\u00e9 de s\u00e9rie avec les jantes Hadean et GTR2. Il offre les m\u00eames dimensions que les pneus pr\u00e9c\u00e9dents, mais son profil assure une surface de roulement plus lisse que sur les chemins de terre. Pour les utilisateurs d&#039;Exway, ces pneus sont parfaitement compatibles avec leurs jantes.<\/p>\n<p>Ses dimensions sont de 175 mm x 50 mm. Le pneu est vendu \u00e0 l&#039;unit\u00e9.<\/p>\n<p>N&#039;oubliez pas non plus que vous pourriez avoir besoin de la chambre \u00e0 air adapt\u00e9e aux pneus de 175 mm si vous ne l&#039;avez pas d\u00e9j\u00e0.<\/p>\n<p>&nbsp;<\/p>\n<p><strong>Veuillez noter que ceci ne concerne qu&#039;un seul pneu.<\/strong><\/p>\n<p>Nous avons pris tout ce que nous aimons dans les pneus de skateboard pneumatiques et nous l&#039;avons combin\u00e9 pour cr\u00e9er un pneu con\u00e7u sp\u00e9cifiquement pour r\u00e9sister aux exigences du skateboard \u00e9lectrique.<\/p>\n<p>Des flancs renforc\u00e9s pour une meilleure r\u00e9sistance du pneu, une gomme \u00e9paisse et dure pour une dur\u00e9e de vie in\u00e9gal\u00e9e et une bande de roulement qui vous garantit une conduite souple quel que soit le chemin emprunt\u00e9 !<\/p>\n<h3><strong>Contenu<\/strong><\/h3>\n<ul>\n<li>1 pneu tout-terrain&nbsp;<em>Pour commander un lot de 4, veuillez s\u00e9lectionner la quantit\u00e9, puis ajouter au panier.<\/em><\/li>\n<\/ul>\n<h3><span data-preserver-spaces=\"true\">Compatibilit\u00e9<\/span><\/h3>\n<ul>\n<li><strong><span data-preserver-spaces=\"true\">Surtension<\/span><\/strong><span data-preserver-spaces=\"true\">Ce mod\u00e8le a \u00e9t\u00e9 commercialis\u00e9 avec les cartes m\u00e8res des s\u00e9ries Hadean et GTR2.<\/span><\/li>\n<li><strong><span data-preserver-spaces=\"true\">Relais<\/span><\/strong><span data-preserver-spaces=\"true\">Ce mod\u00e8le a \u00e9t\u00e9 commercialis\u00e9 avec les cartes m\u00e8res des s\u00e9ries GTR1 et GT.<\/span><\/li>\n<\/ul>\n<p><strong>* Veuillez noter que vous aurez besoin des engrenages d&#039;entra\u00eenement, des courroies,&nbsp;<a href=\"https:\/\/www.rideevolve.com\/products\/evolve-inner-tube\">chambres \u00e0 air de 7 pouces<\/a>&nbsp;et des moyeux pour utiliser ces pneus.<\/strong><\/p>","protected":false},"excerpt":{"rendered":"<p>Pneus tout-terrain pour Evolve 175 mm. Ces jantes tout-terrain \u00e9quipent d&#039;origine Hadean et GTR2. Leur profil plus lisse assure une bonne adh\u00e9rence sur l&#039;asphalte. Ces pneus sont identiques \u00e0 ceux d&#039;Exway, vous pouvez donc les monter sur une planche Exway. Par ailleurs, ils sont identiques \u00e0 ceux des autres planches tout-terrain Evolve, avec des dimensions de 175 x 50 mm.<\/p>\n<p>Le pneu est vendu \u00e0 l&#039;unit\u00e9 et sans jante ni chambre \u00e0 air, que vous devrez acheter s\u00e9par\u00e9ment.<\/p>","protected":false},"featured_media":225990,"comment_status":"open","ping_status":"closed","template":"","meta":[],"product_brand":[2557,2558],"product_cat":[2265],"product_tag":[],"class_list":{"0":"post-225989","1":"product","2":"type-product","3":"status-publish","4":"has-post-thumbnail","6":"product_brand-evolve-skateboards","7":"product_brand-exway","8":"product_cat-wheels-tires","9":"pa_diameter-175mm","10":"pa_manufacturer-evolve","12":"first","13":"outofstock","14":"taxable","15":"shipping-taxable","16":"purchasable","17":"product-type-simple"},"composite_virtual":false,"composite_layout":"","composite_add_to_cart_form_location":"","composite_editable_in_cart":false,"composite_sold_individually_context":"","composite_shop_price_calc":"","composite_components":[],"composite_scenarios":[],"jetpack_sharing_enabled":true,"_links":{"self":[{"href":"https:\/\/www.boardlife.se\/fr\/wp-json\/wp\/v2\/product\/225989","targetHints":{"allow":["GET"]}}],"collection":[{"href":"https:\/\/www.boardlife.se\/fr\/wp-json\/wp\/v2\/product"}],"about":[{"href":"https:\/\/www.boardlife.se\/fr\/wp-json\/wp\/v2\/types\/product"}],"replies":[{"embeddable":true,"href":"https:\/\/www.boardlife.se\/fr\/wp-json\/wp\/v2\/comments?post=225989"}],"wp:featuredmedia":[{"embeddable":true,"href":"https:\/\/www.boardlife.se\/fr\/wp-json\/wp\/v2\/media\/225990"}],"wp:attachment":[{"href":"https:\/\/www.boardlife.se\/fr\/wp-json\/wp\/v2\/media?parent=225989"}],"wp:term":[{"taxonomy":"product_brand","embeddable":true,"href":"https:\/\/www.boardlife.se\/fr\/wp-json\/wp\/v2\/product_brand?post=225989"},{"taxonomy":"product_cat","embeddable":true,"href":"https:\/\/www.boardlife.se\/fr\/wp-json\/wp\/v2\/product_cat?post=225989"},{"taxonomy":"product_tag","embeddable":true,"href":"https:\/\/www.boardlife.se\/fr\/wp-json\/wp\/v2\/product_tag?post=225989"}],"curies":[{"name":"wp","href":"https:\/\/api.w.org\/{rel}","templated":true}]}}