{"id":215833,"date":"2024-06-04T15:20:04","date_gmt":"2024-06-04T13:20:04","guid":{"rendered":"https:\/\/www.boardlife.se\/?post_type=product&#038;p=215833"},"modified":"2025-03-03T08:09:44","modified_gmt":"2025-03-03T07:09:44","slug":"exway-camion-triste-7-vagues","status":"publish","type":"product","link":"https:\/\/www.boardlife.se\/fr\/boutique\/skateboard-electrique\/pieces-detachees-electriques\/camion-de-skate-electrique\/exway-camion-triste-7-vagues\/","title":{"rendered":"Camion Exway Trist 7\u2033 pour Wave"},"content":{"rendered":"<p>Pour ceux qui ont besoin d&#039;un nouveau truck pour leur Exway Wave, le Tristtruck 7\u2033 est celui qu&#039;il vous faut. Choisissez entre le truck avant et le truck arri\u00e8re. Le truck arri\u00e8re est celui qui supporte les moteurs. Vous pouvez \u00e9galement pr\u00e9ciser si vous poss\u00e9dez un mod\u00e8le Riot ou Hub. Le truck arri\u00e8re diff\u00e8re selon le mod\u00e8le. Attention\u00a0: les trucks sont vendus s\u00e9par\u00e9ment\u00a0!<\/p>","protected":false},"excerpt":{"rendered":"<p>Tristtrucken fr\u00e5n Exway har varit en succ\u00e9 sedan den blev standard p\u00e5 alla deras br\u00e4dmodeller. Ibland h\u00e4nder det dock att man beh\u00f6ver byta trucken av n\u00e5gon anledning och d\u00e5 har du dem h\u00e4r. Trist 7.0&#8243; \u00e4r den modell som passar p\u00e5 Wave. Du v\u00e4ljer om du beh\u00f6ver fram eller baktruck samt vilket drivsystem du har f\u00f6r att f\u00e5 r\u00e4tt utf\u00f6rande.<\/p>","protected":false},"featured_media":215839,"comment_status":"open","ping_status":"closed","template":"","meta":[],"product_brand":[2558],"product_cat":[2421],"product_tag":[],"class_list":{"0":"post-215833","1":"product","2":"type-product","3":"status-publish","4":"has-post-thumbnail","6":"product_brand-exway","7":"product_cat-e-skate-truck","8":"pa_manufacturer-exway","9":"pa_truckplacering-dropthrough","10":"pa_width-95-241cm","12":"first","13":"instock","14":"taxable","15":"shipping-taxable","16":"purchasable","17":"product-type-variable","18":"has-default-attributes"},"composite_virtual":false,"composite_layout":"","composite_add_to_cart_form_location":"","composite_editable_in_cart":false,"composite_sold_individually_context":"","composite_shop_price_calc":"","composite_components":[],"composite_scenarios":[],"jetpack_sharing_enabled":true,"_links":{"self":[{"href":"https:\/\/www.boardlife.se\/fr\/wp-json\/wp\/v2\/product\/215833","targetHints":{"allow":["GET"]}}],"collection":[{"href":"https:\/\/www.boardlife.se\/fr\/wp-json\/wp\/v2\/product"}],"about":[{"href":"https:\/\/www.boardlife.se\/fr\/wp-json\/wp\/v2\/types\/product"}],"replies":[{"embeddable":true,"href":"https:\/\/www.boardlife.se\/fr\/wp-json\/wp\/v2\/comments?post=215833"}],"wp:featuredmedia":[{"embeddable":true,"href":"https:\/\/www.boardlife.se\/fr\/wp-json\/wp\/v2\/media\/215839"}],"wp:attachment":[{"href":"https:\/\/www.boardlife.se\/fr\/wp-json\/wp\/v2\/media?parent=215833"}],"wp:term":[{"taxonomy":"product_brand","embeddable":true,"href":"https:\/\/www.boardlife.se\/fr\/wp-json\/wp\/v2\/product_brand?post=215833"},{"taxonomy":"product_cat","embeddable":true,"href":"https:\/\/www.boardlife.se\/fr\/wp-json\/wp\/v2\/product_cat?post=215833"},{"taxonomy":"product_tag","embeddable":true,"href":"https:\/\/www.boardlife.se\/fr\/wp-json\/wp\/v2\/product_tag?post=215833"}],"curies":[{"name":"wp","href":"https:\/\/api.w.org\/{rel}","templated":true}]}}