{"id":214847,"date":"2024-05-29T18:07:23","date_gmt":"2024-05-29T16:07:23","guid":{"rendered":"https:\/\/www.boardlife.se\/?post_type=product&#038;p=214847"},"modified":"2025-11-20T11:57:13","modified_gmt":"2025-11-20T10:57:13","slug":"pneu-tout-terrain-exway-noir-175-mm","status":"publish","type":"product","link":"https:\/\/www.boardlife.se\/fr\/boutique\/skateboard-electrique\/pieces-detachees-electriques\/roues-pneus\/pneu-tout-terrain-exway-noir-175-mm\/","title":{"rendered":"Pneu tout-terrain Exway noir 175 mm"},"content":{"rendered":"<p>Pour ceux qui ont besoin de nouveaux pneus pour leur Exway, nous vous proposons des pneus tout-terrain. Noirs et au look classique, ils sont compatibles avec les jantes Exway et ont les m\u00eames dimensions de jante\/moyeu que d&#039;autres marques comme Evolve. Leur structure tout-terrain classique assure une bonne adh\u00e9rence sur route lorsque vous ne roulez pas hors-piste. Ce pneu plus large est id\u00e9al pour ceux qui recherchent une meilleure traction sur les terrains difficiles ou les surfaces en mauvais \u00e9tat.<\/p>\n<p>Les dimensions sont de 175 mm x 50 mm, ce qui signifie qu&#039;elles sont identiques \u00e0 celles des jantes Evolve, par exemple, mais \u00e9galement \u00e0 celles des jantes Evolve elles-m\u00eames, qui utilisent la m\u00eame norme.<\/p>\n<p>Le pneu est vendu \u00e0 l&#039;unit\u00e9.<\/p>\n<p>N&#039;oubliez pas non plus que vous pourriez avoir besoin de la chambre \u00e0 air adapt\u00e9e aux pneus de 175 mm si vous ne l&#039;avez pas d\u00e9j\u00e0.<\/p>","protected":false},"excerpt":{"rendered":"<p>Pneus tout-terrain pour Exway 175 mm. Ces pneus AT sont parfaits pour ceux qui souhaitent une planche plus adapt\u00e9e au hors-piste et une meilleure adh\u00e9rence sur les terrains accident\u00e9s. Compatibles avec les planches Evolve, ils sont \u00e9galement compatibles avec ce mod\u00e8le.<\/p>\n<p>Le pneu est vendu \u00e0 l&#039;unit\u00e9 et sans jante ni chambre \u00e0 air, que vous devrez acheter s\u00e9par\u00e9ment.<\/p>","protected":false},"featured_media":214849,"comment_status":"open","ping_status":"closed","template":"","meta":[],"product_brand":[2557,2558],"product_cat":[2265],"product_tag":[],"class_list":{"0":"post-214847","1":"product","2":"type-product","3":"status-publish","4":"has-post-thumbnail","6":"product_brand-evolve-skateboards","7":"product_brand-exway","8":"product_cat-wheels-tires","9":"pa_diameter-175mm","10":"pa_manufacturer-exway","12":"first","13":"instock","14":"taxable","15":"shipping-taxable","16":"purchasable","17":"product-type-simple"},"composite_virtual":false,"composite_layout":"","composite_add_to_cart_form_location":"","composite_editable_in_cart":false,"composite_sold_individually_context":"","composite_shop_price_calc":"","composite_components":[],"composite_scenarios":[],"jetpack_sharing_enabled":true,"_links":{"self":[{"href":"https:\/\/www.boardlife.se\/fr\/wp-json\/wp\/v2\/product\/214847","targetHints":{"allow":["GET"]}}],"collection":[{"href":"https:\/\/www.boardlife.se\/fr\/wp-json\/wp\/v2\/product"}],"about":[{"href":"https:\/\/www.boardlife.se\/fr\/wp-json\/wp\/v2\/types\/product"}],"replies":[{"embeddable":true,"href":"https:\/\/www.boardlife.se\/fr\/wp-json\/wp\/v2\/comments?post=214847"}],"wp:featuredmedia":[{"embeddable":true,"href":"https:\/\/www.boardlife.se\/fr\/wp-json\/wp\/v2\/media\/214849"}],"wp:attachment":[{"href":"https:\/\/www.boardlife.se\/fr\/wp-json\/wp\/v2\/media?parent=214847"}],"wp:term":[{"taxonomy":"product_brand","embeddable":true,"href":"https:\/\/www.boardlife.se\/fr\/wp-json\/wp\/v2\/product_brand?post=214847"},{"taxonomy":"product_cat","embeddable":true,"href":"https:\/\/www.boardlife.se\/fr\/wp-json\/wp\/v2\/product_cat?post=214847"},{"taxonomy":"product_tag","embeddable":true,"href":"https:\/\/www.boardlife.se\/fr\/wp-json\/wp\/v2\/product_tag?post=214847"}],"curies":[{"name":"wp","href":"https:\/\/api.w.org\/{rel}","templated":true}]}}