{"id":214022,"date":"2024-05-16T19:24:02","date_gmt":"2024-05-16T17:24:02","guid":{"rendered":"https:\/\/www.boardlife.se\/?post_type=product&#038;p=214022"},"modified":"2024-05-16T19:55:48","modified_gmt":"2024-05-16T17:55:48","slug":"camion-trist-exway-8-flex-x1-max","status":"publish","type":"product","link":"https:\/\/www.boardlife.se\/fr\/boutique\/skateboard-electrique\/pieces-detachees-electriques\/camion-de-skate-electrique\/camion-trist-exway-8-flex-x1-max\/","title":{"rendered":"Camion Exway Trist 8\u2033 pour Flex et X1 Max"},"content":{"rendered":"<p>Si vous cherchez un nouveau truck pour votre Exway Flex ou X1 Max, le Tristtruck 8 pouces est fait pour vous. Choisissez entre le truck avant ou le truck arri\u00e8re. Le truck arri\u00e8re est celui qui accueille les moteurs. Vous pouvez \u00e9galement choisir entre un mod\u00e8le Riot ou un mod\u00e8le Hub. Le truck arri\u00e8re diff\u00e8re selon les versions. Notez que les trucks sont vendus \u00e0 l&#039;unit\u00e9\u00a0!<\/p>","protected":false},"excerpt":{"rendered":"<p>Tristtrucken fr\u00e5n Exway har varit en succ\u00e9 sedan den blev standard p\u00e5 alla deras br\u00e4dmodeller. Ibland h\u00e4nder det dock att man beh\u00f6ver byta trucken av n\u00e5gon anledning och d\u00e5 har du dem h\u00e4r. Trist 8.0&#8243; \u00e4r den modell som passar p\u00e5 Flex och X1 Max. Du v\u00e4ljer om du beh\u00f6ver fram eller baktruck samt vilket drivsystem du har f\u00f6r att f\u00e5 r\u00e4tt utf\u00f6rande. Notera att de kommer med Exways klassiska orangea bushing som huvudbilden visar.<\/p>","protected":false},"featured_media":214026,"comment_status":"open","ping_status":"closed","template":"","meta":[],"product_brand":[2558],"product_cat":[2421],"product_tag":[],"class_list":{"0":"post-214022","1":"product","2":"type-product","3":"status-publish","4":"has-post-thumbnail","6":"product_brand-exway","7":"product_cat-e-skate-truck","8":"pa_manufacturer-exway","9":"pa_truckplacering-dropthrough","10":"pa_width-95-241cm","12":"first","13":"instock","14":"taxable","15":"shipping-taxable","16":"purchasable","17":"product-type-variable","18":"has-default-attributes"},"composite_virtual":false,"composite_layout":"","composite_add_to_cart_form_location":"","composite_editable_in_cart":false,"composite_sold_individually_context":"","composite_shop_price_calc":"","composite_components":[],"composite_scenarios":[],"jetpack_sharing_enabled":true,"_links":{"self":[{"href":"https:\/\/www.boardlife.se\/fr\/wp-json\/wp\/v2\/product\/214022","targetHints":{"allow":["GET"]}}],"collection":[{"href":"https:\/\/www.boardlife.se\/fr\/wp-json\/wp\/v2\/product"}],"about":[{"href":"https:\/\/www.boardlife.se\/fr\/wp-json\/wp\/v2\/types\/product"}],"replies":[{"embeddable":true,"href":"https:\/\/www.boardlife.se\/fr\/wp-json\/wp\/v2\/comments?post=214022"}],"wp:featuredmedia":[{"embeddable":true,"href":"https:\/\/www.boardlife.se\/fr\/wp-json\/wp\/v2\/media\/214026"}],"wp:attachment":[{"href":"https:\/\/www.boardlife.se\/fr\/wp-json\/wp\/v2\/media?parent=214022"}],"wp:term":[{"taxonomy":"product_brand","embeddable":true,"href":"https:\/\/www.boardlife.se\/fr\/wp-json\/wp\/v2\/product_brand?post=214022"},{"taxonomy":"product_cat","embeddable":true,"href":"https:\/\/www.boardlife.se\/fr\/wp-json\/wp\/v2\/product_cat?post=214022"},{"taxonomy":"product_tag","embeddable":true,"href":"https:\/\/www.boardlife.se\/fr\/wp-json\/wp\/v2\/product_tag?post=214022"}],"curies":[{"name":"wp","href":"https:\/\/api.w.org\/{rel}","templated":true}]}}