{"id":213934,"date":"2024-05-15T17:46:13","date_gmt":"2024-05-15T15:46:13","guid":{"rendered":"https:\/\/www.boardlife.se\/?post_type=product&#038;p=213934"},"modified":"2024-06-03T16:37:31","modified_gmt":"2024-06-03T14:37:31","slug":"carver-ci-twin-pin-31-75-surfskate","status":"publish","type":"product","link":"https:\/\/www.boardlife.se\/fr\/boutique\/surf-skate\/surfskate-complet\/carver-ci-twin-pin-31-75-surfskate\/","title":{"rendered":"Surfskate Carver CI Twin Pin 31,75\u2033"},"content":{"rendered":"<p>CI est une s\u00e9rie de planches issue d&#039;une collaboration avec Channel Island. Ce mod\u00e8le pr\u00e9sente une forme ovale l\u00e9g\u00e8rement souple avec un tail arrondi. Une longueur id\u00e9ale pour ceux qui recherchent une bonne fluidit\u00e9 dans les virages. Gr\u00e2ce \u00e0 son empattement l\u00e9g\u00e8rement plus long, vous b\u00e9n\u00e9ficiez d&#039;une stabilit\u00e9 accrue en pouss\u00e9e. Des courbes douces et agr\u00e9ables avec un pin arrondi classique.<\/p>\n<p>Con\u00e7ue pour la pratique du surf sur terre, cette planche vous offre une sensation de surf tr\u00e8s proche, tant par son stance que par ses sensations. Elle est disponible en deux versions selon les caract\u00e9ristiques recherch\u00e9es. Vous avez le choix entre les trucks Carver CX ou C7. La version CX est con\u00e7ue pour un surf plus agile avec une pression plus rapide sur le tail, tandis que la version C7 facilite les virages longs et souples.<\/p>\n<p>Carver est aujourd&#039;hui le leader du surfskate et est consid\u00e9r\u00e9 comme le pionnier de cette discipline. Issue du surf, cette pratique a \u00e9t\u00e9 d\u00e9velopp\u00e9e au fil du temps pour se rapprocher au plus pr\u00e8s du surf. Choisir Carver, c&#039;est choisir la marque la plus pointue en mati\u00e8re de surfskate\u00a0!<\/p>\n<ul>\n<li>Longueur : 31 3\/4\u2033<\/li>\n<li>Largeur : 9 3\/4\u2033<\/li>\n<li><a class=\"glossaryLink cmtt_Komponenter\" aria-describedby=\"tt\" data-cmtooltip=\"&lt;div class=glossaryItemTitle&gt;Wheelbase&lt;\/div&gt;&lt;div class=glossaryItemBody&gt;Detta begrepp handlar om det avst&aring;nd du har mellan dina truckar. Ett l&auml;ngre avst&aring;nd ger mer stabilitet och lite l&aring;ngsammare sv&auml;ngar medan den korta kan bli kvickare.&lt;\/div&gt;&lt;div class=cmtt_synonyms_wrapper&gt;&lt;div class=cmtt_synonyms_title&gt;Synonymer: &lt;\/div&gt;&lt;div class=cmtt_synonyms&gt;hjulbas,  WB&lt;\/div&gt;&lt;\/div&gt;&lt;div class=glossaryTooltipMoreLinkWrapper&gt;&lt;a class=glossaryTooltipMoreLink href=https:\/\/www.boardlife.se\/fr\/glossaire\/empattement-2\/ &gt;L&auml;s mer&lt;\/a&gt;&lt;\/div&gt;\" href=\"https:\/\/www.boardlife.se\/fr\/glossaire\/empattement-2\/\" data-mobile-support=\"0\" data-gt-translate-attributes='[{\"attribute\":\"data-cmtooltip\", \"format\":\"html\"}]'>Empattement<\/a>: 17 3\/4&Prime;<\/li>\n<li>Nez : 3 1\/2\u2033<\/li>\n<li>Queue : 6 1\/2\u2033<\/li>\n<\/ul>\n<h3>Description originale<\/h3>\n<p>This versatile rounded <a class=\"glossaryLink cmtt_Komponenter\" aria-describedby=\"tt\" data-cmtooltip=\"&lt;div class=glossaryItemTitle&gt;Pintail&lt;\/div&gt;&lt;div class=glossaryItemBody&gt;Pintail &auml;r en klassisk form p&aring; sj&auml;lva br&auml;dan som liknar en droppe. Br&auml;dan &auml;r tjockare framtill &auml;n baktill vilket ger den en behaglig typ av man&ouml;vrering n&auml;r du cruisar. &lt;\/div&gt;&lt;div class=glossaryTooltipMoreLinkWrapper&gt;&lt;a class=glossaryTooltipMoreLink href=https:\/\/www.boardlife.se\/fr\/glossaire\/pilet\/ &gt;L&auml;s mer&lt;\/a&gt;&lt;\/div&gt;\" href=\"https:\/\/www.boardlife.se\/fr\/glossaire\/pilet\/\" data-mobile-support=\"0\" data-gt-translate-attributes='[{\"attribute\":\"data-cmtooltip\", \"format\":\"html\"}]'>pilet<\/a> is a board that feels super good under your feet but can hold hard carved lines and project speed down the line. Designed as an all-rounder, it helps you rip in anything from fun little banks to double overhead rifling concrete slabs.<\/p>\n<p>Notez que le film montre le mod\u00e8le Yago Skinny Goat mais ils sont relativement similaires en termes de forme et de caract\u00e9ristiques.<\/p>\n<p><iframe loading=\"lazy\" title=\"La Ch\u00e8vre Maigre chevauche \u00e0 nouveau - Yago Dora\" width=\"500\" height=\"281\" src=\"https:\/\/www.youtube.com\/embed\/gXQ4SHgjTZ4?feature=oembed\" frameborder=\"0\" allow=\"accelerometer; autoplay; clipboard-write; encrypted-media; gyroscope; picture-in-picture; web-share\" referrerpolicy=\"strict-origin-when-cross-origin\" allowfullscreen><\/iframe><\/p>","protected":false},"excerpt":{"rendered":"<p>CI Twin Pin \u00e4r ett samarbete med Channel Island surfboards. Br\u00e4dan har en soft oval shape med en aning l\u00e4ngre hjulbas. Det g\u00f6r att du kan f\u00e5 soft surf men \u00e4nd\u00e5 ha m\u00f6jligheten till kvicka turns p\u00e5 grund av br\u00e4dans utformning. Du kan v\u00e4lja Carvers CX eller C7-truckar. Du kan se filmerna under &#8220;Mer Info&#8221; f\u00f6r att se skillnaden mellan truckarna. Kolla \u00e4ven in den mysiga inspirationsvideon s\u00e5 vet du vad du kan hitta p\u00e5 n\u00e4r du blir b\u00e4ttre.<\/p>\n<p><strong>Cette planche n\u00e9cessite une pr\u00e9commande car elle devrait arriver en juin et ne sera livr\u00e9e qu&#039;\u00e0 vous qui avez pass\u00e9 votre commande. <span style=\"text-decoration: underline;\">avant le 5 juin<\/span>Passez votre commande maintenant pour s\u00e9curiser votre article.\u00a0<\/strong><br \/>\n<em><strong>PSST\u00a0: Si vous choisissez de payer avec une facture Klarna, celle-ci ne sera activ\u00e9e qu&#039;\u00e0 l&#039;exp\u00e9dition des marchandises. Ainsi, vous n&#039;aurez pas \u00e0 vous soucier d&#039;un \u00e9ventuel oubli avant la r\u00e9ception des marchandises.\u00a0<\/strong><\/em><\/p>","protected":false},"featured_media":213942,"comment_status":"open","ping_status":"closed","template":"","meta":[],"product_brand":[2544],"product_cat":[2484],"product_tag":[1881,1691],"class_list":{"0":"post-213934","1":"product","2":"type-product","3":"status-publish","4":"has-post-thumbnail","6":"product_brand-carver-skateboards","7":"product_cat-complete-surfskate","8":"product_tag-surf","9":"product_tag-surf-skate","10":"pa_hjulbas-177-453cm","11":"pa_length-31-75-806cm","12":"pa_manufacturer-carver-skateboards","13":"pa_truckar-carver-c7-truck","14":"pa_truckar-carver-cx-truck","15":"pa_width-975-248cm","17":"first","18":"instock","19":"taxable","20":"shipping-taxable","21":"purchasable","22":"product-type-variable","23":"has-default-attributes"},"composite_virtual":false,"composite_layout":"","composite_add_to_cart_form_location":"","composite_editable_in_cart":false,"composite_sold_individually_context":"","composite_shop_price_calc":"","composite_components":[],"composite_scenarios":[],"jetpack_sharing_enabled":true,"_links":{"self":[{"href":"https:\/\/www.boardlife.se\/fr\/wp-json\/wp\/v2\/product\/213934","targetHints":{"allow":["GET"]}}],"collection":[{"href":"https:\/\/www.boardlife.se\/fr\/wp-json\/wp\/v2\/product"}],"about":[{"href":"https:\/\/www.boardlife.se\/fr\/wp-json\/wp\/v2\/types\/product"}],"replies":[{"embeddable":true,"href":"https:\/\/www.boardlife.se\/fr\/wp-json\/wp\/v2\/comments?post=213934"}],"wp:featuredmedia":[{"embeddable":true,"href":"https:\/\/www.boardlife.se\/fr\/wp-json\/wp\/v2\/media\/213942"}],"wp:attachment":[{"href":"https:\/\/www.boardlife.se\/fr\/wp-json\/wp\/v2\/media?parent=213934"}],"wp:term":[{"taxonomy":"product_brand","embeddable":true,"href":"https:\/\/www.boardlife.se\/fr\/wp-json\/wp\/v2\/product_brand?post=213934"},{"taxonomy":"product_cat","embeddable":true,"href":"https:\/\/www.boardlife.se\/fr\/wp-json\/wp\/v2\/product_cat?post=213934"},{"taxonomy":"product_tag","embeddable":true,"href":"https:\/\/www.boardlife.se\/fr\/wp-json\/wp\/v2\/product_tag?post=213934"}],"curies":[{"name":"wp","href":"https:\/\/api.w.org\/{rel}","templated":true}]}}