{"id":206537,"date":"2024-03-22T17:27:53","date_gmt":"2024-03-22T16:27:53","guid":{"rendered":"https:\/\/www.boardlife.se\/?post_type=product&#038;p=206537"},"modified":"2025-07-21T13:37:04","modified_gmt":"2025-07-21T11:37:04","slug":"moteur-devolution","status":"publish","type":"product","link":"https:\/\/www.boardlife.se\/fr\/boutique\/skateboard-electrique\/pieces-detachees-electriques\/moteurs\/moteur-devolution\/","title":{"rendered":"Moteur Evolve"},"content":{"rendered":"<p>Les moteurs Evolve sont con\u00e7us pour durer de nombreux kilom\u00e8tres. Cependant, il sera peut-\u00eatre temps de les remplacer lorsqu&#039;ils arriveront en fin de vie. Vous pouvez choisir ici le moteur compatible avec votre planche. Veuillez noter que tous les mod\u00e8les ne sont pas disponibles en permanence. Certains mod\u00e8les plus anciens sont fabriqu\u00e9s sur commande\u00a0; veuillez nous contacter pour conna\u00eetre la date de livraison estim\u00e9e.<\/p>\n<p>Compatibilit\u00e9<br>\n3000W \/ Hadean, GTR2<br>\n1500 W \/ Cuisini\u00e8re 2<br>\n1500W \/ GTR1 \u2013 GTR1, Stoke 1<br>\n1500 W \/ GT \u2013 GT, GTX, GT ONE<\/p>\n<p>Contenu<br>\n1 moteur<\/p>\n<p>Installation<br>\nInstructions d&#039;installation pour les mod\u00e8les GTR, Stoke et Hadean, <a href=\"https:\/\/youtu.be\/G6nOs1zS9ug\">Cliquez ici<\/a><\/p>\n<p>Pour GT\/GTX, <a href=\"https:\/\/www.youtube.com\/watch?v=PdGbqjWdhrI&amp;t=278s\">Cliquez ici<\/a><\/p>\n<p>Veuillez consulter la politique de garantie pour plus d&#039;informations.<\/p>","protected":false},"excerpt":{"rendered":"<p>Nouveau moteur pour votre skateboard Evolve. Bien qu&#039;ils soient con\u00e7us pour durer de nombreux kilom\u00e8tres, ils peuvent n\u00e9cessiter une mise \u00e0 niveau. Offrez-lui une seconde vie. Choisissez le moteur adapt\u00e9 \u00e0 votre mod\u00e8le. Notez que certains moteurs sont fabriqu\u00e9s sur commande. Contactez-nous avant de passer commande pour obtenir une date de livraison estim\u00e9e.<\/p>","protected":false},"featured_media":206542,"comment_status":"open","ping_status":"closed","template":"","meta":[],"product_brand":[2557],"product_cat":[2269],"product_tag":[],"class_list":{"0":"post-206537","1":"product","2":"type-product","3":"status-publish","4":"has-post-thumbnail","6":"product_brand-evolve-skateboards","7":"product_cat-motors","9":"first","10":"instock","11":"taxable","12":"shipping-taxable","13":"purchasable","14":"product-type-variable","15":"has-default-attributes"},"composite_virtual":false,"composite_layout":"","composite_add_to_cart_form_location":"","composite_editable_in_cart":false,"composite_sold_individually_context":"","composite_shop_price_calc":"","composite_components":[],"composite_scenarios":[],"jetpack_sharing_enabled":true,"_links":{"self":[{"href":"https:\/\/www.boardlife.se\/fr\/wp-json\/wp\/v2\/product\/206537","targetHints":{"allow":["GET"]}}],"collection":[{"href":"https:\/\/www.boardlife.se\/fr\/wp-json\/wp\/v2\/product"}],"about":[{"href":"https:\/\/www.boardlife.se\/fr\/wp-json\/wp\/v2\/types\/product"}],"replies":[{"embeddable":true,"href":"https:\/\/www.boardlife.se\/fr\/wp-json\/wp\/v2\/comments?post=206537"}],"wp:featuredmedia":[{"embeddable":true,"href":"https:\/\/www.boardlife.se\/fr\/wp-json\/wp\/v2\/media\/206542"}],"wp:attachment":[{"href":"https:\/\/www.boardlife.se\/fr\/wp-json\/wp\/v2\/media?parent=206537"}],"wp:term":[{"taxonomy":"product_brand","embeddable":true,"href":"https:\/\/www.boardlife.se\/fr\/wp-json\/wp\/v2\/product_brand?post=206537"},{"taxonomy":"product_cat","embeddable":true,"href":"https:\/\/www.boardlife.se\/fr\/wp-json\/wp\/v2\/product_cat?post=206537"},{"taxonomy":"product_tag","embeddable":true,"href":"https:\/\/www.boardlife.se\/fr\/wp-json\/wp\/v2\/product_tag?post=206537"}],"curies":[{"name":"wp","href":"https:\/\/api.w.org\/{rel}","templated":true}]}}