{"id":202565,"date":"2024-01-16T18:52:06","date_gmt":"2024-01-16T17:52:06","guid":{"rendered":"https:\/\/www.boardlife.se\/?post_type=product&#038;p=202565"},"modified":"2025-09-04T22:07:41","modified_gmt":"2025-09-04T20:07:41","slug":"pneus-tout-terrain-exway-175-mm","status":"publish","type":"product","link":"https:\/\/www.boardlife.se\/fr\/boutique\/skateboard-electrique\/pieces-detachees-electriques\/kits-de-conversion\/pneus-tout-terrain-exway-175-mm\/","title":{"rendered":"Pneus tout-terrain Exway 175 mm"},"content":{"rendered":"<p>Pour ceux d&#039;entre vous qui souhaitent choisir un kit contenant des pneus, des poulies, des courroies et des roulements, voici \u00e0 quoi il ressemble\u00a0:<\/p>\n<p><strong>Ensemble 175 mm 2 roues motrices :<\/strong><\/p>\n<p>Pneus pneumatiques de 175 mm *4<br>\nCourroie 5M375-15 *2<br>\nPoulie Atlas Riot 66T *2<\/p>\n<p><strong>Ensemble 4x4 de 175 mm :<\/strong><\/p>\n<p>Pneus pneumatiques de 175 mm *4<br>\nCourroie 5M375-15 *4<br>\nPoulie Atlas Riot 66T *4<\/p>\n<p>&nbsp;<\/p>\n<p><span style=\"text-decoration: underline;\"><a href=\"https:\/\/www.exwayboard.com\/blog\/wheelspulleysbelts-accessory-compatibility-guide?spm=..product_9b45ff82-0d13-4364-9cf7-52f7a541e845.image_with_text_1.1&amp;spm_prev=..collection_29f161a0-baf8-48a2-903e-812df4344f91.collection_1.35\">Vous pouvez \u00e9galement consulter le guide complet d&#039;Exway sur les meilleures combinaisons ici.<\/a><\/span><\/p>","protected":false},"excerpt":{"rendered":"<p>F\u00f6r dig som vill utrusta din Exway Atlas med rej\u00e4la allroundd\u00e4ck har du h\u00e4r ett l\u00e4mpligt kit. Dessa luftpumpade d\u00e4ck \u00e4r p\u00e5 175mm och det mest rej\u00e4la du kan k\u00f6ra med fr\u00e5n Exway. Dessa d\u00e4ck \u00e4r med offroad-m\u00f6nster vilket ger dig b\u00e4ttre grepp i tuff terr\u00e4ng. Vare sig det g\u00e4ller sn\u00f6 eller grus eller kanske \u00f6ver gr\u00e4set genom skogen. Notera att st\u00f6rre d\u00e4ck \u00f6kar din framkomlighet men p\u00e5verkar din r\u00e4ckvidd en aning. Kitet g\u00e5r at k\u00f6pa enbart med ett d\u00e4ck eller om du helt enkelt vill ha ett helt konverteringskit inneh\u00e5llande 4 d\u00e4ck, remmar, pulleys och kullager.<\/p>\n<p>Under produktbeskrivningen ser du vad varje kit inneh\u00e5ller.<\/p>\n<p>Notera att n\u00e4r du k\u00f6per enbart hjul s\u00e5 ing\u00e5r inte kullager.<\/p>","protected":false},"featured_media":202570,"comment_status":"open","ping_status":"closed","template":"","meta":[],"product_brand":[2558],"product_cat":[2707,2265],"product_tag":[],"class_list":{"0":"post-202565","1":"product","2":"type-product","3":"status-publish","4":"has-post-thumbnail","6":"product_brand-exway","7":"product_cat-conversion-kits","8":"product_cat-wheels-tires","9":"pa_diameter-175mm","10":"pa_manufacturer-exway","12":"first","13":"instock","14":"taxable","15":"shipping-taxable","16":"purchasable","17":"product-type-variable","18":"has-default-attributes"},"composite_virtual":false,"composite_layout":"","composite_add_to_cart_form_location":"","composite_editable_in_cart":false,"composite_sold_individually_context":"","composite_shop_price_calc":"","composite_components":[],"composite_scenarios":[],"jetpack_sharing_enabled":true,"_links":{"self":[{"href":"https:\/\/www.boardlife.se\/fr\/wp-json\/wp\/v2\/product\/202565","targetHints":{"allow":["GET"]}}],"collection":[{"href":"https:\/\/www.boardlife.se\/fr\/wp-json\/wp\/v2\/product"}],"about":[{"href":"https:\/\/www.boardlife.se\/fr\/wp-json\/wp\/v2\/types\/product"}],"replies":[{"embeddable":true,"href":"https:\/\/www.boardlife.se\/fr\/wp-json\/wp\/v2\/comments?post=202565"}],"wp:featuredmedia":[{"embeddable":true,"href":"https:\/\/www.boardlife.se\/fr\/wp-json\/wp\/v2\/media\/202570"}],"wp:attachment":[{"href":"https:\/\/www.boardlife.se\/fr\/wp-json\/wp\/v2\/media?parent=202565"}],"wp:term":[{"taxonomy":"product_brand","embeddable":true,"href":"https:\/\/www.boardlife.se\/fr\/wp-json\/wp\/v2\/product_brand?post=202565"},{"taxonomy":"product_cat","embeddable":true,"href":"https:\/\/www.boardlife.se\/fr\/wp-json\/wp\/v2\/product_cat?post=202565"},{"taxonomy":"product_tag","embeddable":true,"href":"https:\/\/www.boardlife.se\/fr\/wp-json\/wp\/v2\/product_tag?post=202565"}],"curies":[{"name":"wp","href":"https:\/\/api.w.org\/{rel}","templated":true}]}}