{"id":199017,"date":"2023-11-15T14:34:03","date_gmt":"2023-11-15T13:34:03","guid":{"rendered":"https:\/\/www.boardlife.se\/?post_type=product&#038;p=199017"},"modified":"2025-12-30T11:13:59","modified_gmt":"2025-12-30T10:13:59","slug":"boardlife-skate-wax-vomit-green","status":"publish","type":"product","link":"https:\/\/www.boardlife.se\/fr\/boutique\/materiel\/cire\/boardlife-skate-wax-vomit-green\/","title":{"rendered":"Cire de skate Boardlife Vomit Green"},"content":{"rendered":"","protected":false},"excerpt":{"rendered":"<p>Ett bra skate wax f\u00f6r b\u00e4ttre grinds och ett g\u00f6tt flow. Med en trevlig spygr\u00f6n f\u00e4rg f\u00f6r ett bra pris.<\/p>\n<p>M\u00e5tt 5,5 x 5,5 x 2,5 cm<\/p>\n<p>&nbsp;<\/p>","protected":false},"featured_media":199148,"comment_status":"open","ping_status":"closed","template":"","meta":[],"product_brand":[2537],"product_cat":[1483],"product_tag":[],"class_list":{"0":"post-199017","1":"product","2":"type-product","3":"status-publish","4":"has-post-thumbnail","6":"product_brand-boardlife","7":"product_cat-wax","9":"first","10":"instock","11":"sale","12":"taxable","13":"shipping-taxable","14":"purchasable","15":"product-type-simple"},"composite_virtual":false,"composite_layout":"","composite_add_to_cart_form_location":"","composite_editable_in_cart":false,"composite_sold_individually_context":"","composite_shop_price_calc":"","composite_components":[],"composite_scenarios":[],"jetpack_sharing_enabled":true,"_links":{"self":[{"href":"https:\/\/www.boardlife.se\/fr\/wp-json\/wp\/v2\/product\/199017","targetHints":{"allow":["GET"]}}],"collection":[{"href":"https:\/\/www.boardlife.se\/fr\/wp-json\/wp\/v2\/product"}],"about":[{"href":"https:\/\/www.boardlife.se\/fr\/wp-json\/wp\/v2\/types\/product"}],"replies":[{"embeddable":true,"href":"https:\/\/www.boardlife.se\/fr\/wp-json\/wp\/v2\/comments?post=199017"}],"wp:featuredmedia":[{"embeddable":true,"href":"https:\/\/www.boardlife.se\/fr\/wp-json\/wp\/v2\/media\/199148"}],"wp:attachment":[{"href":"https:\/\/www.boardlife.se\/fr\/wp-json\/wp\/v2\/media?parent=199017"}],"wp:term":[{"taxonomy":"product_brand","embeddable":true,"href":"https:\/\/www.boardlife.se\/fr\/wp-json\/wp\/v2\/product_brand?post=199017"},{"taxonomy":"product_cat","embeddable":true,"href":"https:\/\/www.boardlife.se\/fr\/wp-json\/wp\/v2\/product_cat?post=199017"},{"taxonomy":"product_tag","embeddable":true,"href":"https:\/\/www.boardlife.se\/fr\/wp-json\/wp\/v2\/product_tag?post=199017"}],"curies":[{"name":"wp","href":"https:\/\/api.w.org\/{rel}","templated":true}]}}