{"id":198439,"date":"2023-10-06T09:37:33","date_gmt":"2023-10-06T07:37:33","guid":{"rendered":"https:\/\/www.boardlife.se\/?post_type=product&#038;p=198439"},"modified":"2025-03-12T12:51:11","modified_gmt":"2025-03-12T11:51:11","slug":"pont-inferieur-hovland-ram","status":"publish","type":"product","link":"https:\/\/www.boardlife.se\/fr\/boutique\/neige\/patin-a-neige\/snowskate-sous-ski-uniquement\/pont-inferieur-hovland-ram\/","title":{"rendered":"Sous-pont \u00e0 cadre Hovland"},"content":{"rendered":"<p>Tr\u00e8s fiers d&#039;avoir \u00e9t\u00e9 choisis pour distribuer Hovland en Su\u00e8de, nous vous pr\u00e9sentons le Hovland Ram. Un mod\u00e8le classique de Hovland revisit\u00e9. Hovland est l&#039;un des plus grands fabricants de la r\u00e9gion et propose des patins \u00e0 neige, aussi bien \u00e0 plateforme plate qu&#039;avec sous-ski. Dot\u00e9 d&#039;un noyau robuste et de fibre de verre, ce patin offre une construction r\u00e9sistante et des performances exceptionnelles sur piste. Alors, si vous recherchez le nec plus ultra, le voici. Emportez vos patins avec vous cet hiver et vivez une exp\u00e9rience inoubliable.<\/p>\n<p>Pour celles et ceux qui r\u00eavent d&#039;emporter leurs patins en hiver, voici la solution id\u00e9ale. La transition parfaite entre patins et snowboard. Avec un snowskate bi-niveau (sous-plateau), vous pouvez carver et r\u00e9aliser des figures \u00e0 votre guise. Sur piste ou partout o\u00f9 la neige est au rendez-vous.<\/p>\n<p>Ram est le deuxi\u00e8me ski le plus court de la gamme snowskate Hovland. Il est particuli\u00e8rement adapt\u00e9 au snowpark ou aux skieurs recherchant une plus grande rapidit\u00e9 en virages et une meilleure polyvalence.<\/p>\n<p>Vous pouvez combiner le ski avec n&#039;importe quel topdeck de Hovland. Pour les passionn\u00e9s de snowskate, Hovland est l&#039;un des plus grands et des meilleurs domaines de ce sport.<\/p>\n<p>Sous-pont :<\/p>\n<ul>\n<li>105 cm<\/li>\n<li>Parois lat\u00e9rales en ur\u00e9thane<\/li>\n<li>Noyau de peuplier<\/li>\n<li>Bords en acier inoxydable enti\u00e8rement envelopp\u00e9s<\/li>\n<li>Triaxle en fibre de verre<\/li>\n<li>Trois options de configuration d&#039;insertion<\/li>\n<li>Base fritt\u00e9e<\/li>\n<\/ul>","protected":false},"excerpt":{"rendered":"<p>Stolta \u00f6ver att vi kan f\u00e5 ta Hovland till Sverige. H\u00e4r har du en av de allra st\u00f6rsta p\u00e5 snow skate. Du kommer inte bli besviken p\u00e5 Hovland Ram&#8217;s lekfulla f\u00f6rm\u00e5ga n\u00e4r det kommer till park\u00e5kning med snow skate! Ram \u00e4r 105cm l\u00e5ng och bjuder p\u00e5 m\u00e5ngsidiga \u00e5kning i pisten. Men den klarar ocks\u00e5 av att br\u00e4nna ner f\u00f6r backarna i Alperna. Du kan med f\u00f6rdel kombinera skidan med andra br\u00e4dor du har fr\u00e5n Hovland och p\u00e5 s\u00e5 vis kan du skapa en st\u00f6rre m\u00e5ngfald i din \u00e5kning.<\/p>\n<p>F\u00f6r dig som \u00e4nnu inte testat snowskate med sub ski kan vi varmt rekommendera detta. Det \u00e4r det b\u00e4sta s\u00e4ttet att bibeh\u00e5lla din skate under vintern och det \u00e4r ocks\u00e5 den mest softa \u00f6verg\u00e5ngen mellan skate till snowboard. S\u00e5 enligt oss det b\u00e4sta komplementet f\u00f6r vinters\u00e4songen.<\/p>\n<p>&nbsp;<\/p>","protected":false},"featured_media":174012,"comment_status":"open","ping_status":"closed","template":"","meta":[],"product_brand":[2572],"product_cat":[2729],"product_tag":[],"class_list":{"0":"post-198439","1":"product","2":"type-product","3":"status-publish","4":"has-post-thumbnail","6":"product_brand-hovland","7":"product_cat-snowskate-sub-ski-only","8":"pa_length-41-105cm","10":"first","11":"outofstock","12":"taxable","13":"shipping-taxable","14":"purchasable","15":"product-type-simple"},"composite_virtual":false,"composite_layout":"","composite_add_to_cart_form_location":"","composite_editable_in_cart":false,"composite_sold_individually_context":"","composite_shop_price_calc":"","composite_components":[],"composite_scenarios":[],"jetpack_sharing_enabled":true,"_links":{"self":[{"href":"https:\/\/www.boardlife.se\/fr\/wp-json\/wp\/v2\/product\/198439","targetHints":{"allow":["GET"]}}],"collection":[{"href":"https:\/\/www.boardlife.se\/fr\/wp-json\/wp\/v2\/product"}],"about":[{"href":"https:\/\/www.boardlife.se\/fr\/wp-json\/wp\/v2\/types\/product"}],"replies":[{"embeddable":true,"href":"https:\/\/www.boardlife.se\/fr\/wp-json\/wp\/v2\/comments?post=198439"}],"wp:featuredmedia":[{"embeddable":true,"href":"https:\/\/www.boardlife.se\/fr\/wp-json\/wp\/v2\/media\/174012"}],"wp:attachment":[{"href":"https:\/\/www.boardlife.se\/fr\/wp-json\/wp\/v2\/media?parent=198439"}],"wp:term":[{"taxonomy":"product_brand","embeddable":true,"href":"https:\/\/www.boardlife.se\/fr\/wp-json\/wp\/v2\/product_brand?post=198439"},{"taxonomy":"product_cat","embeddable":true,"href":"https:\/\/www.boardlife.se\/fr\/wp-json\/wp\/v2\/product_cat?post=198439"},{"taxonomy":"product_tag","embeddable":true,"href":"https:\/\/www.boardlife.se\/fr\/wp-json\/wp\/v2\/product_tag?post=198439"}],"curies":[{"name":"wp","href":"https:\/\/api.w.org\/{rel}","templated":true}]}}