{"id":189931,"date":"2023-05-17T17:23:11","date_gmt":"2023-05-17T15:23:11","guid":{"rendered":"https:\/\/www.boardlife.se\/?post_type=product&#038;p=189931"},"modified":"2023-05-22T14:28:22","modified_gmt":"2023-05-22T12:28:22","slug":"pont-tarab-ii-119-cm-charge","status":"publish","type":"product","link":"https:\/\/www.boardlife.se\/fr\/boutique\/longboard\/planche-longue-uniquement\/pont-tarab-ii-119-cm-charge\/","title":{"rendered":"Pont Tarab II 119 cm charg\u00e9 uniquement"},"content":{"rendered":"<p><strong>CARACT\u00c9RISTIQUES DU LONGBOARD :<\/strong><\/p>\n<p>Longueur : 47\u2033 \/ 119 cm<br>\nLargeur : 9,5\u2033 \/ 24,1 cm<br>\n<a class=\"glossaryLink cmtt_Komponenter\" aria-describedby=\"tt\" data-cmtooltip=\"&lt;div class=glossaryItemTitle&gt;Wheelbase&lt;\/div&gt;&lt;div class=glossaryItemBody&gt;Detta begrepp handlar om det avst&aring;nd du har mellan dina truckar. Ett l&auml;ngre avst&aring;nd ger mer stabilitet och lite l&aring;ngsammare sv&auml;ngar medan den korta kan bli kvickare.&lt;\/div&gt;&lt;div class=cmtt_synonyms_wrapper&gt;&lt;div class=cmtt_synonyms_title&gt;Synonymer: &lt;\/div&gt;&lt;div class=cmtt_synonyms&gt;hjulbas,  WB&lt;\/div&gt;&lt;\/div&gt;&lt;div class=glossaryTooltipMoreLinkWrapper&gt;&lt;a class=glossaryTooltipMoreLink href=https:\/\/www.boardlife.se\/en\/glossary\/wheelbase\/ &gt;L&auml;s mer&lt;\/a&gt;&lt;\/div&gt;\" href=\"https:\/\/www.boardlife.se\/en\/glossary\/wheelbase\/\" data-mobile-support=\"0\" data-gt-translate-attributes='[{\"attribute\":\"data-cmtooltip\", \"format\":\"html\"}]'>Empattement<\/a>: 30,5-31,25\u2033 \/ 77,5-79,4 cm<br>\nProfil: <a class=\"glossaryLink cmtt_Snowboard cmtt_Longboard\" aria-describedby=\"tt\" data-cmtooltip=\"&lt;div class=glossaryItemTitle&gt;Rocker&lt;\/div&gt;&lt;div class=glossaryItemBody&gt;Rocker &auml;r n&auml;r br&auml;dans l&auml;gsta punkt &auml;r mitt p&aring; och d&auml;r br&auml;dans nose och tail &auml;r b&ouml;jda upp&aring;t. T&auml;nk dig att br&auml;dan skulle vara b&ouml;jd som en banan d&auml;r sidorna g&aring;r upp. Det ger dig oftast lite mer stabilitet och du f&aring;r b&auml;ttre kontakt med underlaget. &lt;\/div&gt;&lt;div class=glossaryTooltipMoreLinkWrapper&gt;&lt;a class=glossaryTooltipMoreLink href=https:\/\/www.boardlife.se\/en\/glossary\/rocker\/ &gt;L&auml;s mer&lt;\/a&gt;&lt;\/div&gt;\" href=\"https:\/\/www.boardlife.se\/en\/glossary\/rocker\/\" data-mobile-support=\"0\" data-gt-translate-attributes='[{\"attribute\":\"data-cmtooltip\", \"format\":\"html\"}]'>bascule<\/a><br>\nPoids (pont uniquement) : 4,9 lb \/ 2,2 kg<\/p>\n<p><strong><a class=\"glossaryLink cmtt_Snowboard\"  aria-describedby=\"tt\"  data-cmtooltip=\"&lt;div class=glossaryItemTitle&gt;Flex&lt;\/div&gt;&lt;div class=glossaryItemBody&gt;I huvudsak menar man b&ouml;jbarheten p&aring; br&auml;dan.&lt;\/div&gt;&lt;div class=glossaryTooltipMoreLinkWrapper&gt;&lt;a class=glossaryTooltipMoreLink href=https:\/\/www.boardlife.se\/en\/glossary\/flex\/ &gt;L&auml;s mer&lt;\/a&gt;&lt;\/div&gt;\"  href=\"https:\/\/www.boardlife.se\/en\/glossary\/flex\/\"  data-mobile-support=\"0\"  data-gt-translate-attributes='[{\"attribute\":\"data-cmtooltip\", \"format\":\"html\"}]'>FL\u00c9CHIR<\/a> RECOMMANDATIONS:<\/strong><\/p>\n<p>Flex 1\u00a0: 140-270+ lb \/ 63-123+ kg<br>\nFlex 2\u00a0: 80-190+ lb \/ 36-86+ kg<\/p>\n<p>VARIATIONS POLYVALENTES \u2013 Disponible en deux flexions distinctes. La flexion 1 est dot\u00e9e d&#039;un placage sup\u00e9rieur en bambou plus \u00e9pais pour plus de rigidit\u00e9 et d&#039;amortissement. La flexion 2 est l\u00e9g\u00e8rement plus l\u00e9g\u00e8re et nettement plus vive. Les deux flexions offrent deux options d&#039;empattement am\u00e9lior\u00e9es pour s&#039;adapter \u00e0 diff\u00e9rentes pr\u00e9f\u00e9rences de pilotage (le nouveau r\u00e9glage ext\u00e9rieur est \u00e9quivalent \u00e0 l&#039;ancien r\u00e9glage int\u00e9rieur du Tarab original).<\/p>","protected":false},"excerpt":{"rendered":"<p>DESCRIPTION<br \/>\nTarab II<\/p>\n<p>LAISSEZ LE RYTHME VOUS FAIRE BOUGER.<\/p>\n<p>Depuis 2008, Loaded est \u00e0 l&#039;avant-garde du longboard dancing. Le Tarab II est n\u00e9 de leurs racines et vise \u00e0 faire progresser le longboard dancing moderne gr\u00e2ce \u00e0 un design r\u00e9fl\u00e9chi et \u00e0 l&#039;\u00e9volution des mat\u00e9riaux. Il est id\u00e9al pour les riders recherchant une plateforme polyvalente et compl\u00e8te pour des lignes de surf, des figures freestyle fluides et tout ce qui se trouve entre les deux.<\/p>\n<p>Bougez. Trouvez votre rythme.<\/p>\n<p>&nbsp;<\/p>","protected":false},"featured_media":189933,"comment_status":"open","ping_status":"closed","template":"","meta":[],"product_brand":[2580],"product_cat":[22],"product_tag":[],"class_list":{"0":"post-189931","1":"product","2":"type-product","3":"status-publish","4":"has-post-thumbnail","6":"product_brand-loaded-boards","7":"product_cat-deck-only-longboard","8":"pa_hjulbas-3007-764cm","9":"pa_hjulbas-31-25-794cm","10":"pa_konstruktion-bambu","11":"pa_length-47-119cm","12":"pa_width-95-241cm","14":"first","15":"instock","16":"taxable","17":"shipping-taxable","18":"purchasable","19":"product-type-simple"},"composite_virtual":false,"composite_layout":"","composite_add_to_cart_form_location":"","composite_editable_in_cart":false,"composite_sold_individually_context":"","composite_shop_price_calc":"","composite_components":[],"composite_scenarios":[],"jetpack_sharing_enabled":true,"_links":{"self":[{"href":"https:\/\/www.boardlife.se\/fr\/wp-json\/wp\/v2\/product\/189931","targetHints":{"allow":["GET"]}}],"collection":[{"href":"https:\/\/www.boardlife.se\/fr\/wp-json\/wp\/v2\/product"}],"about":[{"href":"https:\/\/www.boardlife.se\/fr\/wp-json\/wp\/v2\/types\/product"}],"replies":[{"embeddable":true,"href":"https:\/\/www.boardlife.se\/fr\/wp-json\/wp\/v2\/comments?post=189931"}],"wp:featuredmedia":[{"embeddable":true,"href":"https:\/\/www.boardlife.se\/fr\/wp-json\/wp\/v2\/media\/189933"}],"wp:attachment":[{"href":"https:\/\/www.boardlife.se\/fr\/wp-json\/wp\/v2\/media?parent=189931"}],"wp:term":[{"taxonomy":"product_brand","embeddable":true,"href":"https:\/\/www.boardlife.se\/fr\/wp-json\/wp\/v2\/product_brand?post=189931"},{"taxonomy":"product_cat","embeddable":true,"href":"https:\/\/www.boardlife.se\/fr\/wp-json\/wp\/v2\/product_cat?post=189931"},{"taxonomy":"product_tag","embeddable":true,"href":"https:\/\/www.boardlife.se\/fr\/wp-json\/wp\/v2\/product_tag?post=189931"}],"curies":[{"name":"wp","href":"https:\/\/api.w.org\/{rel}","templated":true}]}}