{"id":189928,"date":"2023-05-17T17:09:31","date_gmt":"2023-05-17T15:09:31","guid":{"rendered":"https:\/\/www.boardlife.se\/?post_type=product&#038;p=189928"},"modified":"2023-05-17T17:09:32","modified_gmt":"2023-05-17T15:09:32","slug":"orangetang-papa-bod-105-mm","status":"publish","type":"product","link":"https:\/\/www.boardlife.se\/fr\/boutique\/longboard\/composants-de-longboard\/roues-de-longboard\/orangetang-papa-bod-105-mm\/","title":{"rendered":"Orange Tong Dad Bod 105 mm"},"content":{"rendered":"<p><strong>CARACT\u00c9RISTIQUES DES ROUES DE LONGBOARD<\/strong><\/p>\n<ul>\n<li>Diam\u00e8tre : 105 mm<\/li>\n<li>Largeur : 62 mm<\/li>\n<li>Zone de contact : 57 mm<\/li>\n<li>Style : L\u00e8vres arrondies avec peau superficielle<\/li>\n<li>Si\u00e8ge de roulement : d\u00e9cal\u00e9<\/li>\n<li>Formule : Happy Thane<\/li>\n<li>Noyau : ur\u00e9thane TrypoCore haute r\u00e9sistance, haute rigidit\u00e9 et r\u00e9sistant \u00e0 la chaleur<\/li>\n<li>Poids (par roue) : 15 oz \/ 428 g<\/li>\n<li>Durom\u00e8tre : 80a<\/li>\n<\/ul>\n<p><em>Le prix d&#039;achat comprend un jeu de 4 roues.<\/em><\/p>\n<p><strong>Pr\u00e9sentant le tout nouveau Orangatang TrypoCore<\/strong><\/p>\n<ul class=\"outside\">\n<li>R\u00e9duit consid\u00e9rablement le poids total de la roue<\/li>\n<li>La construction rigide en ur\u00e9thane charg\u00e9 de verre augmente l&#039;adh\u00e9rence et la durabilit\u00e9<\/li>\n<li>Conception \u00e0 noyau large avec une section transversale en forme de vall\u00e9e profonde pour un amortissement efficace de l&#039;ur\u00e9thane et une maniabilit\u00e9 pr\u00e9cise<\/li>\n<li>Compatible avec toutes les poulies Eskate con\u00e7ues pour les noyaux de style Kegel et Caguama<\/li>\n<li>Le deuxi\u00e8me ensemble de trous de montage permet des syst\u00e8mes de poulies de plus grand diam\u00e8tre<\/li>\n<li>Les fabricants de cartes \u00e9lectroniques peuvent concevoir de nouvelles poulies autour d&#039;un ou des deux ensembles de trous de montage sur ce noyau<\/li>\n<\/ul>","protected":false},"excerpt":{"rendered":"<div class=\"openclose\">DESCRIPTION<\/div>\n<div class=\"content\">\n<div class=\"description\">\n<p>Le paquet contient 4 roues de longboard.<\/p>\n<p><span style=\"vertical-align: inherit;\"><span style=\"vertical-align: inherit;\">L&#039;Orangatang Dad Bod est la roue de skateboard en ur\u00e9thane 100 mm+ la plus performante disponible. <\/span><span style=\"vertical-align: inherit;\">Quatre ann\u00e9es de d\u00e9veloppement ont permis au nouveau TrypoCore et \u00e0 notre formule \u00e9prouv\u00e9e Happy Thane de se combiner pour cr\u00e9er l&#039;exp\u00e9rience ultime de grande roue \u00e0 un poids \u00e9tonnamment bas. <\/span><span style=\"vertical-align: inherit;\">Con\u00e7ues pour les d\u00e9placements quotidiens de niveau sup\u00e9rieur, les pouss\u00e9es longue distance, le pompage longue distance et le patinage \u00e9lectronique, ces roues sont faites pour rouler. <\/span><span style=\"vertical-align: inherit;\">Le grand diam\u00e8tre de 105 mm offre une vitesse de roulement exceptionnelle, des tonnes de vitesse, un roulement en douceur et une distance absurde par pouss\u00e9e - c&#039;est un peu comme de la triche. <\/span><span style=\"vertical-align: inherit;\">Ajoutez simplement des \u00e9l\u00e9vateurs\u00a0!<\/span><\/span><\/p>\n<\/div>\n<\/div>","protected":false},"featured_media":189930,"comment_status":"open","ping_status":"closed","template":"","meta":[],"product_brand":[2588],"product_cat":[38,2265],"product_tag":[],"class_list":{"0":"post-189928","1":"product","2":"type-product","3":"status-publish","4":"has-post-thumbnail","6":"product_brand-orangatang-wheels","7":"product_cat-wheels-longboard","8":"product_cat-wheels-tires","9":"pa_color-orange","10":"pa_diameter-105mm","11":"pa_durometer-80a","12":"pa_kontaktyta-65mm","14":"first","15":"instock","16":"taxable","17":"shipping-taxable","18":"purchasable","19":"product-type-simple"},"composite_virtual":false,"composite_layout":"","composite_add_to_cart_form_location":"","composite_editable_in_cart":false,"composite_sold_individually_context":"","composite_shop_price_calc":"","composite_components":[],"composite_scenarios":[],"jetpack_sharing_enabled":true,"_links":{"self":[{"href":"https:\/\/www.boardlife.se\/fr\/wp-json\/wp\/v2\/product\/189928","targetHints":{"allow":["GET"]}}],"collection":[{"href":"https:\/\/www.boardlife.se\/fr\/wp-json\/wp\/v2\/product"}],"about":[{"href":"https:\/\/www.boardlife.se\/fr\/wp-json\/wp\/v2\/types\/product"}],"replies":[{"embeddable":true,"href":"https:\/\/www.boardlife.se\/fr\/wp-json\/wp\/v2\/comments?post=189928"}],"wp:featuredmedia":[{"embeddable":true,"href":"https:\/\/www.boardlife.se\/fr\/wp-json\/wp\/v2\/media\/189930"}],"wp:attachment":[{"href":"https:\/\/www.boardlife.se\/fr\/wp-json\/wp\/v2\/media?parent=189928"}],"wp:term":[{"taxonomy":"product_brand","embeddable":true,"href":"https:\/\/www.boardlife.se\/fr\/wp-json\/wp\/v2\/product_brand?post=189928"},{"taxonomy":"product_cat","embeddable":true,"href":"https:\/\/www.boardlife.se\/fr\/wp-json\/wp\/v2\/product_cat?post=189928"},{"taxonomy":"product_tag","embeddable":true,"href":"https:\/\/www.boardlife.se\/fr\/wp-json\/wp\/v2\/product_tag?post=189928"}],"curies":[{"name":"wp","href":"https:\/\/api.w.org\/{rel}","templated":true}]}}