{"id":188396,"date":"2023-05-03T15:59:26","date_gmt":"2023-05-03T13:59:26","guid":{"rendered":"https:\/\/www.boardlife.se\/?post_type=product&#038;p=188396"},"modified":"2024-10-06T15:06:50","modified_gmt":"2024-10-06T13:06:50","slug":"skateboard-electrique-exway-x1-max-riot","status":"publish","type":"product","link":"https:\/\/www.boardlife.se\/fr\/boutique\/skateboard-electrique\/patins-electriques-complets\/skateboard-electrique-exway-x1-max-riot\/","title":{"rendered":"Skateboard \u00e9lectrique Exway X1 Max Riot"},"content":{"rendered":"<p>L&#039;Exway X1 existe depuis un certain temps, mais la marque lance aujourd&#039;hui une version am\u00e9lior\u00e9e\u00a0: le X1 Max. Il s&#039;agit d&#039;une \u00e9volution du pr\u00e9c\u00e9dent X1 Pro, qui a rencontr\u00e9 un franc succ\u00e8s\u00a0!<\/p>\n<p>Ils ont investi massivement dans la capacit\u00e9 des batteries, ce qui vous permet d\u00e9sormais d&#039;aller encore plus loin. Avec une autonomie maximale de 30 km, vous pouvez aller o\u00f9 bon vous semble. En achetant \u00e9galement le chargeur rapide, vous pouvez recharger compl\u00e8tement votre planche en moins de deux heures. Mais l&#039;autonomie n&#039;est pas le seul atout. Gr\u00e2ce \u00e0 un contr\u00f4leur de moteur am\u00e9lior\u00e9 et \u00e0 des moteurs Riot ultra-performants, vous b\u00e9n\u00e9ficiez d&#039;un couple incroyable et d&#039;une vitesse de pointe impressionnante. Les cellules de la batterie sont parfaitement int\u00e9gr\u00e9es au plateau ultra-fin de la planche (seulement 1,4 cm d&#039;\u00e9paisseur). Les moteurs sont puissants et vous permettent d&#039;atteindre une vitesse de pointe de 45 km\/h !<\/p>\n<p>Le syst\u00e8me de freinage est de type r\u00e9g\u00e9n\u00e9ratif, ce qui signifie que la batterie se recharge m\u00eame \u00e0 l&#039;arr\u00eat, un avantage certain pour les cyclistes qui pratiquent r\u00e9guli\u00e8rement la descente. Ainsi, vous pouvez r\u00e9cup\u00e9rer de la batterie en roulant.<\/p>\n<p>En r\u00e9sum\u00e9, Exway nous semble \u00eatre l&#039;une des planches les plus performantes de sa cat\u00e9gorie. C&#039;est avec fiert\u00e9 que nous importons d\u00e9sormais la X1 Max en Su\u00e8de\u00a0!<\/p>\n<p><iframe loading=\"lazy\" title=\"Un skateboard \u00e9lectrique qui ressemble \u00e0 un longboard ET qui offre les m\u00eames sensations !\" width=\"500\" height=\"281\" src=\"https:\/\/www.youtube.com\/embed\/EdG14HjKqK0?feature=oembed\" frameborder=\"0\" allow=\"accelerometer; autoplay; clipboard-write; encrypted-media; gyroscope; picture-in-picture; web-share\" referrerpolicy=\"strict-origin-when-cross-origin\" allowfullscreen><\/iframe><\/p>\n<h3>Application g\u00e9niale pour un contr\u00f4le et une vue d&#039;ensemble complets<\/h3>\n<p>Avec la nouvelle application, vous disposez d&#039;une interface conviviale qui vous permet de communiquer avec votre planche via Bluetooth pour la r\u00e9gler et l&#039;optimiser vous-m\u00eame. Vous pouvez r\u00e9gler l&#039;acc\u00e9l\u00e9ration et le freinage de la planche pour chaque rapport. Vous obtenez \u00e9galement un aper\u00e7u complet de la distance parcourue, de l&#039;autonomie actuelle, de la capacit\u00e9 de la batterie et bien plus encore\u00a0! Un look impressionnant et de nombreuses possibilit\u00e9s\u00a0!<\/p>\n<h3><a href=\"https:\/\/www.boardlife.se\/wp-content\/uploads\/2019\/03\/Boardlife-Exway_electric_skateboard_turbo_mode.jpg\"><img loading=\"lazy\" decoding=\"async\" class=\"size-full wp-image-56049 alignright\" src=\"https:\/\/www.boardlife.se\/wp-content\/uploads\/2019\/03\/Boardlife-Exway_electric_skateboard_turbo_mode.jpg\" alt=\"Skateboard \u00e9lectrique Boardlife Exway X1 Pro, mode turbo le plus puissant\" width=\"1200\" height=\"667\" srcset=\"https:\/\/www.boardlife.se\/wp-content\/uploads\/2019\/03\/Boardlife-Exway_electric_skateboard_turbo_mode.jpg 1200w, https:\/\/www.boardlife.se\/wp-content\/uploads\/2019\/03\/Boardlife-Exway_electric_skateboard_turbo_mode-200x111.jpg 200w, https:\/\/www.boardlife.se\/wp-content\/uploads\/2019\/03\/Boardlife-Exway_electric_skateboard_turbo_mode-720x400.jpg 720w, https:\/\/www.boardlife.se\/wp-content\/uploads\/2019\/03\/Boardlife-Exway_electric_skateboard_turbo_mode-300x167.jpg 300w, https:\/\/www.boardlife.se\/wp-content\/uploads\/2019\/03\/Boardlife-Exway_electric_skateboard_turbo_mode-768x427.jpg 768w, https:\/\/www.boardlife.se\/wp-content\/uploads\/2019\/03\/Boardlife-Exway_electric_skateboard_turbo_mode-1024x569.jpg 1024w, https:\/\/www.boardlife.se\/wp-content\/uploads\/2019\/03\/Boardlife-Exway_electric_skateboard_turbo_mode-1000x556.jpg 1000w, https:\/\/www.boardlife.se\/wp-content\/uploads\/2019\/03\/Boardlife-Exway_electric_skateboard_turbo_mode-24x13.jpg 24w, https:\/\/www.boardlife.se\/wp-content\/uploads\/2019\/03\/Boardlife-Exway_electric_skateboard_turbo_mode-36x20.jpg 36w, https:\/\/www.boardlife.se\/wp-content\/uploads\/2019\/03\/Boardlife-Exway_electric_skateboard_turbo_mode-48x27.jpg 48w\" sizes=\"auto, (max-width: 1200px) 100vw, 1200px\"\/><\/a>Puissance turbo<\/h3>\n<p>L&#039;Exway X1 Max repousse les limites de l&#039;acc\u00e9l\u00e9ration. Son moteur moyeu offre actuellement l&#039;un des couples les plus \u00e9lev\u00e9s du march\u00e9. Gr\u00e2ce au mode turbo, vous atteindrez des vitesses in\u00e9dites, mais attention, les premi\u00e8res utilisations seront intenses\u00a0! Le mode turbo permet d&#039;atteindre une vitesse maximale d&#039;environ 45\u00a0km\/h.<\/p>\n<p>La carte est \u00e9quip\u00e9e de capteurs dans les moteurs et autres composants \u00e9lectroniques pour d\u00e9tecter et fournir en permanence un retour d&#039;information au contr\u00f4leur, lui permettant d&#039;agir plus intelligemment et d&#039;ajuster ses caract\u00e9ristiques \u00e0 votre trajet actuel.<\/p>\n<p>Gr\u00e2ce \u00e0 cette adaptation intelligente, vous b\u00e9n\u00e9ficiez d&#039;une meilleure optimisation de votre planche, que vous soyez d\u00e9butant ou expert en skateboard \u00e9lectrique.<\/p>\n<h3>Moteurs Riot extr\u00eamement puissants<\/h3>\n<p>Les moteurs Riot ne sont pas une nouveaut\u00e9, mais la puissance et le couple offerts par l&#039;Exway X1 Max sont remarquables. Le mod\u00e8le pr\u00e9c\u00e9dent \u00e9tait \u00e9quip\u00e9 de moteurs de 600 W, mais la puissance de chaque moteur a \u00e9t\u00e9 augment\u00e9e \u00e0 655 W. Ces deux moteurs puissants permettent de gravir des pentes jusqu&#039;\u00e0 30%. De plus, leur conception permet une conduite intuitive, comme avec un longboard classique, sans que cela ne paraisse \u00e9trange.<\/p>\n<h3>Meilleure protection contre l&#039;eau<\/h3>\n<p>La planche b\u00e9n\u00e9ficie d&#039;un indice de protection IP55, ce qui signifie qu&#039;elle r\u00e9siste aux \u00e9claboussures d&#039;eau en cas d&#039;intemp\u00e9ries. Gr\u00e2ce \u00e0 la protection int\u00e9gr\u00e9e des batteries, celle-ci est sup\u00e9rieure \u00e0 celle des planches o\u00f9 les batteries sont externes. Comme toujours, il est d\u00e9conseill\u00e9 de pratiquer le wakeboard avec une planche \u00e9lectrique, mais il est toujours pr\u00e9f\u00e9rable de la prot\u00e9ger au maximum de l&#039;eau en cas de pluie. Exway souligne d&#039;ailleurs l&#039;importance de cette protection pour \u00e9viter l&#039;usure pr\u00e9matur\u00e9e des pi\u00e8ces les plus expos\u00e9es et susceptibles de rouiller avec le temps.<\/p>\n<h3><a href=\"https:\/\/www.boardlife.se\/wp-content\/uploads\/2019\/03\/Boardlife-Exway_Battery_BMS.jpg\"><img loading=\"lazy\" decoding=\"async\" class=\"size-full wp-image-56047 alignright\" src=\"https:\/\/www.boardlife.se\/wp-content\/uploads\/2019\/03\/Boardlife-Exway_Battery_BMS.jpg\" alt=\"Syst\u00e8me de gestion de batterie (BMS) pour skateboard \u00e9lectrique Boardlife Exway X1 Pro\" width=\"1200\" height=\"667\" srcset=\"https:\/\/www.boardlife.se\/wp-content\/uploads\/2019\/03\/Boardlife-Exway_Battery_BMS.jpg 1200w, https:\/\/www.boardlife.se\/wp-content\/uploads\/2019\/03\/Boardlife-Exway_Battery_BMS-200x111.jpg 200w, https:\/\/www.boardlife.se\/wp-content\/uploads\/2019\/03\/Boardlife-Exway_Battery_BMS-720x400.jpg 720w, https:\/\/www.boardlife.se\/wp-content\/uploads\/2019\/03\/Boardlife-Exway_Battery_BMS-300x167.jpg 300w, https:\/\/www.boardlife.se\/wp-content\/uploads\/2019\/03\/Boardlife-Exway_Battery_BMS-768x427.jpg 768w, https:\/\/www.boardlife.se\/wp-content\/uploads\/2019\/03\/Boardlife-Exway_Battery_BMS-1024x569.jpg 1024w, https:\/\/www.boardlife.se\/wp-content\/uploads\/2019\/03\/Boardlife-Exway_Battery_BMS-1000x556.jpg 1000w, https:\/\/www.boardlife.se\/wp-content\/uploads\/2019\/03\/Boardlife-Exway_Battery_BMS-24x13.jpg 24w, https:\/\/www.boardlife.se\/wp-content\/uploads\/2019\/03\/Boardlife-Exway_Battery_BMS-36x20.jpg 36w, https:\/\/www.boardlife.se\/wp-content\/uploads\/2019\/03\/Boardlife-Exway_Battery_BMS-48x27.jpg 48w\" sizes=\"auto, (max-width: 1200px) 100vw, 1200px\"\/><\/a>S\u00e9curit\u00e9 et charge<\/h3>\n<p>La gestion de batterie d&#039;Exway est extr\u00eamement avanc\u00e9e et con\u00e7ue pour prot\u00e9ger contre les surtensions et mieux maintenir la capacit\u00e9. Elle est conforme \u00e0 la norme de s\u00e9curit\u00e9 internationale ANSI-UL2271. Parmi les protections int\u00e9gr\u00e9es, on trouve\u00a0:<\/p>\n<ul>\n<li>Protection contre les surcharges et les tensions ainsi que les cellules prot\u00e9g\u00e9es contre la temp\u00e9rature.<\/li>\n<li>Lorsque la batterie est faible, la puissance est automatiquement ajust\u00e9e pour \u00e9viter le risque de piles \u00e0 combustible vides.<\/li>\n<li>Lorsque la tension des batteries est trop \u00e9lev\u00e9e ou trop basse, vous serez averti par un retour d&#039;information dans votre contr\u00f4leur et sur l&#039;\u00e9cran OLED pour maintenir une conduite s\u00fbre.<\/li>\n<\/ul>\n<h3><a href=\"https:\/\/www.boardlife.se\/wp-content\/uploads\/2019\/03\/Boardlife-Exway_X1_Pro_R1_Remote.jpg\"><img loading=\"lazy\" decoding=\"async\" class=\"size-full wp-image-56046 alignright\" src=\"https:\/\/www.boardlife.se\/wp-content\/uploads\/2019\/03\/Boardlife-Exway_X1_Pro_R1_Remote.jpg\" alt=\"T\u00e9l\u00e9commande pour skateboard \u00e9lectrique Boardlife Exway X1 Pro\" width=\"1200\" height=\"667\" srcset=\"https:\/\/www.boardlife.se\/wp-content\/uploads\/2019\/03\/Boardlife-Exway_X1_Pro_R1_Remote.jpg 1200w, https:\/\/www.boardlife.se\/wp-content\/uploads\/2019\/03\/Boardlife-Exway_X1_Pro_R1_Remote-200x111.jpg 200w, https:\/\/www.boardlife.se\/wp-content\/uploads\/2019\/03\/Boardlife-Exway_X1_Pro_R1_Remote-720x400.jpg 720w, https:\/\/www.boardlife.se\/wp-content\/uploads\/2019\/03\/Boardlife-Exway_X1_Pro_R1_Remote-300x167.jpg 300w, https:\/\/www.boardlife.se\/wp-content\/uploads\/2019\/03\/Boardlife-Exway_X1_Pro_R1_Remote-768x427.jpg 768w, https:\/\/www.boardlife.se\/wp-content\/uploads\/2019\/03\/Boardlife-Exway_X1_Pro_R1_Remote-1024x569.jpg 1024w, https:\/\/www.boardlife.se\/wp-content\/uploads\/2019\/03\/Boardlife-Exway_X1_Pro_R1_Remote-1000x556.jpg 1000w, https:\/\/www.boardlife.se\/wp-content\/uploads\/2019\/03\/Boardlife-Exway_X1_Pro_R1_Remote-24x13.jpg 24w, https:\/\/www.boardlife.se\/wp-content\/uploads\/2019\/03\/Boardlife-Exway_X1_Pro_R1_Remote-36x20.jpg 36w, https:\/\/www.boardlife.se\/wp-content\/uploads\/2019\/03\/Boardlife-Exway_X1_Pro_R1_Remote-48x27.jpg 48w\" sizes=\"auto, (max-width: 1200px) 100vw, 1200px\"\/><\/a>T\u00e9l\u00e9commande intelligente R1<\/h3>\n<p>La commande est identique \u00e0 celle du pr\u00e9c\u00e9dent mod\u00e8le Exway R1, ce qui la rend compatible avec toutes les planches de la gamme Exway. Son excellente prise en main et son ergonomie permettent un contr\u00f4le optimal. La surface caoutchout\u00e9e de la commande assure une bonne adh\u00e9rence, m\u00eame par temps humide. L&#039;acc\u00e9l\u00e9ration et le freinage s&#039;effectuent gr\u00e2ce \u00e0 une poign\u00e9e d&#039;acc\u00e9l\u00e9rateur en forme de roue, facilitant ainsi le r\u00e9glage de la vitesse en conduite et le freinage. Un \u00e9cran OLED affiche clairement l&#039;\u00e9tat de la planche et de la commande. Des vibrations vous alertent en cas de besoin. La commande propose quatre modes de conduite diff\u00e9rents\u00a0: le mode 1, \u00e0 acc\u00e9l\u00e9ration contr\u00f4l\u00e9e, et le mode 3, offrant une maniabilit\u00e9 et une vitesse maximales.<\/p>\n<h3>Les camions tristes<\/h3>\n<p>Contrairement au pr\u00e9c\u00e9dent X1, les trucks ont \u00e9t\u00e9 remplac\u00e9s par des Trist, la marque propre d&#039;Exway. Chaque truck est \u00e9quip\u00e9 d&#039;un double barrel offrant un excellent rebond et une bonne stabilit\u00e9 \u00e0 haute vitesse, sans compromettre les sensations \u00e0 basse vitesse. Comme vous pouvez le constater, le passage aux trucks Trist repr\u00e9sente un gain de hauteur significatif. Bien que nous ayons appr\u00e9ci\u00e9 les anciens trucks Seismic, il \u00e9tait difficile de remplacer les bushings par des mod\u00e8les compatibles, car leur forme \u00e9tait sp\u00e9cifique. Gr\u00e2ce \u00e0 ce syst\u00e8me standard, vous pouvez d\u00e9sormais tester diff\u00e9rents bushings pour obtenir les caract\u00e9ristiques souhait\u00e9es.<\/p>\n<p><a href=\"https:\/\/www.boardlife.se\/wp-content\/uploads\/2022\/05\/Exway-X1-Max-drivetrain-riot-trist-truck.jpeg\"><img loading=\"lazy\" decoding=\"async\" class=\"alignnone wp-image-163863 size-full\" src=\"https:\/\/www.boardlife.se\/wp-content\/uploads\/2022\/05\/Exway-X1-Max-drivetrain-riot-trist-truck.jpeg\" alt=\"\" width=\"750\" height=\"750\" srcset=\"https:\/\/www.boardlife.se\/wp-content\/uploads\/2022\/05\/Exway-X1-Max-drivetrain-riot-trist-truck.jpeg 750w, https:\/\/www.boardlife.se\/wp-content\/uploads\/2022\/05\/Exway-X1-Max-drivetrain-riot-trist-truck-360x360.jpeg 360w, https:\/\/www.boardlife.se\/wp-content\/uploads\/2022\/05\/Exway-X1-Max-drivetrain-riot-trist-truck-200x200.jpeg 200w, https:\/\/www.boardlife.se\/wp-content\/uploads\/2022\/05\/Exway-X1-Max-drivetrain-riot-trist-truck-720x720.jpeg 720w, https:\/\/www.boardlife.se\/wp-content\/uploads\/2022\/05\/Exway-X1-Max-drivetrain-riot-trist-truck-300x300.jpeg 300w, https:\/\/www.boardlife.se\/wp-content\/uploads\/2022\/05\/Exway-X1-Max-drivetrain-riot-trist-truck-150x150.jpeg 150w, https:\/\/www.boardlife.se\/wp-content\/uploads\/2022\/05\/Exway-X1-Max-drivetrain-riot-trist-truck-250x250.jpeg 250w, https:\/\/www.boardlife.se\/wp-content\/uploads\/2022\/05\/Exway-X1-Max-drivetrain-riot-trist-truck-100x100.jpeg 100w\" sizes=\"auto, (max-width: 750px) 100vw, 750px\"\/><\/a><\/p>\n<h3><a class=\"collection_title\">Pont concave<\/a><\/h3>\n<p>Le design de la planche est un \u00e9l\u00e9ment essentiel pour une ma\u00eetrise optimale dans les virages et \u00e0 haute vitesse. Elle est d\u00e9sormais dot\u00e9e d&#039;un concave ergonomique pour un meilleur maintien des pieds et une maniabilit\u00e9 accrue.<\/p>\n<h3><a href=\"https:\/\/www.boardlife.se\/wp-content\/uploads\/2019\/03\/Boardlife-Exway_X1_Pro_Electric_Skateboard_85mm_wheels.jpg\"><img loading=\"lazy\" decoding=\"async\" class=\"size-full wp-image-56044 alignright\" src=\"https:\/\/www.boardlife.se\/wp-content\/uploads\/2019\/03\/Boardlife-Exway_X1_Pro_Electric_Skateboard_85mm_wheels.jpg\" alt=\"Skateboard \u00e9lectrique Boardlife Exway X1 Pro avec roues de 85 mm\" width=\"1200\" height=\"667\" srcset=\"https:\/\/www.boardlife.se\/wp-content\/uploads\/2019\/03\/Boardlife-Exway_X1_Pro_Electric_Skateboard_85mm_wheels.jpg 1200w, https:\/\/www.boardlife.se\/wp-content\/uploads\/2019\/03\/Boardlife-Exway_X1_Pro_Electric_Skateboard_85mm_wheels-200x111.jpg 200w, https:\/\/www.boardlife.se\/wp-content\/uploads\/2019\/03\/Boardlife-Exway_X1_Pro_Electric_Skateboard_85mm_wheels-720x400.jpg 720w, https:\/\/www.boardlife.se\/wp-content\/uploads\/2019\/03\/Boardlife-Exway_X1_Pro_Electric_Skateboard_85mm_wheels-300x167.jpg 300w, https:\/\/www.boardlife.se\/wp-content\/uploads\/2019\/03\/Boardlife-Exway_X1_Pro_Electric_Skateboard_85mm_wheels-768x427.jpg 768w, https:\/\/www.boardlife.se\/wp-content\/uploads\/2019\/03\/Boardlife-Exway_X1_Pro_Electric_Skateboard_85mm_wheels-1024x569.jpg 1024w, https:\/\/www.boardlife.se\/wp-content\/uploads\/2019\/03\/Boardlife-Exway_X1_Pro_Electric_Skateboard_85mm_wheels-1000x556.jpg 1000w, https:\/\/www.boardlife.se\/wp-content\/uploads\/2019\/03\/Boardlife-Exway_X1_Pro_Electric_Skateboard_85mm_wheels-24x13.jpg 24w, https:\/\/www.boardlife.se\/wp-content\/uploads\/2019\/03\/Boardlife-Exway_X1_Pro_Electric_Skateboard_85mm_wheels-36x20.jpg 36w, https:\/\/www.boardlife.se\/wp-content\/uploads\/2019\/03\/Boardlife-Exway_X1_Pro_Electric_Skateboard_85mm_wheels-48x27.jpg 48w\" sizes=\"auto, (max-width: 1200px) 100vw, 1200px\"\/><\/a>Roue Pro 85 mm<\/h3>\n<p>Les roues ont \u00e9t\u00e9 remplac\u00e9es par des roues de 85 mm pour un meilleur roulement et la nouvelle formule a \u00e9t\u00e9 am\u00e9lior\u00e9e pour offrir une bonne adh\u00e9rence et une plus grande durabilit\u00e9.<\/p>\n<h3>\u00c9meute\u2026<\/h3>\n<p>Une fois votre X1 Pro achet\u00e9, vous pouvez opter pour le pack Riot. Ce kit pratique permet de remplacer vos moteurs de moyeu par deux moteurs \u00e0 courroie, comme ceux propos\u00e9s par Boosted ou Evolve. Un pack id\u00e9al pour ceux qui recherchent un couple moteur encore plus important\u00a0!<\/p>\n<h2>CARACT\u00c9RISTIQUES<\/h2>\n<ul>\n<li>Dimensions : 972 \u00d7 296 \u00d7 136 mm (L \u00d7 l \u00d7 H)<\/li>\n<li>Poids : 7,6 kg (moyeu) 7,9 kg (\u00e9meute)<\/li>\n<li>Vitesse maximale : 45 km\/h<\/li>\n<li>Autonomie : 30 km<\/li>\n<li>Escalade : 30%<\/li>\n<li>Temps de charge\u00a0: 1,8\u00a0h (chargeur rapide) \/ 5\u00a0h (chargeur standard)<\/li>\n<li>Charge maximale : 100 kg \/ 220 lbs<\/li>\n<li>Garantie : 6 (six) mois<\/li>\n<\/ul>\n<h2>Accessoires inclus<\/h2>\n<ul>\n<li>Exway X1 Max<\/li>\n<li>T\u00e9l\u00e9commande R1<\/li>\n<li>Chargeur standard<\/li>\n<li>Outil de skate<\/li>\n<li>Manuel.<\/li>\n<li>Notre application compl\u00e8te est disponible sur Android et iOS et permet au pilote de changer de mode, de d\u00e9finir des courbes d&#039;acc\u00e9l\u00e9ration et de personnaliser son niveau et son style de conduite.<\/li>\n<\/ul>\n<h2>Garantie de 6 mois<\/h2>\n<p>Nous offrons une garantie de 6 mois si vous constatez un d\u00e9faut de fabrication sur la carte.<\/p>\n<h2>\u00c0 propos de l&#039;usure de la batterie<\/h2>\n<p>Veuillez noter que les batteries s&#039;usent naturellement avec le temps et se d\u00e9t\u00e9rioreront in\u00e9vitablement apr\u00e8s une utilisation fr\u00e9quente. Pour une durabilit\u00e9 optimale, il est \u00e9galement important de suivre les conseils d&#039;Exway concernant la charge et l&#039;entretien de leurs batteries.<\/p>","protected":false},"excerpt":{"rendered":"<p>L&#039;Exway X1 Max est r\u00e9put\u00e9e pour \u00eatre l&#039;une des cartes m\u00e8res les plus abordables et professionnelles du moment. Elle offre \u00e0 la fois des caract\u00e9ristiques impressionnantes et une excellente carte m\u00e8re \u00e9lectrique. Le pr\u00e9c\u00e9dent X1 a connu un succ\u00e8s consid\u00e9rable, mais il est d\u00e9sormais remplac\u00e9 par son successeur, le X1 Max. Comme auparavant, le Max est disponible en version Hub et \u00e0 entra\u00eenement par courroie (Riot).<\/p>\n<div><strong>En raison d&#039;une forte demande, cet article est en rupture de stock. Nous livrons les planches par ordre d&#039;arriv\u00e9e\u00a0; passez commande d\u00e8s maintenant pour garantir votre place dans la file d&#039;attente.\u00a0<\/strong><\/div>\n<div><strong>Le d\u00e9lai d&#039;attente actuel est d&#039;environ 2 semaines.\u00a0<\/strong><\/div>\n<div><\/div>\n<div><em><strong>Conseil\u00a0: Si vous passez commande et choisissez de payer avec une facture Klarna, celle-ci ne sera \u00e9tablie qu&#039;\u00e0 l&#039;exp\u00e9dition de la marchandise. Ainsi, vous ne recevrez pas d&#039;argent avant la livraison.\u00a0<\/strong><\/em><\/div>","protected":false},"featured_media":163867,"comment_status":"open","ping_status":"closed","template":"","meta":[],"product_brand":[2558],"product_cat":[2266],"product_tag":[1839,1840],"class_list":{"0":"post-188396","1":"product","2":"type-product","3":"status-publish","4":"has-post-thumbnail","6":"product_brand-exway","7":"product_cat-complete-e-skates","8":"product_tag-elbrada","9":"product_tag-elektrisk-longboard","10":"product_shipping_class-skrymmande","11":"pa_manufacturer-exway","13":"first","14":"outofstock","15":"sale","16":"taxable","17":"shipping-taxable","18":"purchasable","19":"product-type-simple"},"composite_virtual":false,"composite_layout":"","composite_add_to_cart_form_location":"","composite_editable_in_cart":false,"composite_sold_individually_context":"","composite_shop_price_calc":"","composite_components":[],"composite_scenarios":[],"jetpack_sharing_enabled":true,"_links":{"self":[{"href":"https:\/\/www.boardlife.se\/fr\/wp-json\/wp\/v2\/product\/188396","targetHints":{"allow":["GET"]}}],"collection":[{"href":"https:\/\/www.boardlife.se\/fr\/wp-json\/wp\/v2\/product"}],"about":[{"href":"https:\/\/www.boardlife.se\/fr\/wp-json\/wp\/v2\/types\/product"}],"replies":[{"embeddable":true,"href":"https:\/\/www.boardlife.se\/fr\/wp-json\/wp\/v2\/comments?post=188396"}],"wp:featuredmedia":[{"embeddable":true,"href":"https:\/\/www.boardlife.se\/fr\/wp-json\/wp\/v2\/media\/163867"}],"wp:attachment":[{"href":"https:\/\/www.boardlife.se\/fr\/wp-json\/wp\/v2\/media?parent=188396"}],"wp:term":[{"taxonomy":"product_brand","embeddable":true,"href":"https:\/\/www.boardlife.se\/fr\/wp-json\/wp\/v2\/product_brand?post=188396"},{"taxonomy":"product_cat","embeddable":true,"href":"https:\/\/www.boardlife.se\/fr\/wp-json\/wp\/v2\/product_cat?post=188396"},{"taxonomy":"product_tag","embeddable":true,"href":"https:\/\/www.boardlife.se\/fr\/wp-json\/wp\/v2\/product_tag?post=188396"}],"curies":[{"name":"wp","href":"https:\/\/api.w.org\/{rel}","templated":true}]}}