{"id":183370,"date":"2023-03-17T17:50:12","date_gmt":"2023-03-17T16:50:12","guid":{"rendered":"https:\/\/www.boardlife.se\/?post_type=product&#038;p=183370"},"modified":"2026-01-27T10:24:02","modified_gmt":"2026-01-27T09:24:02","slug":"skateboards-evolve-gtr-2-bamboo-street","status":"publish","type":"product","link":"https:\/\/www.boardlife.se\/fr\/boutique\/skateboard-electrique\/patins-electriques-complets\/skateboards-evolve-gtr-2-bamboo-street\/","title":{"rendered":"Skateboards Evolve GTR 2 Bamboo Street"},"content":{"rendered":"<p>Evolve est r\u00e9put\u00e9 pour sa qualit\u00e9, et pouvoir la proposer chez Boardlife est un vrai plus. La GTR 2 Bamboo est une version am\u00e9lior\u00e9e en bambou de haute qualit\u00e9. Elle est disponible, tout comme les planches en carbone, en versions tout-terrain et street, que vous pouvez d\u00e9couvrir ici. Un monstre con\u00e7u pour vous accompagner partout, sur toutes les surfaces et dans toutes les conditions. C&#039;est donc la m\u00eame planche, mais avec des roues diff\u00e9rentes.<\/p>\n<p>La GTR Bamboo peut \u00eatre conduite avec les petites roues de route ou simplement avec les grandes roues tout-terrain. Selon que vous optiez pour les roues de route ou tout-terrain, l&#039;autonomie et la vitesse de pointe varient l\u00e9g\u00e8rement. Les grandes roues vous permettent d&#039;acc\u00e9der \u00e0 tous les endroits possibles et, malgr\u00e9 les grandes roues, l&#039;autonomie atteint 30 km\u00a0! Avec une vitesse de pointe de 38 km\/h, les petites roues permettent d&#039;atteindre jusqu&#039;\u00e0 50 km et une vitesse de pointe de 44 km\/h.<\/p>\n<p>La Street vous emm\u00e8nera partout \u00e0 une vitesse incroyable. Gr\u00e2ce \u00e0 ses roues en ur\u00e9thane moins adh\u00e9rentes, l&#039;acc\u00e9l\u00e9ration et l&#039;adh\u00e9rence sont excellentes. La Street peut \u00e9galement atteindre la vitesse maximale de la planche, soit 44 km\/h. Elle poss\u00e8de \u00e9galement la plus grande autonomie, soit 50 km\u00a0!<\/p>\n<p>Que vous choisissiez le tout-terrain ou le street, la planche reste la m\u00eame. Vous pouvez facilement acheter un kit de conversion pour adapter la GTR Bamboo 2 \u00e0 la version souhait\u00e9e.<\/p>\n<h3>Bambou contre carbone<\/h3>\n<p>Quelle est la diff\u00e9rence entre une planche en bambou et une planche en fibre de carbone\u00a0? Outre son aspect brut, la planche en carbone est l\u00e9g\u00e8rement plus l\u00e9g\u00e8re que la planche en bambou. De plus, elle peut supporter des riders jusqu&#039;\u00e0 120\u00a0kg, alors que le poids maximum recommand\u00e9 pour la version en bambou est de 100\u00a0kg. La planche en bambou est l\u00e9g\u00e8rement plus confortable, car elle offre \u00e9galement une <a class=\"glossaryLink cmtt_Snowboard\"  aria-describedby=\"tt\"  data-cmtooltip=\"&lt;div class=glossaryItemTitle&gt;Flex&lt;\/div&gt;&lt;div class=glossaryItemBody&gt;I huvudsak menar man b&ouml;jbarheten p&aring; br&auml;dan.&lt;\/div&gt;&lt;div class=glossaryTooltipMoreLinkWrapper&gt;&lt;a class=glossaryTooltipMoreLink href=https:\/\/www.boardlife.se\/fr\/glossaire\/flechir\/ &gt;L&auml;s mer&lt;\/a&gt;&lt;\/div&gt;\"  href=\"https:\/\/www.boardlife.se\/fr\/glossaire\/flechir\/\"  data-mobile-support=\"0\"  data-gt-translate-attributes='[{\"attribute\":\"data-cmtooltip\", \"format\":\"html\"}]'>fl\u00e9chir<\/a> ce que le mod\u00e8le en fibre de carbone ne peut pas offrir de la m\u00eame mani\u00e8re.<\/p>\n<h3>Alors, quoi de neuf dans la version 2 ?<\/h3>\n<p>Bien que l&#039;autonomie et la vitesse de pointe, d\u00e9j\u00e0 \u00e9lev\u00e9es, n&#039;aient pas \u00e9t\u00e9 modifi\u00e9es, le mod\u00e8le a \u00e9t\u00e9 modernis\u00e9, tant \u00e0 l&#039;int\u00e9rieur qu&#039;\u00e0 l&#039;ext\u00e9rieur. La qualit\u00e9 et la durabilit\u00e9 des composants internes ont \u00e9t\u00e9 am\u00e9lior\u00e9es. Fort de notre longue exp\u00e9rience avec le mod\u00e8le GTR, nous avons pu nous concentrer sur les am\u00e9liorations apport\u00e9es \u00e0 la GTR2.<\/p>\n<ul>\n<li>Les moteurs ont \u00e9t\u00e9 remplac\u00e9s par ceux utilis\u00e9s par Hadean, ce qui offre une puissance et un couple nettement sup\u00e9rieurs. Ces moteurs peuvent supporter une r\u00e9sistance bien plus importante et ne chauffent pas comme les moteurs pr\u00e9c\u00e9dents.<\/li>\n<li>Plus puissant et l\u00e9g\u00e8rement plus rapide que le GTR(1) mais m\u00eame autonomie.<\/li>\n<li>Des moteurs plus silencieux.<\/li>\n<li>Durabilit\u00e9 am\u00e9lior\u00e9e.<\/li>\n<li>Capacit\u00e9s de refroidissement am\u00e9lior\u00e9es.<\/li>\n<li>Gr\u00e2ce au Bluetooth FOC, il a \u00e9t\u00e9 possible d&#039;am\u00e9liorer la r\u00e9ponse et la communication entre le contr\u00f4leur et la carte, ce qui permet \u00e0 la carte de recevoir une r\u00e9ponse nettement plus directe.<\/li>\n<li>La manette elle-m\u00eame est d\u00e9sormais \u00e9galement \u00e9quip\u00e9e du nouveau mod\u00e8le Phaze, de s\u00e9rie. Vous b\u00e9n\u00e9ficiez ainsi d&#039;une manette nettement plus r\u00e9sistante et dot\u00e9e d&#039;un tout nouvel \u00e9cran \u00e9l\u00e9gant.<\/li>\n<li>Nouveau contr\u00f4leur ESC\/moteur similaire \u00e0 celui de Hadean, qui offre plus d&#039;options de personnalisation qu&#039;auparavant.<\/li>\n<li>ESC extra silencieux, presque silencieux.<\/li>\n<\/ul>\n<p>Avec la sortie de la GTR2, l&#039;ancien mod\u00e8le est \u00e9galement retir\u00e9 du march\u00e9. Cependant, nous avons toujours la possibilit\u00e9 de retrouver des pi\u00e8ces d\u00e9tach\u00e9es plus anciennes pour les anciens mod\u00e8les d&#039;Evolve.<\/p>\n<h2>Description originale<\/h2>\n<p><strong>GTR 2 Rue du Bambou<\/strong><\/p>\n<p>Le GTR 2 Bamboo reprend les meilleures caract\u00e9ristiques de l&#039;artisanat des planches \u00e0 l&#039;ancienne et les fusionne avec une technologie de pointe pour produire le skateboard \u00e9lectrique ultime.<\/p>\n<p>Chaque am\u00e9lioration apport\u00e9e \u00e0 la S\u00e9rie 2 \u00e9tablit une norme plus \u00e9lev\u00e9e en mati\u00e8re de transport personnel, sans aucun compromis pour atteindre l&#039;exp\u00e9rience de conduite ultime en termes de performances, de durabilit\u00e9 et de qualit\u00e9 de conduite.<\/p>\n<p>La combinaison du confort, de la fiabilit\u00e9 et de la technologie intelligente signifie que vous pouvez passer plus de temps \u00e0 profiter de votre voyage, peu importe o\u00f9 vous souhaitez explorer.<\/p>\n<p><strong>La technologie<\/strong><\/p>\n<p>La S\u00e9rie 2 introduit le contr\u00f4le FOC Bluetooth sur la GTR, offrant un niveau de puissance instantan\u00e9 in\u00e9dit avec des acc\u00e9l\u00e9rations et des freinages ultra-fluides, vous offrant un contr\u00f4le de conduite intuitif ultime. Notre technologie de batterie lithium-ion Power Flex vous offre une autonomie r\u00e9elle allant jusqu&#039;\u00e0 50 km par charge, transformant n&#039;importe quelle route ou chemin en une vague infinie de r\u00eave. D\u00e9sormais, avec ses deux puissants moteurs 6368 de 6\u00a0000 W, entra\u00een\u00e9s par nos roues de course en ligne Evolve de 97 mm fabriqu\u00e9es aux \u00c9tats-Unis, cette machine offre des performances fluides et r\u00e9actives.<\/p>\n<p><strong>Le trajet<\/strong><\/p>\n<p>Si vous avez d\u00e9j\u00e0 skat\u00e9, vous appr\u00e9cierez le pop de cette planche, qui vous offre une flexibilit\u00e9 optimale. Le design drop-through des trucks permet <a class=\"glossaryLink cmtt_Komponenter\" aria-describedby=\"tt\" data-cmtooltip=\"&lt;div class=glossaryItemTitle&gt;Wheelbase&lt;\/div&gt;&lt;div class=glossaryItemBody&gt;Detta begrepp handlar om det avst&aring;nd du har mellan dina truckar. Ett l&auml;ngre avst&aring;nd ger mer stabilitet och lite l&aring;ngsammare sv&auml;ngar medan den korta kan bli kvickare.&lt;\/div&gt;&lt;div class=cmtt_synonyms_wrapper&gt;&lt;div class=cmtt_synonyms_title&gt;Synonymer: &lt;\/div&gt;&lt;div class=cmtt_synonyms&gt;hjulbas,  WB&lt;\/div&gt;&lt;\/div&gt;&lt;div class=glossaryTooltipMoreLinkWrapper&gt;&lt;a class=glossaryTooltipMoreLink href=https:\/\/www.boardlife.se\/fr\/glossaire\/empattement-2\/ &gt;L&auml;s mer&lt;\/a&gt;&lt;\/div&gt;\" href=\"https:\/\/www.boardlife.se\/fr\/glossaire\/empattement-2\/\" data-mobile-support=\"0\" data-gt-translate-attributes='[{\"attribute\":\"data-cmtooltip\", \"format\":\"html\"}]'>empattement<\/a> Ajustez votre ride et profitez d&#039;une sensation de profil bas, exactement comme vous le souhaitez. Que vous soyez adepte de carvings courts et pr\u00e9cis ou longs et profonds, notre planche en bambou a un style longboard classique et vous offrira une sensation plus douce sous le pied que son homologue en carbone.<\/p>\n<p>Ne confondez pas douceur et lenteur\u2026 le mode Bamboo Street de la GTR 2 est comme un gu\u00e9pard d\u00e9cha\u00een\u00e9\u00a0! Ultra-rapide et adh\u00e9rent, r\u00e9actif et agile, il poss\u00e8de la puissance n\u00e9cessaire pour gravir toutes les pentes. Les virages se transformeront en points de corde, les larges \u00e9tendues en pistes, et les sentiers d\u00e9gag\u00e9s figureront parmi vos pistes de poudreuse pr\u00e9f\u00e9r\u00e9es\u00a0! Cette planche changera votre vision du monde et des sentiers que vous y croiserez.<\/p>\n<p><strong>Options suppl\u00e9mentaires<\/strong><\/p>\n<p>L&#039;Evolve GTR 2 Bamboo Street offre encore plus de flexibilit\u00e9 aux passionn\u00e9s de glisse, avec deux ports pour alimenter le Prism Strip sous un \u00e9clairage fluorescent et une nouvelle option de batterie interchangeable compatible avec les compagnies a\u00e9riennes pour ceux qui souhaitent emporter leur planche en voyage. Contrairement aux autres planches du march\u00e9, la Bamboo GTR 2 Street est compatible avec notre kit tout-terrain, qui r\u00e9volutionne les sensations et vous ouvre de nouveaux horizons.<\/p>\n<p><strong>La t\u00e9l\u00e9commande<\/strong><\/p>\n<p>La toute nouvelle t\u00e9l\u00e9commande Phaze offre une acc\u00e9l\u00e9ration et un freinage intuitifs gr\u00e2ce \u00e0 sa conception \u00e0 double g\u00e2chette et son cadre robuste en aluminium. Ce cadre en aluminium usin\u00e9 CNC constitue la base de la t\u00e9l\u00e9commande, la renfor\u00e7ant par une construction con\u00e7ue pour r\u00e9pondre aux besoins des riders les plus exigeants. Son interface utilisateur avanc\u00e9e permet aux riders de suivre leurs pr\u00e9c\u00e9dentes sorties, d&#039;afficher les informations de diagnostic de la planche et de contr\u00f4ler des param\u00e8tres tels que les couleurs et modes d&#039;\u00e9clairage et les limitations de vitesse. La Phaze est la t\u00e9l\u00e9commande la plus sophistiqu\u00e9e du secteur du skateboard \u00e9lectrique.<\/p>\n<p><strong>L&#039;application<\/strong><\/p>\n<p>La GTR 2 Bamboo Street offre plus de modes de conduite que jamais, avec les modes ECO, SPORT et GTR de s\u00e9rie. Gr\u00e2ce \u00e0 l&#039;application Explore By Evolve, les pilotes peuvent ajuster la puissance totale, l&#039;acc\u00e9l\u00e9ration et les courbes de freinage pour s&#039;adapter parfaitement \u00e0 leur style de conduite. Vous pouvez \u00e9galement suivre et partager vos trajets, vous mesurer \u00e0 la communaut\u00e9 mondiale des pilotes au classement et, bien s\u00fbr, utiliser l&#039;application pour les mises \u00e0 jour en direct sur iOS et Android. Et vous avez-vous d\u00e9j\u00e0 mentionn\u00e9 que l&#039;application permet de consulter les informations de diagnostic et d&#039;appliquer un mode d&#039;\u00e9clairage personnalis\u00e9 \u00e0 vos Prism Strips\u00a0?<\/p>\n<p>Qu&#039;y a-t-il dans la bo\u00eete ?<\/p>\n<p>\u2022 Skateboard de rue en bambou Evolve GTR 2<br>\n\u2022 Mallette de transport Evolve contenant \u2013 T\u00e9l\u00e9commande Phase, Chargeur rapide, Outil Y, Vis de rechange<br>\n\u2022 Manuel et pack d&#039;autocollants<\/p>","protected":false},"excerpt":{"rendered":"<p>La derni\u00e8re GTR2 Bamboo Street vous permet d&#039;aller o\u00f9 vous voulez. Ses composants et son logiciel am\u00e9lior\u00e9s, associ\u00e9s \u00e0 la t\u00e9l\u00e9commande Phaze, offrent une r\u00e9activit\u00e9 et un contact encore plus pr\u00e9cis avec la planche. Ses caract\u00e9ristiques impressionnantes lui conf\u00e8rent une autonomie de 50 km et une vitesse de pointe de 44 km\/h. La planche est \u00e9galement disponible en version tout-terrain avec des roues plus grandes, id\u00e9ale pour le tout-terrain. L&#039;autonomie est l\u00e9g\u00e8rement inf\u00e9rieure, mais les possibilit\u00e9s sont plus nombreuses\u00a0! Quelle que soit la version choisie, vous pouvez facilement acheter un kit pour la convertir en Street ou en tout-terrain.<\/p>\n<p><span style=\"text-decoration: underline; color: #ff6600;\"><strong>Veuillez noter qu'il s'agit d'un article fabriqu\u00e9 sur commande. Le d\u00e9lai de livraison est estim\u00e9 \u00e0 environ 7 jours ouvrables.<\/strong><\/span><\/p>","protected":false},"featured_media":189385,"comment_status":"open","ping_status":"closed","template":"","meta":[],"product_brand":[2557],"product_cat":[2266],"product_tag":[2100,2101],"class_list":{"0":"post-183370","1":"product","2":"type-product","3":"status-publish","4":"has-post-thumbnail","6":"product_brand-evolve-skateboards","7":"product_cat-complete-e-skates","8":"product_tag-all-terrain","9":"product_tag-offroad","10":"pa_konstruktion-2-lager-glasfiber","11":"pa_konstruktion-3-lager-bambu","12":"pa_manufacturer-evolve","14":"first","15":"onbackorder","16":"sale","17":"taxable","18":"shipping-taxable","19":"purchasable","20":"product-type-simple"},"composite_virtual":false,"composite_layout":"","composite_add_to_cart_form_location":"","composite_editable_in_cart":false,"composite_sold_individually_context":"","composite_shop_price_calc":"","composite_components":[],"composite_scenarios":[],"jetpack_sharing_enabled":true,"_links":{"self":[{"href":"https:\/\/www.boardlife.se\/fr\/wp-json\/wp\/v2\/product\/183370","targetHints":{"allow":["GET"]}}],"collection":[{"href":"https:\/\/www.boardlife.se\/fr\/wp-json\/wp\/v2\/product"}],"about":[{"href":"https:\/\/www.boardlife.se\/fr\/wp-json\/wp\/v2\/types\/product"}],"replies":[{"embeddable":true,"href":"https:\/\/www.boardlife.se\/fr\/wp-json\/wp\/v2\/comments?post=183370"}],"wp:featuredmedia":[{"embeddable":true,"href":"https:\/\/www.boardlife.se\/fr\/wp-json\/wp\/v2\/media\/189385"}],"wp:attachment":[{"href":"https:\/\/www.boardlife.se\/fr\/wp-json\/wp\/v2\/media?parent=183370"}],"wp:term":[{"taxonomy":"product_brand","embeddable":true,"href":"https:\/\/www.boardlife.se\/fr\/wp-json\/wp\/v2\/product_brand?post=183370"},{"taxonomy":"product_cat","embeddable":true,"href":"https:\/\/www.boardlife.se\/fr\/wp-json\/wp\/v2\/product_cat?post=183370"},{"taxonomy":"product_tag","embeddable":true,"href":"https:\/\/www.boardlife.se\/fr\/wp-json\/wp\/v2\/product_tag?post=183370"}],"curies":[{"name":"wp","href":"https:\/\/api.w.org\/{rel}","templated":true}]}}