{"id":18267,"date":"2014-10-15T16:25:50","date_gmt":"2014-10-15T14:25:50","guid":{"rendered":"http:\/\/boardlife.se\/shop\/bushings\/riptide-aps-bushings-cone\/"},"modified":"2025-08-04T09:03:45","modified_gmt":"2025-08-04T07:03:45","slug":"bagues-de-cone-riptide-aps","status":"publish","type":"product","link":"https:\/\/www.boardlife.se\/fr\/boutique\/longboard\/composants-de-longboard\/bagues-de-longboard\/bagues-de-cone-riptide-aps\/","title":{"rendered":"Riptide \u2013 C\u00f4ne de bagues APS"},"content":{"rendered":"<p>APS\u2122 : \u00ab Syst\u00e8me polym\u00e8re anim\u00e9 \u00bb<\/p>\n<p>Comme son nom l\u2019indique, ce compos\u00e9 est tr\u00e8s vivant et offre une forte <a class=\"glossaryLink cmtt_Komponenter cmtt_&Aring;kning\" aria-describedby=\"tt\" data-cmtooltip=\"&lt;div class=glossaryItemTitle&gt;Rebound&lt;\/div&gt;&lt;div class=glossaryItemBody&gt;Rebound &auml;r den kraft som n&aring;got ger tillbaka efter att man exempelvis pressat sina bushings, truckar, hjul eller br&auml;da i en viss riktning. En h&ouml;gre rebound betyder en starkare kraft tillbaka till sitt ursprungsl&auml;ge.&lt;\/div&gt;&lt;div class=glossaryTooltipMoreLinkWrapper&gt;&lt;a class=glossaryTooltipMoreLink href=https:\/\/www.boardlife.se\/fr\/glossaire\/rebond\/ &gt;L&auml;s mer&lt;\/a&gt;&lt;\/div&gt;\" href=\"https:\/\/www.boardlife.se\/fr\/glossaire\/rebond\/\" data-mobile-support=\"0\" data-gt-translate-attributes='[{\"attribute\":\"data-cmtooltip\", \"format\":\"html\"}]'>rebond<\/a> avec beaucoup de contr\u00f4le et <a class=\"glossaryLink cmtt_Komponenter cmtt_&Aring;kning\"  aria-describedby=\"tt\"  data-cmtooltip=\"&lt;div class=glossaryItemTitle&gt;Lean&lt;\/div&gt;&lt;div class=glossaryItemBody&gt;Alla truckar f&aring;r br&auml;dan att luta n&auml;r man sv&auml;nger med dem. Hur mycket lutning de ger beror p&aring; vilken truckvinkel och konstruktion trucken har. Denna lutning beskrivs som lean, och beh&ouml;ver inte i f&ouml;rsta hand beskriva hur v&auml;l dina truckar sv&auml;nger utan snarare lutningen de har i sv&auml;ngen.  &lt;\/div&gt;&lt;div class=glossaryTooltipMoreLinkWrapper&gt;&lt;a class=glossaryTooltipMoreLink href=https:\/\/www.boardlife.se\/fr\/glossaire\/maigre\/ &gt;L&auml;s mer&lt;\/a&gt;&lt;\/div&gt;\"  href=\"https:\/\/www.boardlife.se\/fr\/glossaire\/maigre\/\"  data-mobile-support=\"0\"  data-gt-translate-attributes='[{\"attribute\":\"data-cmtooltip\", \"format\":\"html\"}]'>maigre<\/a>\u00c0 durom\u00e8tre identique, l&#039;APS tourne de 10% \u00e0 15% de plus que les durom\u00e8tres identiques d&#039;autres marques. De plus, l&#039;APS ne change pas beaucoup lorsqu&#039;on le serre. <a class=\"glossaryLink\" aria-describedby=\"tt\" data-cmtooltip=\"&lt;div class=glossaryItemTitle&gt;Kingpin&lt;\/div&gt;&lt;div class=glossaryItemBody&gt;Kingpin &auml;r den bult som h&aring;ller ihop din truck (basplattan med hangern). Denna bult reglerar ocks&aring; hur mycket du vill att dina truckar sv&auml;nga f&ouml;r att du ska f&aring; b&auml;sta sv&auml;ngf&ouml;rm&aring;ga eller stabilitet, beroende p&aring; vad du &auml;r ute efter. &lt;\/div&gt;&lt;div class=glossaryTooltipMoreLinkWrapper&gt;&lt;a class=glossaryTooltipMoreLink href=https:\/\/www.boardlife.se\/fr\/glossaire\/cheville-ouvriere\/ &gt;L&auml;s mer&lt;\/a&gt;&lt;\/div&gt;\" href=\"https:\/\/www.boardlife.se\/fr\/glossaire\/cheville-ouvriere\/\" data-mobile-support=\"0\" data-gt-translate-attributes='[{\"attribute\":\"data-cmtooltip\", \"format\":\"html\"}]'>cheville ouvri\u00e8re<\/a> L&#039;\u00e9crou est trop serr\u00e9. Nous recommandons de le serrer jusqu&#039;\u00e0 ce qu&#039;il soit difficile de tourner l&#039;\u00e9crou. <a class=\"glossaryLink cmtt_Komponenter\" aria-describedby=\"tt\" data-cmtooltip=\"&lt;div class=glossaryItemTitle&gt;Bushings&lt;\/div&gt;&lt;div class=glossaryItemBody&gt;Bushings finns i dina truckar och &auml;r den &amp;quot;mjuka&amp;quot; del som reglerar hur mycket dina truckar ska sv&auml;nga n&auml;r du lutar dig p&aring; br&auml;dan.&lt;\/div&gt;&lt;div class=cmtt_synonyms_wrapper&gt;&lt;div class=cmtt_synonyms_title&gt;Synonymer: &lt;\/div&gt;&lt;div class=cmtt_synonyms&gt;bussningar&lt;\/div&gt;&lt;\/div&gt;&lt;div class=glossaryTooltipMoreLinkWrapper&gt;&lt;a class=glossaryTooltipMoreLink href=https:\/\/www.boardlife.se\/fr\/glossaire\/bagues\/ &gt;L&auml;s mer&lt;\/a&gt;&lt;\/div&gt;\" href=\"https:\/\/www.boardlife.se\/fr\/glossaire\/bagues\/\" data-mobile-support=\"0\" data-gt-translate-attributes='[{\"attribute\":\"data-cmtooltip\", \"format\":\"html\"}]'>bague<\/a> dans le logement de la bague \u00e0 la main. Utiliser une cl\u00e9 plate <a class=\"glossaryLink cmtt_Komponenter\" aria-describedby=\"tt\" data-cmtooltip=\"&lt;div class=glossaryItemTitle&gt;Washer&lt;\/div&gt;&lt;div class=glossaryItemBody&gt;Den metallbricka som ligger emot dina bushings. Denna bricka hj&auml;lper till att f&ouml;rdela trycket p&aring; dina bushings s&aring; att du f&aring;r en j&auml;mnare r&ouml;relse in och ut ur sv&auml;ngen. &lt;\/div&gt;&lt;div class=glossaryTooltipMoreLinkWrapper&gt;&lt;a class=glossaryTooltipMoreLink href=https:\/\/www.boardlife.se\/fr\/glossaire\/rondelle\/ &gt;L&auml;s mer&lt;\/a&gt;&lt;\/div&gt;\" href=\"https:\/\/www.boardlife.se\/fr\/glossaire\/rondelle\/\" data-mobile-support=\"0\" data-gt-translate-attributes='[{\"attribute\":\"data-cmtooltip\", \"format\":\"html\"}]'>rondelle<\/a> pour une r\u00e9sistance plus faible et une rondelle bomb\u00e9e pour une r\u00e9sistance plus \u00e9lev\u00e9e.<\/p>\n<p>Le paquet contient,<br>\n1 \u00e9lastique<br>\n1 \u00e9lastique<br>\n1 autocollant<\/p>","protected":false},"excerpt":{"rendered":"<p>APS\u2122: \u201cAnimated Polymer System\u201d As the name implies, this compound is very lively and offers high rebound with lots of control and lean. For the same durometer, the APS will turn 10% to 15% more than the same durometer of other brands. In addition, the APS does not change much when you tighten he kingpin nut past snug. We recommend [&hellip;]<\/p>","protected":false},"featured_media":18268,"comment_status":"open","ping_status":"closed","template":"","meta":[],"product_brand":[2603],"product_cat":[85],"product_tag":[1056],"class_list":{"0":"post-18267","1":"product","2":"type-product","3":"status-publish","4":"has-post-thumbnail","6":"product_brand-riptide","7":"product_cat-bushings-longboard","8":"product_tag-riptide-sports","9":"pa_durometer-80a","10":"pa_durometer-85a","11":"pa_durometer-90a","12":"pa_durometer-95a","13":"pa_durometer-975a","14":"pa_manufacturer-riptide-sports","16":"first","17":"outofstock","18":"sale","19":"taxable","20":"shipping-taxable","21":"purchasable","22":"product-type-variable","23":"has-default-attributes"},"composite_virtual":false,"composite_layout":"","composite_add_to_cart_form_location":"","composite_editable_in_cart":false,"composite_sold_individually_context":"","composite_shop_price_calc":"","composite_components":[],"composite_scenarios":[],"jetpack_sharing_enabled":true,"_links":{"self":[{"href":"https:\/\/www.boardlife.se\/fr\/wp-json\/wp\/v2\/product\/18267","targetHints":{"allow":["GET"]}}],"collection":[{"href":"https:\/\/www.boardlife.se\/fr\/wp-json\/wp\/v2\/product"}],"about":[{"href":"https:\/\/www.boardlife.se\/fr\/wp-json\/wp\/v2\/types\/product"}],"replies":[{"embeddable":true,"href":"https:\/\/www.boardlife.se\/fr\/wp-json\/wp\/v2\/comments?post=18267"}],"wp:featuredmedia":[{"embeddable":true,"href":"https:\/\/www.boardlife.se\/fr\/wp-json\/wp\/v2\/media\/18268"}],"wp:attachment":[{"href":"https:\/\/www.boardlife.se\/fr\/wp-json\/wp\/v2\/media?parent=18267"}],"wp:term":[{"taxonomy":"product_brand","embeddable":true,"href":"https:\/\/www.boardlife.se\/fr\/wp-json\/wp\/v2\/product_brand?post=18267"},{"taxonomy":"product_cat","embeddable":true,"href":"https:\/\/www.boardlife.se\/fr\/wp-json\/wp\/v2\/product_cat?post=18267"},{"taxonomy":"product_tag","embeddable":true,"href":"https:\/\/www.boardlife.se\/fr\/wp-json\/wp\/v2\/product_tag?post=18267"}],"curies":[{"name":"wp","href":"https:\/\/api.w.org\/{rel}","templated":true}]}}