{"id":177699,"date":"2023-05-23T19:27:16","date_gmt":"2023-05-23T17:27:16","guid":{"rendered":"https:\/\/www.boardlife.se\/?post_type=product&#038;p=177699"},"modified":"2023-07-17T10:19:27","modified_gmt":"2023-07-17T08:19:27","slug":"bequille-de-kickbike-dial-911-noire","status":"publish","type":"product","link":"https:\/\/www.boardlife.se\/fr\/boutique\/scooters\/bequille-de-kickbike-dial-911-noire\/","title":{"rendered":"Support de kickbike Dial 911 noir"},"content":{"rendered":"","protected":false},"excerpt":{"rendered":"<p>Ett bra praktiskt stativ till dig som vill att din kick ska h\u00e5lla sig fin.<\/p>\n<p>Denna h\u00e5llare g\u00f6r att din kickbike kan bli mera som en cool inredning i ditt rum n\u00e4r du inte \u00e5ker p\u00e5 den!<\/p>","protected":false},"featured_media":190403,"comment_status":"open","ping_status":"closed","template":"","meta":[],"product_brand":[2639],"product_cat":[2642],"product_tag":[],"class_list":{"0":"post-177699","1":"product","2":"type-product","3":"status-publish","4":"has-post-thumbnail","6":"product_brand-dial-911","7":"product_cat-scooters","9":"first","10":"instock","11":"taxable","12":"shipping-taxable","13":"purchasable","14":"product-type-simple"},"composite_virtual":false,"composite_layout":"","composite_add_to_cart_form_location":"","composite_editable_in_cart":false,"composite_sold_individually_context":"","composite_shop_price_calc":"","composite_components":[],"composite_scenarios":[],"jetpack_sharing_enabled":true,"_links":{"self":[{"href":"https:\/\/www.boardlife.se\/fr\/wp-json\/wp\/v2\/product\/177699","targetHints":{"allow":["GET"]}}],"collection":[{"href":"https:\/\/www.boardlife.se\/fr\/wp-json\/wp\/v2\/product"}],"about":[{"href":"https:\/\/www.boardlife.se\/fr\/wp-json\/wp\/v2\/types\/product"}],"replies":[{"embeddable":true,"href":"https:\/\/www.boardlife.se\/fr\/wp-json\/wp\/v2\/comments?post=177699"}],"wp:featuredmedia":[{"embeddable":true,"href":"https:\/\/www.boardlife.se\/fr\/wp-json\/wp\/v2\/media\/190403"}],"wp:attachment":[{"href":"https:\/\/www.boardlife.se\/fr\/wp-json\/wp\/v2\/media?parent=177699"}],"wp:term":[{"taxonomy":"product_brand","embeddable":true,"href":"https:\/\/www.boardlife.se\/fr\/wp-json\/wp\/v2\/product_brand?post=177699"},{"taxonomy":"product_cat","embeddable":true,"href":"https:\/\/www.boardlife.se\/fr\/wp-json\/wp\/v2\/product_cat?post=177699"},{"taxonomy":"product_tag","embeddable":true,"href":"https:\/\/www.boardlife.se\/fr\/wp-json\/wp\/v2\/product_tag?post=177699"}],"curies":[{"name":"wp","href":"https:\/\/api.w.org\/{rel}","templated":true}]}}