{"id":176532,"date":"2022-11-23T15:32:38","date_gmt":"2022-11-23T14:32:38","guid":{"rendered":"https:\/\/www.boardlife.se\/?post_type=product&#038;p=176532"},"modified":"2023-05-24T15:42:18","modified_gmt":"2023-05-24T13:42:18","slug":"guidon-de-trottinette-freestyle-native-stem-pro-635-mm-noir","status":"publish","type":"product","link":"https:\/\/www.boardlife.se\/fr\/boutique\/scooters\/barres-de-scooter\/guidon-de-trottinette-freestyle-native-stem-pro-635-mm-noir\/","title":{"rendered":"Guidon de trottinette Native Stem Pro (noir)"},"content":{"rendered":"<div class=\"small-24 large-12 columns end\">\n<div class=\"row\">\n<div class=\"small-12 columns\">Compatible avec : SCS<\/div>\n<\/div>\n<div class=\"row\">\n<div class=\"small-12 columns\">Embouts de guidon adapt\u00e9s \u00e0 : l&#039;acier<\/div>\n<\/div>\n<div class=\"row\">\n<div class=\"small-12 columns\">Hauteur de la barre : 635 mm<\/div>\n<\/div>\n<div class=\"row\">\n<div class=\"small-12 columns\">Largeur de la barre : 559 mm<\/div>\n<\/div>\n<div class=\"row\">\n<div class=\"small-12 columns\">Diam\u00e8tre ext\u00e9rieur de la barre : 32 mm (standard)<\/div>\n<\/div>\n<div class=\"row\">\n<div class=\"small-12 columns\">Diam\u00e8tre int\u00e9rieur de la barre : 28 mm<\/div>\n<\/div>\n<\/div>\n<div class=\"small-24 large-12 columns end\">\n<div class=\"row\">\n<div class=\"small-12 columns\">Poids : 1100 g<\/div>\n<\/div>\n<div class=\"row\">\n<div class=\"small-12 columns\">Conception du bar : Deux pi\u00e8ces<\/div>\n<\/div>\n<div class=\"row\">\n<div class=\"small-12 columns\">Backsweep : Aucun<\/div>\n<\/div>\n<div class=\"row\">\n<div class=\"small-12 columns\">Compatible SCS\u00a0: Oui<\/div>\n<\/div>\n<div class=\"row\">\n<div class=\"small-12 columns\">Forme de la barre : en forme de T<\/div>\n<\/div>\n<\/div>","protected":false},"excerpt":{"rendered":"<p>Denna T-Bar har Native tillverkat i chromoly 4130 st\u00e5l vilket \u00e4r mycket resistent mot att kn\u00e4ckas eller b\u00f6jas, s\u00e5 att du kan ha fullt f\u00f6rtroende f\u00f6r din utrustnig n\u00e4r du g\u00f6r tricks.<\/p>\n<p>G\u00f6r obegr\u00e4nsat med no-handers tack vare T-formen p\u00e5 denna bar. \u00c4r det kvalit\u00e9 du letar efter s\u00e5 har du hittat r\u00e4tt!<\/p>\n<p>Native \u00e4r ett m\u00e4rke av h\u00f6g kvalit\u00e9 och en uppgradering med detta styre kommer st\u00e4rka b\u00e5de dig och din scooter.<\/p>\n<ul>\n<li>Cette barre est compatible avec un syst\u00e8me de compression SCS<\/li>\n<li>N&#039;oubliez pas de choisir une barre dont la hauteur et la largeur correspondent \u00e0 vos pr\u00e9f\u00e9rences.<\/li>\n<\/ul>","protected":false},"featured_media":176529,"comment_status":"open","ping_status":"closed","template":"","meta":[],"product_brand":[2636],"product_cat":[2649],"product_tag":[],"class_list":{"0":"post-176532","1":"product","2":"type-product","3":"status-publish","4":"has-post-thumbnail","6":"product_brand-native","7":"product_cat-scooter-bars","9":"first","10":"instock","11":"taxable","12":"shipping-taxable","13":"purchasable","14":"product-type-simple"},"composite_virtual":false,"composite_layout":"","composite_add_to_cart_form_location":"","composite_editable_in_cart":false,"composite_sold_individually_context":"","composite_shop_price_calc":"","composite_components":[],"composite_scenarios":[],"jetpack_sharing_enabled":true,"_links":{"self":[{"href":"https:\/\/www.boardlife.se\/fr\/wp-json\/wp\/v2\/product\/176532","targetHints":{"allow":["GET"]}}],"collection":[{"href":"https:\/\/www.boardlife.se\/fr\/wp-json\/wp\/v2\/product"}],"about":[{"href":"https:\/\/www.boardlife.se\/fr\/wp-json\/wp\/v2\/types\/product"}],"replies":[{"embeddable":true,"href":"https:\/\/www.boardlife.se\/fr\/wp-json\/wp\/v2\/comments?post=176532"}],"wp:featuredmedia":[{"embeddable":true,"href":"https:\/\/www.boardlife.se\/fr\/wp-json\/wp\/v2\/media\/176529"}],"wp:attachment":[{"href":"https:\/\/www.boardlife.se\/fr\/wp-json\/wp\/v2\/media?parent=176532"}],"wp:term":[{"taxonomy":"product_brand","embeddable":true,"href":"https:\/\/www.boardlife.se\/fr\/wp-json\/wp\/v2\/product_brand?post=176532"},{"taxonomy":"product_cat","embeddable":true,"href":"https:\/\/www.boardlife.se\/fr\/wp-json\/wp\/v2\/product_cat?post=176532"},{"taxonomy":"product_tag","embeddable":true,"href":"https:\/\/www.boardlife.se\/fr\/wp-json\/wp\/v2\/product_tag?post=176532"}],"curies":[{"name":"wp","href":"https:\/\/api.w.org\/{rel}","templated":true}]}}