{"id":174649,"date":"2022-10-28T15:28:10","date_gmt":"2022-10-28T13:28:10","guid":{"rendered":"https:\/\/www.boardlife.se\/?post_type=product&#038;p=174649"},"modified":"2026-02-01T15:35:31","modified_gmt":"2026-02-01T14:35:31","slug":"hovland-snowskate-trucks","status":"publish","type":"product","link":"https:\/\/www.boardlife.se\/fr\/boutique\/neige\/patin-a-neige\/camions-de-skate-a-neige\/hovland-snowskate-trucks\/","title":{"rendered":"Camions de snowskate Hovland"},"content":{"rendered":"<p>Vi &auml;r extra stolta &ouml;ver att f&aring; presentera v&auml;rldens fr&auml;msta inom snowskate &ndash; Hovland. F&ouml;r dig som beh&ouml;ver byta eller uppdatera dina snowskate truckar kan du enkelt l&ouml;sa detta. Kitet inneh&aring;ller tv&aring; truckar med eller utan 1\/2&Prime; risers. Du f&aring;r &auml;ven med dig tillh&ouml;rande hardware f&ouml;r att montera dem p&aring; din snowskate. Truckarna &auml;r 2&Prime; h&ouml;ga.<\/p>","protected":false},"excerpt":{"rendered":"<p>Chariots de Hovland\/Harfang pour votre snowskate avec subski. Le prix comprend 2 trucks avec les vis associ\u00e9es et la possibilit\u00e9 de choisir des \u00e9l\u00e9vateurs de 1\/2 \u2033. Les \u00e9l\u00e9vateurs sont recommand\u00e9s pour ceux qui conduisent des skis plus longs ou des top deck plus larges afin d'\u00e9viter que la planche ne s'enfonce dans les virages serr\u00e9s. Selon que vous choisissez avec ou sans \u00e9l\u00e9vateurs, nous envoyons des vis de la bonne longueur.<\/p>","protected":false},"featured_media":174650,"comment_status":"open","ping_status":"closed","template":"","meta":[],"product_brand":[2569,2572],"product_cat":[2733],"product_tag":[2711],"class_list":{"0":"post-174649","1":"product","2":"type-product","3":"status-publish","4":"has-post-thumbnail","6":"product_brand-harfang","7":"product_brand-hovland","8":"product_cat-snowskate-trucks","9":"product_tag-snowskate","10":"pa_color-svart","11":"pa_manufacturer-harfang","12":"pa_manufacturer-hovland","14":"first","15":"instock","16":"taxable","17":"shipping-taxable","18":"purchasable","19":"product-type-variable","20":"has-default-attributes"},"composite_virtual":false,"composite_layout":"","composite_add_to_cart_form_location":"","composite_editable_in_cart":false,"composite_sold_individually_context":"","composite_shop_price_calc":"","composite_components":[],"composite_scenarios":[],"jetpack_sharing_enabled":true,"_links":{"self":[{"href":"https:\/\/www.boardlife.se\/fr\/wp-json\/wp\/v2\/product\/174649","targetHints":{"allow":["GET"]}}],"collection":[{"href":"https:\/\/www.boardlife.se\/fr\/wp-json\/wp\/v2\/product"}],"about":[{"href":"https:\/\/www.boardlife.se\/fr\/wp-json\/wp\/v2\/types\/product"}],"replies":[{"embeddable":true,"href":"https:\/\/www.boardlife.se\/fr\/wp-json\/wp\/v2\/comments?post=174649"}],"wp:featuredmedia":[{"embeddable":true,"href":"https:\/\/www.boardlife.se\/fr\/wp-json\/wp\/v2\/media\/174650"}],"wp:attachment":[{"href":"https:\/\/www.boardlife.se\/fr\/wp-json\/wp\/v2\/media?parent=174649"}],"wp:term":[{"taxonomy":"product_brand","embeddable":true,"href":"https:\/\/www.boardlife.se\/fr\/wp-json\/wp\/v2\/product_brand?post=174649"},{"taxonomy":"product_cat","embeddable":true,"href":"https:\/\/www.boardlife.se\/fr\/wp-json\/wp\/v2\/product_cat?post=174649"},{"taxonomy":"product_tag","embeddable":true,"href":"https:\/\/www.boardlife.se\/fr\/wp-json\/wp\/v2\/product_tag?post=174649"}],"curies":[{"name":"wp","href":"https:\/\/api.w.org\/{rel}","templated":true}]}}