{"id":174574,"date":"2022-10-27T11:30:19","date_gmt":"2022-10-27T09:30:19","guid":{"rendered":"https:\/\/www.boardlife.se\/?post_type=product&#038;p=174574"},"modified":"2026-03-04T18:03:27","modified_gmt":"2026-03-04T17:03:27","slug":"hovland-city-slicker-flat-deck-2023","status":"publish","type":"product","link":"https:\/\/www.boardlife.se\/fr\/boutique\/neige\/patin-a-neige\/snowskate-a-plateau-plat\/hovland-city-slicker-flat-deck-2023\/","title":{"rendered":"Hovland City Slicker Flatdeck 23\/24"},"content":{"rendered":"<p>Nous sommes particuli\u00e8rement fiers de vous pr\u00e9senter le meilleur du snowskate au monde\u00a0: Hovland. Voici un Flatdeck appel\u00e9 City Slicker, dot\u00e9 d&#039;un potentiel exceptionnel et des conditions id\u00e9ales pour un bon pop. Contrairement \u00e0 l&#039;Ambition, par exemple, Hovland b\u00e9n\u00e9ficie d&#039;une construction plus avanc\u00e9e, rappelant davantage celle d&#039;un snowboard. Cela signifie \u00e0 la fois un poids r\u00e9duit et une construction beaucoup plus robuste.<\/p>\n<p>Les planches Hovland Flatdeck pr\u00e9sentent une structure diff\u00e9rente sur la couche inf\u00e9rieure, ce qui permet au fart d&#039;adh\u00e9rer \u00e0 la surface sans affecter votre vitesse de glisse. Cela signifie \u00e9galement que vous pouvez utiliser du Petex comme sur un snowboard en cas de chute. Autrement dit, il est possible de le r\u00e9parer, ce qui est impossible avec une semelle en plastique classique comme celle utilis\u00e9e par la concurrence.<\/p>\n<p>La planche est livr\u00e9e pr\u00e9-fart\u00e9e avec un fart haute vitesse. Vous pouvez compl\u00e9ter avec un fart en spray plus simple si vous souhaitez l&#039;am\u00e9liorer un peu plus tard, jusqu&#039;\u00e0 ce qu&#039;elle soit compl\u00e8tement us\u00e9e et n\u00e9cessite un fartage \u00e0 chaud.<\/p>\n<p>Voici les sp\u00e9cifications de Hovland eux-m\u00eames !<\/p>\n<ul>\n<li>8,5 po x 34 po<\/li>\n<li>Nez et queue radiaux m\u00e9lang\u00e9s pour plus de pop, de sensation et de vitesse<\/li>\n<li>Construction de snowboard lamin\u00e9e verticalement<\/li>\n<li>Parois lat\u00e9rales en ur\u00e9thane<\/li>\n<li>Mod\u00e8le de verrouillage de rail \u00e0 sept rainures con\u00e7u sur mesure<\/li>\n<li>Poign\u00e9e en mousse EVA<\/li>\n<li>Mousse EVA con\u00e7ue sur mesure <a class=\"glossaryLink cmtt_Komponenter\" aria-describedby=\"tt\" data-cmtooltip=\"&lt;div class=glossaryItemTitle&gt;Konkav&lt;\/div&gt;&lt;div class=glossaryItemBody&gt;De flesta br&auml;dor\/deck &auml;r sk&aring;lade i n&aring;gon m&aring;n. Man har med andra ord h&ouml;gre ytterkanter d&aring; man st&auml;ller sig p&aring; br&auml;dan. Detta kallas f&ouml;r concave eller konkav p&aring; svenska. &lt;\/div&gt;&lt;div class=cmtt_synonyms_wrapper&gt;&lt;div class=cmtt_synonyms_title&gt;Synonymer: &lt;\/div&gt;&lt;div class=cmtt_synonyms&gt;concave&lt;\/div&gt;&lt;\/div&gt;&lt;div class=glossaryTooltipMoreLinkWrapper&gt;&lt;a class=glossaryTooltipMoreLink href=https:\/\/www.boardlife.se\/fr\/glossaire\/konkav-concave\/ &gt;L&auml;s mer&lt;\/a&gt;&lt;\/div&gt;\" href=\"https:\/\/www.boardlife.se\/fr\/glossaire\/konkav-concave\/\" data-mobile-support=\"0\" data-gt-translate-attributes='[{\"attribute\":\"data-cmtooltip\", \"format\":\"html\"}]'>concave<\/a><\/li>\n<li>Base fritt\u00e9e cir\u00e9e en usine<\/li>\n<\/ul>","protected":false},"excerpt":{"rendered":"<p>H\u00e4r har du Hovland City Slicker! Det vassaste flatdecket p\u00e5 marknaden utan tvekan. Till skillnad fr\u00e5n konkurrenterna \u00e4r denna konstruerad med en k\u00e4rna av glasfiber ist\u00e4llet f\u00f6r tr\u00e4 i mitten vilket ger l\u00e4gre vikt men ocks\u00e5 en mer h\u00e5llbar konstruktion. Hovlands flatdecks \u00e4r mer lik en snowboard i konstruktionen \u00e4n n\u00e5gon annan tillverkare p\u00e5 marknaden.<\/p>\n<p>Denna br\u00e4da har en otroligt stabil vertikalt laminerad snowboard struktur med skyddande urethane i kanterna som alltid levererar ordentlig pop till dina ollies och fliptricks. Det \u00e4r utan tvekan den mest kompetenta snowskaten p\u00e5 marknaden. Till skillnad fr\u00e5n konkurrenter som \u00e4r med plast och tr\u00e4 \u00e4r denna konstruerad av en glasfibercore f\u00f6r att ge l\u00e5g vikt och h\u00f6g h\u00e5llbarhet. Konstruktionen p\u00e5minner mer om en snowboard \u00e4n n\u00e5gonsin tidigare.<\/p>\n<p>Dessa br\u00e4dor f\u00e5r en vax behandling n\u00e4r dom tillverkas, s\u00e5 dom \u00e4r redo att grindas med direkt ur boxen!<\/p>\n<p>K\u00f6p en och ha kul med familjen i en backe p\u00e5 hemmaplan eller ta med ett exemplar till en riktig snow park och testa dess fulla potential!<\/p>","protected":false},"featured_media":174606,"comment_status":"open","ping_status":"closed","template":"","meta":[],"product_brand":[2572],"product_cat":[2710],"product_tag":[2714],"class_list":{"0":"post-174574","1":"product","2":"type-product","3":"status-publish","4":"has-post-thumbnail","6":"product_brand-hovland","7":"product_cat-snowskate-flatdeck","8":"product_tag-flatdeck","9":"pa_color-rod","10":"pa_concave-low","11":"pa_length-34-86cm","12":"pa_manufacturer-hovland","13":"pa_width-85-215cm","15":"first","16":"instock","17":"sale","18":"taxable","19":"shipping-taxable","20":"purchasable","21":"product-type-simple"},"composite_virtual":false,"composite_layout":"","composite_add_to_cart_form_location":"","composite_editable_in_cart":false,"composite_sold_individually_context":"","composite_shop_price_calc":"","composite_components":[],"composite_scenarios":[],"jetpack_sharing_enabled":true,"_links":{"self":[{"href":"https:\/\/www.boardlife.se\/fr\/wp-json\/wp\/v2\/product\/174574","targetHints":{"allow":["GET"]}}],"collection":[{"href":"https:\/\/www.boardlife.se\/fr\/wp-json\/wp\/v2\/product"}],"about":[{"href":"https:\/\/www.boardlife.se\/fr\/wp-json\/wp\/v2\/types\/product"}],"replies":[{"embeddable":true,"href":"https:\/\/www.boardlife.se\/fr\/wp-json\/wp\/v2\/comments?post=174574"}],"wp:featuredmedia":[{"embeddable":true,"href":"https:\/\/www.boardlife.se\/fr\/wp-json\/wp\/v2\/media\/174606"}],"wp:attachment":[{"href":"https:\/\/www.boardlife.se\/fr\/wp-json\/wp\/v2\/media?parent=174574"}],"wp:term":[{"taxonomy":"product_brand","embeddable":true,"href":"https:\/\/www.boardlife.se\/fr\/wp-json\/wp\/v2\/product_brand?post=174574"},{"taxonomy":"product_cat","embeddable":true,"href":"https:\/\/www.boardlife.se\/fr\/wp-json\/wp\/v2\/product_cat?post=174574"},{"taxonomy":"product_tag","embeddable":true,"href":"https:\/\/www.boardlife.se\/fr\/wp-json\/wp\/v2\/product_tag?post=174574"}],"curies":[{"name":"wp","href":"https:\/\/api.w.org\/{rel}","templated":true}]}}