{"id":173466,"date":"2022-10-10T10:15:25","date_gmt":"2022-10-10T08:15:25","guid":{"rendered":"https:\/\/www.boardlife.se\/?post_type=product&#038;p=173466"},"modified":"2024-05-17T07:20:19","modified_gmt":"2024-05-17T05:20:19","slug":"independent-genuine-parts-bearings-gp-b","status":"publish","type":"product","link":"https:\/\/www.boardlife.se\/fr\/boutique\/skateboard\/composants-de-skateboard\/roulements-de-skateboard\/independent-genuine-parts-bearings-gp-b\/","title":{"rendered":"Roulements GP-B de pi\u00e8ces d&#039;origine ind\u00e9pendantes"},"content":{"rendered":"<p>Independent Bearings GP-B inneh&aring;ller b&aring;de kullager, <a class=\"glossaryLink\" aria-describedby=\"tt\" data-cmtooltip=\"&lt;div class=glossaryItemTitle&gt;Spacer&lt;\/div&gt;&lt;div class=glossaryItemBody&gt;Spacer &auml;r den distans som ligger mellan dina kullager inne i hjulet. Den fungerar genom att se till att dina kullager inte pressas ihop konstigt om du drar &aring;t din axelmutter. Du kan fortfarande &aring;ka utan den men vill du f&ouml;rs&auml;kra dig om att kullagerbanorna inte blir skeva eller bromsar upp ditt hjul n&auml;r du sv&auml;nger &auml;r det rekommenderat att anv&auml;nda detta. En liten kostnad f&ouml;r att f&ouml;rb&auml;ttra. Vissa kullager har redan detta inbyggt p&aring; sig, denna typ av kullager kallas oftast f&ouml;r built-in.&lt;\/div&gt;&lt;div class=cmtt_synonyms_wrapper&gt;&lt;div class=cmtt_synonyms_title&gt;Synonymer: &lt;\/div&gt;&lt;div class=cmtt_synonyms&gt;Built-in&lt;\/div&gt;&lt;\/div&gt;&lt;div class=glossaryTooltipMoreLinkWrapper&gt;&lt;a class=glossaryTooltipMoreLink href=https:\/\/www.boardlife.se\/fr\/glossaire\/entretoise\/ &gt;L&auml;s mer&lt;\/a&gt;&lt;\/div&gt;\" href=\"https:\/\/www.boardlife.se\/fr\/glossaire\/entretoise\/\" data-mobile-support=\"0\" data-gt-translate-attributes='[{\"attribute\":\"data-cmtooltip\", \"format\":\"html\"}]'>entretoises<\/a> et <a class=\"glossaryLink cmtt_Komponenter\" aria-describedby=\"tt\" data-cmtooltip=\"&lt;div class=glossaryItemTitle&gt;Speedrings&lt;\/div&gt;&lt;div class=glossaryItemBody&gt;Speedrings &auml;r de sm&aring; brickor som placeras p&aring; b&aring;da sidor om ditt hjul, allts&aring; utanf&ouml;r dina kullager. De g&ouml;r att du f&aring;r ett b&auml;ttre tryck mot dina kullager som inte riskerar att kl&auml;mma fast dem och f&ouml;rs&auml;mra dess rull. &lt;\/div&gt;&lt;div class=glossaryTooltipMoreLinkWrapper&gt;&lt;a class=glossaryTooltipMoreLink href=https:\/\/www.boardlife.se\/fr\/glossaire\/anneaux-de-vitesse\/ &gt;L&auml;s mer&lt;\/a&gt;&lt;\/div&gt;\" href=\"https:\/\/www.boardlife.se\/fr\/glossaire\/anneaux-de-vitesse\/\" data-mobile-support=\"0\" data-gt-translate-attributes='[{\"attribute\":\"data-cmtooltip\", \"format\":\"html\"}]'>anneaux de vitesse<\/a>. Allts&aring; hela kitet f&ouml;r att f&aring; mest ut av dina kullager. GP-B &auml;r kl&auml;dda med en st&aring;lsk&ouml;ld p&aring; ena sidan och &ouml;ppna p&aring; andra sidan f&ouml;r att du enkelt ska kunna serva dessa lager. ABEC-7 f&ouml;r bra prestanda och precision.<\/p>\n<p>&nbsp;<\/p>\n<h3>Description originale<\/h3>\n<p class=\"gt-block\"><strong>Get go-fast power from one of the skateboarding industry titans with a set of Independent GP-B ABEC7 Bearings<\/strong><\/p>\n<p>Built for purebred speed and with resistance to dirty and mildly wet conditions, you will easily find your new favorite in these highly affordable bearings from The Independent Truck Company.<\/p>\n<p class=\"gt-block\"><strong>Tech Features<\/strong>:<\/p>\n<ul>\n<li>Oiled up with a speed-focused oil from Shell that also has dirt and water-shedding capabilities<\/li>\n<li>With micro-polished steel bearing races, the surface contact inside the bearings will keep things smooth<\/li>\n<li>These are the ABEC7 rated version with 8 bearings with a removable steel shield one side and none on the other for ease of cleaning<\/li>\n<\/ul>","protected":false},"excerpt":{"rendered":"<p>Le roulement GP-B Independent Genuine Parts est un jeu de roulements \u00e0 billes avec flasque en acier et c\u00f4t\u00e9 ouvert pour faciliter l&#039;entretien. Il comprend \u00e9galement des bagues de serrage et des entretoises pour optimiser les performances de vos roulements Independent.&nbsp;<\/p>","protected":false},"featured_media":173467,"comment_status":"open","ping_status":"closed","template":"","meta":[],"product_brand":[2573],"product_cat":[1307],"product_tag":[],"class_list":{"0":"post-173466","1":"product","2":"type-product","3":"status-publish","4":"has-post-thumbnail","6":"product_brand-independent","7":"product_cat-bearings-skateboard","8":"pa_manufacturer-independent-trucks","10":"first","11":"outofstock","12":"taxable","13":"shipping-taxable","14":"purchasable","15":"product-type-simple"},"composite_virtual":false,"composite_layout":"","composite_add_to_cart_form_location":"","composite_editable_in_cart":false,"composite_sold_individually_context":"","composite_shop_price_calc":"","composite_components":[],"composite_scenarios":[],"jetpack_sharing_enabled":true,"_links":{"self":[{"href":"https:\/\/www.boardlife.se\/fr\/wp-json\/wp\/v2\/product\/173466","targetHints":{"allow":["GET"]}}],"collection":[{"href":"https:\/\/www.boardlife.se\/fr\/wp-json\/wp\/v2\/product"}],"about":[{"href":"https:\/\/www.boardlife.se\/fr\/wp-json\/wp\/v2\/types\/product"}],"replies":[{"embeddable":true,"href":"https:\/\/www.boardlife.se\/fr\/wp-json\/wp\/v2\/comments?post=173466"}],"wp:featuredmedia":[{"embeddable":true,"href":"https:\/\/www.boardlife.se\/fr\/wp-json\/wp\/v2\/media\/173467"}],"wp:attachment":[{"href":"https:\/\/www.boardlife.se\/fr\/wp-json\/wp\/v2\/media?parent=173466"}],"wp:term":[{"taxonomy":"product_brand","embeddable":true,"href":"https:\/\/www.boardlife.se\/fr\/wp-json\/wp\/v2\/product_brand?post=173466"},{"taxonomy":"product_cat","embeddable":true,"href":"https:\/\/www.boardlife.se\/fr\/wp-json\/wp\/v2\/product_cat?post=173466"},{"taxonomy":"product_tag","embeddable":true,"href":"https:\/\/www.boardlife.se\/fr\/wp-json\/wp\/v2\/product_tag?post=173466"}],"curies":[{"name":"wp","href":"https:\/\/api.w.org\/{rel}","templated":true}]}}