{"id":168070,"date":"2022-07-21T12:05:30","date_gmt":"2022-07-21T10:05:30","guid":{"rendered":"https:\/\/www.boardlife.se\/?post_type=product&#038;p=168070"},"modified":"2023-09-28T13:52:14","modified_gmt":"2023-09-28T11:52:14","slug":"planche-de-surf-triton-carver-astral-cx-29","status":"publish","type":"product","link":"https:\/\/www.boardlife.se\/fr\/boutique\/surf-skate\/surfskate-complet\/planche-de-surf-triton-carver-astral-cx-29\/","title":{"rendered":"Surfskate Triton par Carver Astral CX 29\u2033"},"content":{"rendered":"<p>Triton by Carver est, comme son nom l&#039;indique, une marque de skateboards Carver. L&#039;objectif \u00e9tait de proposer une gamme de planches moins ch\u00e8res, tout en garantissant la m\u00eame qualit\u00e9 et les m\u00eames sensations que le mod\u00e8le original. \u00c0 notre avis, les Triton sont tout aussi performantes et, pour ceux qui s&#039;interrogent sur leur qualit\u00e9, sachez qu&#039;il s&#039;agit toujours du m\u00eame truck d&#039;origine. Nous avons donc du mal \u00e0 expliquer pourquoi Triton propose un prix inf\u00e9rieur tout en offrant une qualit\u00e9 au moins \u00e9quivalente.<\/p>\n<p>L&#039;Astral est un mod\u00e8le plus \u00e9l\u00e9gant avec un fish tail et, gr\u00e2ce \u00e0 ses 29 pouces, offre une r\u00e9activit\u00e9 incroyable en ride. Un design \u00e9l\u00e9gant pour ceux qui recherchent un surf skate \u00e9l\u00e9gant avec des trucks d&#039;origine, sans fioritures\u00a0!<\/p>\n<h3>Configuration et d\u00e9tails\u00a0:<\/h3>\n<ul>\n<li>Camion : Carver CX<\/li>\n<li>Roues : 68MM Smoke Mag 89A<\/li>\n<li>Roulements : Triton Abec 7<\/li>\n<li>Ruban adh\u00e9sif : Triton Deck Pad<\/li>\n<li>Quincaillerie : Mangan\u00e8se noir<\/li>\n<li>Longueur : 29\u2033<\/li>\n<li>Largeur : 9 3\/4\u2033<\/li>\n<li><a class=\"glossaryLink cmtt_Komponenter\" aria-describedby=\"tt\" data-cmtooltip=\"&lt;div class=glossaryItemTitle&gt;Wheelbase&lt;\/div&gt;&lt;div class=glossaryItemBody&gt;Detta begrepp handlar om det avst&aring;nd du har mellan dina truckar. Ett l&auml;ngre avst&aring;nd ger mer stabilitet och lite l&aring;ngsammare sv&auml;ngar medan den korta kan bli kvickare.&lt;\/div&gt;&lt;div class=cmtt_synonyms_wrapper&gt;&lt;div class=cmtt_synonyms_title&gt;Synonymer: &lt;\/div&gt;&lt;div class=cmtt_synonyms&gt;hjulbas,  WB&lt;\/div&gt;&lt;\/div&gt;&lt;div class=glossaryTooltipMoreLinkWrapper&gt;&lt;a class=glossaryTooltipMoreLink href=https:\/\/www.boardlife.se\/fr\/glossaire\/empattement-2\/ &gt;L&auml;s mer&lt;\/a&gt;&lt;\/div&gt;\" href=\"https:\/\/www.boardlife.se\/fr\/glossaire\/empattement-2\/\" data-mobile-support=\"0\" data-gt-translate-attributes='[{\"attribute\":\"data-cmtooltip\", \"format\":\"html\"}]'>Empattement<\/a>: 15 1\/4\u2033<\/li>\n<li>Nez : 3 1\/2\u2033<\/li>\n<li>Queue : 6 1\/4\u2033<\/li>\n<\/ul>\n<p><iframe loading=\"lazy\" title=\"HONOLULU HUSTLE - Planches \u00e0 roulettes Carver\" width=\"500\" height=\"281\" src=\"https:\/\/www.youtube.com\/embed\/NLw0Ej5in4M?feature=oembed\" frameborder=\"0\" allow=\"accelerometer; autoplay; clipboard-write; encrypted-media; gyroscope; picture-in-picture; web-share\" referrerpolicy=\"strict-origin-when-cross-origin\" allowfullscreen><\/iframe><\/p>","protected":false},"excerpt":{"rendered":"<p>Triton by Carver \u00e4r ett varum\u00e4rke fr\u00e5n Carver med en l\u00e4gre prisbild. Du f\u00e5r fortfarande originaltruckarna p\u00e5 vilket ger dig den b\u00e4sta k\u00e4nslan oavsett. Astral \u00e4r en kvick br\u00e4da med sina 29&#8243; som ger dig otroligt snabba sv\u00e4ngar och cutbacks. Kommer med Carver CX-truckar.<\/p>\n<p>Triton est clairement une option tr\u00e8s abordable pour ceux d&#039;entre vous qui souhaitent retrouver les m\u00eames sensations dans leur Surf Skate.<\/p>","protected":false},"featured_media":168071,"comment_status":"open","ping_status":"closed","template":"","meta":[],"product_brand":[2693],"product_cat":[2484],"product_tag":[],"class_list":{"0":"post-168070","1":"product","2":"type-product","3":"status-publish","4":"has-post-thumbnail","6":"product_brand-triton","7":"product_cat-complete-surfskate","8":"pa_hjulbas-15-25-387cm","9":"pa_length-29-74cm","10":"pa_width-975-248cm","12":"first","13":"outofstock","14":"taxable","15":"shipping-taxable","16":"purchasable","17":"product-type-simple"},"composite_virtual":false,"composite_layout":"","composite_add_to_cart_form_location":"","composite_editable_in_cart":false,"composite_sold_individually_context":"","composite_shop_price_calc":"","composite_components":[],"composite_scenarios":[],"jetpack_sharing_enabled":true,"_links":{"self":[{"href":"https:\/\/www.boardlife.se\/fr\/wp-json\/wp\/v2\/product\/168070","targetHints":{"allow":["GET"]}}],"collection":[{"href":"https:\/\/www.boardlife.se\/fr\/wp-json\/wp\/v2\/product"}],"about":[{"href":"https:\/\/www.boardlife.se\/fr\/wp-json\/wp\/v2\/types\/product"}],"replies":[{"embeddable":true,"href":"https:\/\/www.boardlife.se\/fr\/wp-json\/wp\/v2\/comments?post=168070"}],"wp:featuredmedia":[{"embeddable":true,"href":"https:\/\/www.boardlife.se\/fr\/wp-json\/wp\/v2\/media\/168071"}],"wp:attachment":[{"href":"https:\/\/www.boardlife.se\/fr\/wp-json\/wp\/v2\/media?parent=168070"}],"wp:term":[{"taxonomy":"product_brand","embeddable":true,"href":"https:\/\/www.boardlife.se\/fr\/wp-json\/wp\/v2\/product_brand?post=168070"},{"taxonomy":"product_cat","embeddable":true,"href":"https:\/\/www.boardlife.se\/fr\/wp-json\/wp\/v2\/product_cat?post=168070"},{"taxonomy":"product_tag","embeddable":true,"href":"https:\/\/www.boardlife.se\/fr\/wp-json\/wp\/v2\/product_tag?post=168070"}],"curies":[{"name":"wp","href":"https:\/\/api.w.org\/{rel}","templated":true}]}}