{"id":167990,"date":"2022-07-20T11:46:00","date_gmt":"2022-07-20T09:46:00","guid":{"rendered":"https:\/\/www.boardlife.se\/?post_type=product&#038;p=167990"},"modified":"2025-08-14T11:32:44","modified_gmt":"2025-08-14T09:32:44","slug":"carver-firefly-2022-30-25-surfskate","status":"publish","type":"product","link":"https:\/\/www.boardlife.se\/fr\/boutique\/surf-skate\/surfskate-complet\/carver-firefly-2022-30-25-surfskate\/","title":{"rendered":"Surfskate Carver Firefly 2022 30,25 pouces"},"content":{"rendered":"<p>Carvers Firefly &auml;r en lekfull och m&aring;ngsidig surfskate, marginellt kortare &auml;n den l&auml;ngre Resin. Dessa br&auml;dor har varit en av Carvers mest popul&auml;ra shapes genom &aring;ren. Kvick och rapp med m&ouml;jlighet till riktigt tighta cut backs. Man har fokuserat p&aring; en bred stance f&ouml;r bakfoten men &aring;nd&aring; bibeh&aring;llit den sk&ouml;na tailen. Br&auml;dan kommer i tv&aring; utf&ouml;randen beroende p&aring; vilken typ av br&auml;degenskaper du letar efter. Du kan v&auml;lja p&aring; Carvers CX eller C7-truckar. CX-versionen &auml;r gjord f&ouml;r en kvickare typ av &aring;kning med rappare tryck p&aring; tailen medan C7-versionen &auml;r gjord f&ouml;r en &auml;n l&auml;ttare sv&auml;ng med l&aring;nga softa turns.<\/p>\n<p>Carver est aujourd&#039;hui le leader du surfskate et est consid\u00e9r\u00e9 comme le pionnier de cette discipline. Issue du surf, cette pratique a \u00e9t\u00e9 d\u00e9velopp\u00e9e au fil du temps pour se rapprocher au plus pr\u00e8s du surf. Choisir Carver, c&#039;est choisir la marque la plus pointue en mati\u00e8re de surfskate\u00a0!<\/p>\n<ul>\n<li>Length: 30 1\/4&Prime;<\/li>\n<li>Width: 9 7\/8&Prime;<\/li>\n<li><a class=\"glossaryLink cmtt_Komponenter\" aria-describedby=\"tt\" data-cmtooltip=\"&lt;div class=glossaryItemTitle&gt;Wheelbase&lt;\/div&gt;&lt;div class=glossaryItemBody&gt;Detta begrepp handlar om det avst&aring;nd du har mellan dina truckar. Ett l&auml;ngre avst&aring;nd ger mer stabilitet och lite l&aring;ngsammare sv&auml;ngar medan den korta kan bli kvickare.&lt;\/div&gt;&lt;div class=cmtt_synonyms_wrapper&gt;&lt;div class=cmtt_synonyms_title&gt;Synonymer: &lt;\/div&gt;&lt;div class=cmtt_synonyms&gt;hjulbas,  WB&lt;\/div&gt;&lt;\/div&gt;&lt;div class=glossaryTooltipMoreLinkWrapper&gt;&lt;a class=glossaryTooltipMoreLink href=https:\/\/www.boardlife.se\/fr\/glossaire\/empattement-2\/ &gt;L&auml;s mer&lt;\/a&gt;&lt;\/div&gt;\" href=\"https:\/\/www.boardlife.se\/fr\/glossaire\/empattement-2\/\" data-mobile-support=\"0\" data-gt-translate-attributes='[{\"attribute\":\"data-cmtooltip\", \"format\":\"html\"}]'>Empattement<\/a>: 16 1\/2&Prime;<\/li>\n<li>Nose: 3 3\/8&Prime;<\/li>\n<li>Queue : 6 1\/4\u2033<\/li>\n<\/ul>\n<h3>Description originale<\/h3>\n<p>Durant son enfance, Ryan Martz a \u00e9t\u00e9 entour\u00e9 d&#039;un flot constant de verriers parmi les plus talentueux de la c\u00f4te. Il n&#039;est donc pas \u00e9tonnant qu&#039;il soit aujourd&#039;hui l&#039;un des artistes de la r\u00e9sine les plus recherch\u00e9s au monde. Son p\u00e8re, Greg Martz, a fond\u00e9 la Waterman&#039;s Guild en 1983 pour cr\u00e9er le meilleur atelier de verre du sud de la Californie, o\u00f9 Ryan a appris son m\u00e9tier. \u00ab Ayant grandi sous la direction de mon p\u00e8re, il \u00e9tait perfectionniste, il a donc toujours mis l&#039;accent sur la qualit\u00e9, et cela a \u00e9t\u00e9 le cas d\u00e8s le premier jour. \u00bb Apr\u00e8s avoir fait ses preuves et gravi les \u00e9chelons, Ryan a d\u00e9velopp\u00e9 son propre style de r\u00e9sine, chaque \u0153uvre \u00e9tant une peinture unique r\u00e9alis\u00e9e avec des pigments fluides qui rappellent le mouvement de l&#039;eau ou du feu, fig\u00e9 dans le temps. De retour pour sa troisi\u00e8me s\u00e9rie de r\u00e9sine pour Carver, Ryan a r\u00e9alis\u00e9 ces cr\u00e9ations personnalis\u00e9es \u00e0 l&#039;ancienne, avec de la r\u00e9sine pigment\u00e9e sur de la fibre de verre pour un v\u00e9ritable motif surf\/skate.<\/p>\n<p>30.25&rdquo; FIREFLY:<br>\nA slightly shorter version of our classic Resin, this nimble model is a little snappier and easier to pump for smaller riders looking for their go-to surfskate. A proven favorite that&rsquo;s just the right length so you can pump it with ease and still drop in on any hill with confidence, this is the standard by which all others are measured.<\/p>\n<p><iframe loading=\"lazy\" title=\"DESERT SWELL - Planches \u00e0 roulettes Carver\" width=\"500\" height=\"281\" src=\"https:\/\/www.youtube.com\/embed\/70HLAFyOgnQ?feature=oembed\" frameborder=\"0\" allow=\"accelerometer; autoplay; clipboard-write; encrypted-media; gyroscope; picture-in-picture; web-share\" referrerpolicy=\"strict-origin-when-cross-origin\" allowfullscreen><\/iframe><\/p>","protected":false},"excerpt":{"rendered":"<p>Denna vackra surfskate \u00e4r utvecklad f\u00f6r att ge k\u00e4nslan av en surfbr\u00e4da p\u00e5 land. Firefly h\u00e4rstammar fr\u00e5n en av Carvers mest s\u00e5lda shapes och en form som blivit den ultimata surfskaten. Br\u00e4dan kommer i tv\u00e5 versioner med olika truckar. Carvers CX eller C7-truckar. Du kan se filmerna under &#8220;Mer Info&#8221; f\u00f6r att se skillnaden mellan truckarna.<\/p>","protected":false},"featured_media":167998,"comment_status":"open","ping_status":"closed","template":"","meta":[],"product_brand":[2544],"product_cat":[2484],"product_tag":[1881,1691],"class_list":{"0":"post-167990","1":"product","2":"type-product","3":"status-publish","4":"has-post-thumbnail","6":"product_brand-carver-skateboards","7":"product_cat-complete-surfskate","8":"product_tag-surf","9":"product_tag-surf-skate","10":"pa_hjulbas-16-5-419cm","11":"pa_length-30-25-768cm","12":"pa_manufacturer-carver-skateboards","13":"pa_truckar-carver-c7-truck","14":"pa_truckar-carver-cx-truck","16":"first","17":"instock","18":"taxable","19":"shipping-taxable","20":"purchasable","21":"product-type-variable","22":"has-default-attributes"},"composite_virtual":false,"composite_layout":"","composite_add_to_cart_form_location":"","composite_editable_in_cart":false,"composite_sold_individually_context":"","composite_shop_price_calc":"","composite_components":[],"composite_scenarios":[],"jetpack_sharing_enabled":true,"_links":{"self":[{"href":"https:\/\/www.boardlife.se\/fr\/wp-json\/wp\/v2\/product\/167990","targetHints":{"allow":["GET"]}}],"collection":[{"href":"https:\/\/www.boardlife.se\/fr\/wp-json\/wp\/v2\/product"}],"about":[{"href":"https:\/\/www.boardlife.se\/fr\/wp-json\/wp\/v2\/types\/product"}],"replies":[{"embeddable":true,"href":"https:\/\/www.boardlife.se\/fr\/wp-json\/wp\/v2\/comments?post=167990"}],"wp:featuredmedia":[{"embeddable":true,"href":"https:\/\/www.boardlife.se\/fr\/wp-json\/wp\/v2\/media\/167998"}],"wp:attachment":[{"href":"https:\/\/www.boardlife.se\/fr\/wp-json\/wp\/v2\/media?parent=167990"}],"wp:term":[{"taxonomy":"product_brand","embeddable":true,"href":"https:\/\/www.boardlife.se\/fr\/wp-json\/wp\/v2\/product_brand?post=167990"},{"taxonomy":"product_cat","embeddable":true,"href":"https:\/\/www.boardlife.se\/fr\/wp-json\/wp\/v2\/product_cat?post=167990"},{"taxonomy":"product_tag","embeddable":true,"href":"https:\/\/www.boardlife.se\/fr\/wp-json\/wp\/v2\/product_tag?post=167990"}],"curies":[{"name":"wp","href":"https:\/\/api.w.org\/{rel}","templated":true}]}}