{"id":167857,"date":"2022-07-18T10:20:07","date_gmt":"2022-07-18T08:20:07","guid":{"rendered":"https:\/\/www.boardlife.se\/?post_type=product&#038;p=167857"},"modified":"2024-10-07T08:54:33","modified_gmt":"2024-10-07T06:54:33","slug":"carver-tommii-glue-proteus-33-surfskate","status":"publish","type":"product","link":"https:\/\/www.boardlife.se\/fr\/boutique\/surf-skate\/surfskate-complet\/carver-tommii-glue-proteus-33-surfskate\/","title":{"rendered":"Surfskate Carver Tommii Lim Proteus 33\u2033"},"content":{"rendered":"<p>L&#039;artiste Tommii Lim est \u00e0 l&#039;origine du nouveau design du mod\u00e8le Proteus. Proteus est une planche de taille moyenne, l\u00e9g\u00e8rement plus large \u00e0 l&#039;avant, ce qui permet d&#039;adapter ses man\u0153uvres de surf \u00e0 des gabarits vari\u00e9s. Sa longueur a \u00e9t\u00e9 augment\u00e9e par rapport aux versions pr\u00e9c\u00e9dentes pour un meilleur ajustement lors des courbes longues et profondes. \u00c0 notre avis, cette planche est aussi bien adapt\u00e9e au CX qu&#039;au C7\u00a0; choisissez donc celle qui correspond le mieux \u00e0 votre style.<\/p>\n<p>Carver est aujourd&#039;hui le leader du surfskate et est consid\u00e9r\u00e9 comme le pionnier de cette discipline. Issue du surf, cette pratique a \u00e9t\u00e9 d\u00e9velopp\u00e9e au fil du temps pour se rapprocher au plus pr\u00e8s du surf. Choisir Carver, c&#039;est choisir la marque la plus pointue en mati\u00e8re de surfskate\u00a0!<\/p>\n<p>&nbsp;<\/p>\n<h3>Description originale<\/h3>\n<p><b>TOMMII LIM \u2013 PROTEUS<\/b><br>\nLe peintre, designer et muraliste international Tommii Lim confronte l&#039;esprit du temps de la gratification instantan\u00e9e et de l&#039;\u00e8re num\u00e9rique d&#039;aujourd&#039;hui en cr\u00e9ant des \u0153uvres \u00e0 grande \u00e9chelle qui d\u00e9construisent l&#039;observation<br>\net la forme, les s\u00e9duisant dans des compositions noir et blanc minimalistes et contrast\u00e9es. Lim cherche \u00e0 perturber le regard du spectateur en cr\u00e9ant des installations audacieuses et immersives et<br>\npeintures murales avec ses techniques de sculpture optique, employant des m\u00e9thodes de perspective forc\u00e9e pour manipuler l&#039;\u0153il humain afin de former des objets 3D \u00e0 partir de surfaces 2D, permettant ainsi<br>\nLe spectateur peut s&#039;immerger pleinement dans ses peintures pendant un bref instant. L&#039;utilisation audacieuse des formes par Lim s&#039;accorde parfaitement avec le Prot\u00e9e, une forme qui<br>\nforce une r\u00e9\u00e9valuation des mod\u00e8les arch\u00e9typaux et encourage une interaction immersive.<\/p>\n<p>33\u2033 TOMMII LIMM PROTEUS :<\/p>\n<p>Plac\u00e9 sur une forme de Carver Proteus de taille moyenne, le Tommii<br>\nle mod\u00e8le offre beaucoup d&#039;espace pour le pied avant afin que vous puissiez vraiment<br>\n\u00c9cartez vos pieds pour une position correcte sur la planche de surf.<\/p>\n<p>&nbsp;<\/p>\n<p><strong>Notez que la vid\u00e9o montre un mod\u00e8le ant\u00e9rieur de Proteus qui est un peu plus court que la nouvelle version.&nbsp;<\/strong><\/p>\n<p><iframe loading=\"lazy\" title=\"CARVER Skateboards - Skate Proteus\" width=\"500\" height=\"281\" src=\"https:\/\/www.youtube.com\/embed\/ypdFDaowGFs?feature=oembed\" frameborder=\"0\" allow=\"accelerometer; autoplay; clipboard-write; encrypted-media; gyroscope; picture-in-picture; web-share\" referrerpolicy=\"strict-origin-when-cross-origin\" allowfullscreen><\/iframe><\/p>","protected":false},"excerpt":{"rendered":"<p>Carson Proteus kommer i en uppdaterad version j\u00e4mf\u00f6rt med tidigare Proteusmodeller. Den stora skillnaden \u00e4r att man nu \u00f6kat l\u00e4ngden p\u00e5 br\u00e4dan till 33&#8243;. Det g\u00f6r att du f\u00e5r m\u00f6jlighet att g\u00f6ra djupare och l\u00e4ngre carves \u00e4n tidigare. Vi skulle vilja p\u00e5st\u00e5 att b\u00e5de CX och C7-truckarna sitter lika bra p\u00e5 denna br\u00e4da. V\u00e4lj dem som passar din \u00e5kstil b\u00e4st helt enkelt.<\/p>","protected":false},"featured_media":167863,"comment_status":"open","ping_status":"closed","template":"","meta":[],"product_brand":[2544],"product_cat":[2484],"product_tag":[2449,1881,1691],"class_list":{"0":"post-167857","1":"product","2":"type-product","3":"status-publish","4":"has-post-thumbnail","6":"product_brand-carver-skateboards","7":"product_cat-complete-surfskate","8":"product_tag-carson","9":"product_tag-surf","10":"product_tag-surf-skate","11":"pa_hjulbas-18-375-467cm","12":"pa_length-33-838cm","13":"pa_manufacturer-carver-skateboards","14":"pa_truckar-carver-c7-truck","15":"pa_truckar-carver-cx-truck","16":"pa_width-9-875-25cm","18":"first","19":"outofstock","20":"taxable","21":"shipping-taxable","22":"purchasable","23":"product-type-variable","24":"has-default-attributes"},"composite_virtual":false,"composite_layout":"","composite_add_to_cart_form_location":"","composite_editable_in_cart":false,"composite_sold_individually_context":"","composite_shop_price_calc":"","composite_components":[],"composite_scenarios":[],"jetpack_sharing_enabled":true,"_links":{"self":[{"href":"https:\/\/www.boardlife.se\/fr\/wp-json\/wp\/v2\/product\/167857","targetHints":{"allow":["GET"]}}],"collection":[{"href":"https:\/\/www.boardlife.se\/fr\/wp-json\/wp\/v2\/product"}],"about":[{"href":"https:\/\/www.boardlife.se\/fr\/wp-json\/wp\/v2\/types\/product"}],"replies":[{"embeddable":true,"href":"https:\/\/www.boardlife.se\/fr\/wp-json\/wp\/v2\/comments?post=167857"}],"wp:featuredmedia":[{"embeddable":true,"href":"https:\/\/www.boardlife.se\/fr\/wp-json\/wp\/v2\/media\/167863"}],"wp:attachment":[{"href":"https:\/\/www.boardlife.se\/fr\/wp-json\/wp\/v2\/media?parent=167857"}],"wp:term":[{"taxonomy":"product_brand","embeddable":true,"href":"https:\/\/www.boardlife.se\/fr\/wp-json\/wp\/v2\/product_brand?post=167857"},{"taxonomy":"product_cat","embeddable":true,"href":"https:\/\/www.boardlife.se\/fr\/wp-json\/wp\/v2\/product_cat?post=167857"},{"taxonomy":"product_tag","embeddable":true,"href":"https:\/\/www.boardlife.se\/fr\/wp-json\/wp\/v2\/product_tag?post=167857"}],"curies":[{"name":"wp","href":"https:\/\/api.w.org\/{rel}","templated":true}]}}