{"id":167241,"date":"2022-07-15T10:17:58","date_gmt":"2022-07-15T08:17:58","guid":{"rendered":"https:\/\/www.boardlife.se\/?post_type=product&#038;p=167241"},"modified":"2026-01-27T09:53:19","modified_gmt":"2026-01-27T08:53:19","slug":"ecran-distant-evolve-r2-r2b","status":"publish","type":"product","link":"https:\/\/www.boardlife.se\/fr\/boutique\/skateboard-electrique\/pieces-detachees-electriques\/telecommande\/ecran-distant-evolve-r2-r2b\/","title":{"rendered":"\u00c9cran \u00e0 distance Evolve R2\/R2B"},"content":{"rendered":"<p>Si l&#039;\u00e9cran de votre manette Evolve R2\/R2B est endommag\u00e9, nous avons la solution. Vous pouvez choisir de remplacer uniquement la petite protection en plastique ext\u00e9rieure ou l&#039;\u00e9cran LCD complet. Le remplacement est simple et ne n\u00e9cessite aucune comp\u00e9tence particuli\u00e8re. Ces pi\u00e8ces sont compatibles avec les mod\u00e8les R2 et R2B, car leurs dimensions sont identiques.<\/p>","protected":false},"excerpt":{"rendered":"<p>Nouvelle coque ou nouvel \u00e9cran LCD pour votre manette Evolve R2\/R2B. Choisissez si vous avez besoin d&#039;une simple coque plastique ou d&#039;un nouvel \u00e9cran LCD.<\/p>","protected":false},"featured_media":167242,"comment_status":"open","ping_status":"closed","template":"","meta":[],"product_brand":[],"product_cat":[2395],"product_tag":[],"class_list":{"0":"post-167241","1":"product","2":"type-product","3":"status-publish","4":"has-post-thumbnail","6":"product_cat-remotes","8":"first","9":"outofstock","10":"taxable","11":"shipping-taxable","12":"purchasable","13":"product-type-variable","14":"has-default-attributes"},"composite_virtual":false,"composite_layout":"","composite_add_to_cart_form_location":"","composite_editable_in_cart":false,"composite_sold_individually_context":"","composite_shop_price_calc":"","composite_components":[],"composite_scenarios":[],"jetpack_sharing_enabled":true,"_links":{"self":[{"href":"https:\/\/www.boardlife.se\/fr\/wp-json\/wp\/v2\/product\/167241","targetHints":{"allow":["GET"]}}],"collection":[{"href":"https:\/\/www.boardlife.se\/fr\/wp-json\/wp\/v2\/product"}],"about":[{"href":"https:\/\/www.boardlife.se\/fr\/wp-json\/wp\/v2\/types\/product"}],"replies":[{"embeddable":true,"href":"https:\/\/www.boardlife.se\/fr\/wp-json\/wp\/v2\/comments?post=167241"}],"wp:featuredmedia":[{"embeddable":true,"href":"https:\/\/www.boardlife.se\/fr\/wp-json\/wp\/v2\/media\/167242"}],"wp:attachment":[{"href":"https:\/\/www.boardlife.se\/fr\/wp-json\/wp\/v2\/media?parent=167241"}],"wp:term":[{"taxonomy":"product_brand","embeddable":true,"href":"https:\/\/www.boardlife.se\/fr\/wp-json\/wp\/v2\/product_brand?post=167241"},{"taxonomy":"product_cat","embeddable":true,"href":"https:\/\/www.boardlife.se\/fr\/wp-json\/wp\/v2\/product_cat?post=167241"},{"taxonomy":"product_tag","embeddable":true,"href":"https:\/\/www.boardlife.se\/fr\/wp-json\/wp\/v2\/product_tag?post=167241"}],"curies":[{"name":"wp","href":"https:\/\/api.w.org\/{rel}","templated":true}]}}