{"id":167038,"date":"2022-07-02T15:13:57","date_gmt":"2022-07-02T13:13:57","guid":{"rendered":"https:\/\/www.boardlife.se\/?post_type=product&#038;p=167038"},"modified":"2025-09-23T10:31:21","modified_gmt":"2025-09-23T08:31:21","slug":"sac-a-dos-de-skate-exway-pro","status":"publish","type":"product","link":"https:\/\/www.boardlife.se\/fr\/boutique\/vetements-de-rue\/sacs-de-planche\/sac-a-dos-de-skate-exway-pro\/","title":{"rendered":"Sac \u00e0 dos de skate Exway Pro"},"content":{"rendered":"<p>Exway lance un sac \u00e0 dos incroyablement polyvalent pour transporter votre skateboard. Sa conception robuste lui permet d&#039;accueillir m\u00eame les plus grandes planches \u00e9lectriques. Ce sac \u00e0 skateboard offre une flexibilit\u00e9 exceptionnelle et de nombreux r\u00e9glages. Id\u00e9al pour emporter vos accessoires indispensables en voyage, il allie style et praticit\u00e9. L&#039;avantage principal\u00a0? Une fois votre session termin\u00e9e, le transport de votre skateboard se fait en un clin d&#039;\u0153il.<\/p>\n<p>&nbsp;<\/p>\n<p><iframe loading=\"lazy\" title=\"Sac \u00e0 dos de skate Exway Pro \u2013 Tous ses compartiments de rangement\" width=\"500\" height=\"281\" src=\"https:\/\/www.youtube.com\/embed\/ovH0_YMGWOc?feature=oembed\" frameborder=\"0\" allow=\"accelerometer; autoplay; clipboard-write; encrypted-media; gyroscope; picture-in-picture; web-share\" referrerpolicy=\"strict-origin-when-cross-origin\" allowfullscreen><\/iframe><\/p>","protected":false},"excerpt":{"rendered":"<p>Le sac \u00e0 dos pour skateboard Exway, incroyablement flexible, est arriv\u00e9. \u00c0 la fois \u00e9l\u00e9gant et robuste, il est surtout extr\u00eamement adaptable. Vous pouvez emporter vos gadgets les plus chers tout en pouvant transporter n&#039;importe quel type de planche. Et comme il est sign\u00e9 Exway, il peut \u00e9galement accueillir des planches \u00e9lectriques lourdes et imposantes. Pour ceux qui souhaitent toujours emporter leur planche avec eux, nous avons la meilleure solution !<\/p>","protected":false},"featured_media":167051,"comment_status":"open","ping_status":"closed","template":"","meta":[],"product_brand":[2558],"product_cat":[185,1837,372,24],"product_tag":[],"class_list":{"0":"post-167038","1":"product","2":"type-product","3":"status-publish","4":"has-post-thumbnail","6":"product_brand-exway","7":"product_cat-boardbags","8":"product_cat-electric-skate","9":"product_cat-stuff","10":"product_cat-protection","12":"first","13":"outofstock","14":"sale","15":"taxable","16":"shipping-taxable","17":"purchasable","18":"product-type-simple"},"composite_virtual":false,"composite_layout":"","composite_add_to_cart_form_location":"","composite_editable_in_cart":false,"composite_sold_individually_context":"","composite_shop_price_calc":"","composite_components":[],"composite_scenarios":[],"jetpack_sharing_enabled":true,"_links":{"self":[{"href":"https:\/\/www.boardlife.se\/fr\/wp-json\/wp\/v2\/product\/167038","targetHints":{"allow":["GET"]}}],"collection":[{"href":"https:\/\/www.boardlife.se\/fr\/wp-json\/wp\/v2\/product"}],"about":[{"href":"https:\/\/www.boardlife.se\/fr\/wp-json\/wp\/v2\/types\/product"}],"replies":[{"embeddable":true,"href":"https:\/\/www.boardlife.se\/fr\/wp-json\/wp\/v2\/comments?post=167038"}],"wp:featuredmedia":[{"embeddable":true,"href":"https:\/\/www.boardlife.se\/fr\/wp-json\/wp\/v2\/media\/167051"}],"wp:attachment":[{"href":"https:\/\/www.boardlife.se\/fr\/wp-json\/wp\/v2\/media?parent=167038"}],"wp:term":[{"taxonomy":"product_brand","embeddable":true,"href":"https:\/\/www.boardlife.se\/fr\/wp-json\/wp\/v2\/product_brand?post=167038"},{"taxonomy":"product_cat","embeddable":true,"href":"https:\/\/www.boardlife.se\/fr\/wp-json\/wp\/v2\/product_cat?post=167038"},{"taxonomy":"product_tag","embeddable":true,"href":"https:\/\/www.boardlife.se\/fr\/wp-json\/wp\/v2\/product_tag?post=167038"}],"curies":[{"name":"wp","href":"https:\/\/api.w.org\/{rel}","templated":true}]}}