{"id":164164,"date":"2022-05-31T10:27:38","date_gmt":"2022-05-31T08:27:38","guid":{"rendered":"https:\/\/www.boardlife.se\/?post_type=product&#038;p=164164"},"modified":"2025-04-02T18:29:50","modified_gmt":"2025-04-02T16:29:50","slug":"chaussettes-americaines-mamba","status":"publish","type":"product","link":"https:\/\/www.boardlife.se\/fr\/boutique\/vetements-de-rue\/chaussettes\/chaussettes-americaines-mamba\/","title":{"rendered":"Chaussettes am\u00e9ricaines Mamba"},"content":{"rendered":"<p>Voici un article qui attire le regard et vous donne du style\u00a0! Ces chaussettes font partie de la collection Signature Series d&#039;American Socks. Elles sont faites pour ceux qui n&#039;ont pas peur d&#039;affirmer leur style. Si vous pr\u00e9f\u00e9rez passer inaper\u00e7u, nous vous conseillons de ne pas acheter ce mod\u00e8le. Il vous faudra chercher des chaussettes de skate plus audacieuses. La collection Signature Series propose des chaussettes aux motifs beaucoup plus affirm\u00e9s, tout en conservant les rayures classiques en haut. Une chaussette de skate unique qui rehausse votre look, quel qu&#039;il soit. American Socks est synonyme de qualit\u00e9 et d&#039;un style hardcore garanti.<\/p>\n<p>Toutes les chaussettes de la s\u00e9rie Signature ont une longueur de tige \u00ab mi-haute \u00bb et gardent donc vos mollets au chaud et prot\u00e8gent l\u00e9g\u00e8rement mieux vos tibias contre les \u00e9ventuelles figures rat\u00e9es de la planche.<\/p>\n<p>Pour qu&#039;ils conservent leur aspect et leur toucher au fil du temps, il est conseill\u00e9 de suivre les instructions de lavage. Sinon, vous \u00eates libre de vivre toutes les aventures qui vous font envie.<\/p>\n<p>Technologie d&#039;\u00e9vacuation de l&#039;humidit\u00e9 pour garder vos pieds au frais et au sec. Id\u00e9al pour \u00e9viter les mauvaises odeurs lors d&#039;une utilisation active.<br>\n55% Coolmax, 13% Coton, 29% Polyamide, 3% \u00c9lasthanne<\/p>\n<p><img loading=\"lazy\" decoding=\"async\" class=\"alignnone wp-image-113871\" src=\"https:\/\/www.boardlife.se\/wp-content\/uploads\/2020\/07\/size-guide-1024x416.png\" alt=\"Guide des profils des chaussettes am\u00e9ricaines\" width=\"700\" height=\"284\" srcset=\"https:\/\/www.boardlife.se\/wp-content\/uploads\/2020\/07\/size-guide-1024x416.png 1024w, https:\/\/www.boardlife.se\/wp-content\/uploads\/2020\/07\/size-guide-200x81.png 200w, https:\/\/www.boardlife.se\/wp-content\/uploads\/2020\/07\/size-guide-720x293.png 720w, https:\/\/www.boardlife.se\/wp-content\/uploads\/2020\/07\/size-guide-300x122.png 300w, https:\/\/www.boardlife.se\/wp-content\/uploads\/2020\/07\/size-guide-768x312.png 768w, https:\/\/www.boardlife.se\/wp-content\/uploads\/2020\/07\/size-guide-1000x406.png 1000w, https:\/\/www.boardlife.se\/wp-content\/uploads\/2020\/07\/size-guide.png 1100w\" sizes=\"auto, (max-width: 700px) 100vw, 700px\"\/><\/p>","protected":false},"excerpt":{"rendered":"<p>Encore une superbe chaussette de skate sign\u00e9e American Socks. Vous pouvez \u00eatre nu tout en restant bien habill\u00e9, si vous gardez vos chaussettes. La s\u00e9rie Signature propose des chaussettes aux motifs beaucoup plus audacieux, mais avec les rayures classiques sur le dessus.<\/p>","protected":false},"featured_media":164169,"comment_status":"open","ping_status":"closed","template":"","meta":[],"product_brand":[2526],"product_cat":[1703],"product_tag":[],"class_list":{"0":"post-164164","1":"product","2":"type-product","3":"status-publish","4":"has-post-thumbnail","6":"product_brand-american-socks","7":"product_cat-socks","8":"pa_manufacturer-american-socks","9":"pa_storlekar-l-xl-42-46","10":"pa_storlekar-s-m-37-41","12":"first","13":"instock","14":"taxable","15":"shipping-taxable","16":"purchasable","17":"product-type-variable","18":"has-default-attributes"},"composite_virtual":false,"composite_layout":"","composite_add_to_cart_form_location":"","composite_editable_in_cart":false,"composite_sold_individually_context":"","composite_shop_price_calc":"","composite_components":[],"composite_scenarios":[],"jetpack_sharing_enabled":true,"_links":{"self":[{"href":"https:\/\/www.boardlife.se\/fr\/wp-json\/wp\/v2\/product\/164164","targetHints":{"allow":["GET"]}}],"collection":[{"href":"https:\/\/www.boardlife.se\/fr\/wp-json\/wp\/v2\/product"}],"about":[{"href":"https:\/\/www.boardlife.se\/fr\/wp-json\/wp\/v2\/types\/product"}],"replies":[{"embeddable":true,"href":"https:\/\/www.boardlife.se\/fr\/wp-json\/wp\/v2\/comments?post=164164"}],"wp:featuredmedia":[{"embeddable":true,"href":"https:\/\/www.boardlife.se\/fr\/wp-json\/wp\/v2\/media\/164169"}],"wp:attachment":[{"href":"https:\/\/www.boardlife.se\/fr\/wp-json\/wp\/v2\/media?parent=164164"}],"wp:term":[{"taxonomy":"product_brand","embeddable":true,"href":"https:\/\/www.boardlife.se\/fr\/wp-json\/wp\/v2\/product_brand?post=164164"},{"taxonomy":"product_cat","embeddable":true,"href":"https:\/\/www.boardlife.se\/fr\/wp-json\/wp\/v2\/product_cat?post=164164"},{"taxonomy":"product_tag","embeddable":true,"href":"https:\/\/www.boardlife.se\/fr\/wp-json\/wp\/v2\/product_tag?post=164164"}],"curies":[{"name":"wp","href":"https:\/\/api.w.org\/{rel}","templated":true}]}}