{"id":159025,"date":"2022-03-17T18:28:58","date_gmt":"2022-03-17T17:28:58","guid":{"rendered":"https:\/\/www.boardlife.se\/?post_type=product&#038;p=159025"},"modified":"2023-06-29T15:28:34","modified_gmt":"2023-06-29T13:28:34","slug":"verre-sculpte-du-pont-32","status":"publish","type":"product","link":"https:\/\/www.boardlife.se\/fr\/boutique\/surf-skate\/planche-de-surfskate-uniquement\/verre-sculpte-du-pont-32\/","title":{"rendered":"Carver Glass Off 32\u2033 pont seulement"},"content":{"rendered":"<p>Carvers Glass Off est une contribution de la s\u00e9rie Carvers Airbrush. Ces planches d\u00e9gagent un style old school tr\u00e8s agr\u00e9able. Avec ses 32 pouces, la planche est incroyablement souple et confortable en carving, tout en offrant la possibilit\u00e9 de d\u00e9plier le tail pour gagner en vitesse lorsque n\u00e9cessaire.<\/p>\n<p>Carver est aujourd&#039;hui le leader du surfskate et est consid\u00e9r\u00e9 comme le pionnier de cette discipline. Issue du surf, cette pratique a \u00e9t\u00e9 d\u00e9velopp\u00e9e au fil du temps pour se rapprocher au plus pr\u00e8s du surf. Choisir Carver, c&#039;est choisir la marque la plus pointue en mati\u00e8re de surfskate\u00a0!<\/p>\n<p>&nbsp;<\/p>\n<h3>Description originale<\/h3>\n<p>Alors que le soleil se couche sous des nuages flamboyants, des tubes orange translucides d\u00e9ferlent tandis que vous sortez cette planche mi-longue \u00e0 queue de diamant pour une session de l&#039;apr\u00e8s-midi. <a class=\"glossaryLink cmtt_Komponenter\" aria-describedby=\"tt\" data-cmtooltip=\"&lt;div class=glossaryItemTitle&gt;Wheelbase&lt;\/div&gt;&lt;div class=glossaryItemBody&gt;Detta begrepp handlar om det avst&aring;nd du har mellan dina truckar. Ett l&auml;ngre avst&aring;nd ger mer stabilitet och lite l&aring;ngsammare sv&auml;ngar medan den korta kan bli kvickare.&lt;\/div&gt;&lt;div class=cmtt_synonyms_wrapper&gt;&lt;div class=cmtt_synonyms_title&gt;Synonymer: &lt;\/div&gt;&lt;div class=cmtt_synonyms&gt;hjulbas,  WB&lt;\/div&gt;&lt;\/div&gt;&lt;div class=glossaryTooltipMoreLinkWrapper&gt;&lt;a class=glossaryTooltipMoreLink href=https:\/\/www.boardlife.se\/fr\/glossaire\/empattement-2\/ &gt;L&auml;s mer&lt;\/a&gt;&lt;\/div&gt;\" href=\"https:\/\/www.boardlife.se\/fr\/glossaire\/empattement-2\/\" data-mobile-support=\"0\" data-gt-translate-attributes='[{\"attribute\":\"data-cmtooltip\", \"format\":\"html\"}]'>empattement<\/a> Elle affine vos lignes et fluidifie vos mouvements, car au final, personne ne souhaite pr\u00e9cipiter la perfection.<\/p>\n<p>&nbsp;<\/p>\n<p><iframe loading=\"lazy\" title=\"MYSTIC ZONE - Carver Skateboards\" width=\"500\" height=\"281\" src=\"https:\/\/www.youtube.com\/embed\/t5Z5qTiR2pA?feature=oembed\" frameborder=\"0\" allow=\"accelerometer; autoplay; clipboard-write; encrypted-media; gyroscope; picture-in-picture; web-share\" referrerpolicy=\"strict-origin-when-cross-origin\" allowfullscreen><\/iframe><\/p>","protected":false},"excerpt":{"rendered":"<p>Modern br\u00e4da fr\u00e5n Carver men med retro-vibe rakt igenom. Glass Off \u00e4r 32&#8243; vilket g\u00f6r att den har en sk\u00f6n soft k\u00e4nsla i sv\u00e4ngarna och blir varken f\u00f6r snappy eller f\u00f6r l\u00e5ngsam. F\u00f6r dig som vill kombinera br\u00e4dan med egna truckar har du den som deck only h\u00e4r. Du kan se filmerna under &#8220;Mer Info&#8221; f\u00f6r att se skillnaden mellan truckarna. Kolla \u00e4ven in den mysiga inspirationsvideon s\u00e5 vet du vad du kan hitta p\u00e5 n\u00e4r du blir b\u00e4ttre.<\/p>","protected":false},"featured_media":159028,"comment_status":"open","ping_status":"closed","template":"","meta":[],"product_brand":[],"product_cat":[2485],"product_tag":[1881,1691],"class_list":{"0":"post-159025","1":"product","2":"type-product","3":"status-publish","4":"has-post-thumbnail","6":"product_cat-surfskate-deck-only","7":"product_tag-surf","8":"product_tag-surf-skate","9":"pa_hjulbas-17-625-448cm","10":"pa_length-32-813cm","11":"pa_manufacturer-carver-skateboards","12":"pa_width-9-875-25cm","14":"first","15":"instock","16":"taxable","17":"shipping-taxable","18":"purchasable","19":"product-type-simple"},"composite_virtual":false,"composite_layout":"","composite_add_to_cart_form_location":"","composite_editable_in_cart":false,"composite_sold_individually_context":"","composite_shop_price_calc":"","composite_components":[],"composite_scenarios":[],"jetpack_sharing_enabled":true,"_links":{"self":[{"href":"https:\/\/www.boardlife.se\/fr\/wp-json\/wp\/v2\/product\/159025","targetHints":{"allow":["GET"]}}],"collection":[{"href":"https:\/\/www.boardlife.se\/fr\/wp-json\/wp\/v2\/product"}],"about":[{"href":"https:\/\/www.boardlife.se\/fr\/wp-json\/wp\/v2\/types\/product"}],"replies":[{"embeddable":true,"href":"https:\/\/www.boardlife.se\/fr\/wp-json\/wp\/v2\/comments?post=159025"}],"wp:featuredmedia":[{"embeddable":true,"href":"https:\/\/www.boardlife.se\/fr\/wp-json\/wp\/v2\/media\/159028"}],"wp:attachment":[{"href":"https:\/\/www.boardlife.se\/fr\/wp-json\/wp\/v2\/media?parent=159025"}],"wp:term":[{"taxonomy":"product_brand","embeddable":true,"href":"https:\/\/www.boardlife.se\/fr\/wp-json\/wp\/v2\/product_brand?post=159025"},{"taxonomy":"product_cat","embeddable":true,"href":"https:\/\/www.boardlife.se\/fr\/wp-json\/wp\/v2\/product_cat?post=159025"},{"taxonomy":"product_tag","embeddable":true,"href":"https:\/\/www.boardlife.se\/fr\/wp-json\/wp\/v2\/product_tag?post=159025"}],"curies":[{"name":"wp","href":"https:\/\/api.w.org\/{rel}","templated":true}]}}