{"id":158703,"date":"2022-03-10T08:42:58","date_gmt":"2022-03-10T07:42:58","guid":{"rendered":"https:\/\/www.boardlife.se\/?post_type=product&#038;p=158703"},"modified":"2023-06-23T14:51:20","modified_gmt":"2023-06-23T12:51:20","slug":"palmier","status":"publish","type":"product","link":"https:\/\/www.boardlife.se\/fr\/boutique\/longboard\/longboards-complets\/palmier\/","title":{"rendered":"Palmier Floral"},"content":{"rendered":"<p>Palm est une marque \u00e9l\u00e9gante \u00e0 petit prix. Id\u00e9ale pour ceux qui souhaitent acqu\u00e9rir leur premi\u00e8re planche et profiter d&#039;un mod\u00e8le agr\u00e9able et confortable sans se ruiner.<\/p>","protected":false},"excerpt":{"rendered":"<p>Palm est une marque \u00e9l\u00e9gante et styl\u00e9e qui propose une configuration et une planche abordables. La Floral est polyvalente et convient aussi bien au cruising qu&#039;au carving. Elle pr\u00e9sente un peu de nose et de tail si vous souhaitez rehausser un peu la planche et lui donner un peu de style.<\/p>","protected":false},"featured_media":158704,"comment_status":"open","ping_status":"closed","template":"","meta":[],"product_brand":[2632],"product_cat":[21],"product_tag":[],"class_list":{"0":"post-158703","1":"product","2":"type-product","3":"status-publish","4":"has-post-thumbnail","6":"product_brand-palm","7":"product_cat-complete-longboards","8":"pa_manufacturer-palm","10":"first","11":"instock","12":"taxable","13":"shipping-taxable","14":"purchasable","15":"product-type-simple"},"composite_virtual":false,"composite_layout":"","composite_add_to_cart_form_location":"","composite_editable_in_cart":false,"composite_sold_individually_context":"","composite_shop_price_calc":"","composite_components":[],"composite_scenarios":[],"jetpack_sharing_enabled":true,"_links":{"self":[{"href":"https:\/\/www.boardlife.se\/fr\/wp-json\/wp\/v2\/product\/158703","targetHints":{"allow":["GET"]}}],"collection":[{"href":"https:\/\/www.boardlife.se\/fr\/wp-json\/wp\/v2\/product"}],"about":[{"href":"https:\/\/www.boardlife.se\/fr\/wp-json\/wp\/v2\/types\/product"}],"replies":[{"embeddable":true,"href":"https:\/\/www.boardlife.se\/fr\/wp-json\/wp\/v2\/comments?post=158703"}],"wp:featuredmedia":[{"embeddable":true,"href":"https:\/\/www.boardlife.se\/fr\/wp-json\/wp\/v2\/media\/158704"}],"wp:attachment":[{"href":"https:\/\/www.boardlife.se\/fr\/wp-json\/wp\/v2\/media?parent=158703"}],"wp:term":[{"taxonomy":"product_brand","embeddable":true,"href":"https:\/\/www.boardlife.se\/fr\/wp-json\/wp\/v2\/product_brand?post=158703"},{"taxonomy":"product_cat","embeddable":true,"href":"https:\/\/www.boardlife.se\/fr\/wp-json\/wp\/v2\/product_cat?post=158703"},{"taxonomy":"product_tag","embeddable":true,"href":"https:\/\/www.boardlife.se\/fr\/wp-json\/wp\/v2\/product_tag?post=158703"}],"curies":[{"name":"wp","href":"https:\/\/api.w.org\/{rel}","templated":true}]}}