{"id":157420,"date":"2022-02-10T09:57:31","date_gmt":"2022-02-10T08:57:31","guid":{"rendered":"https:\/\/www.boardlife.se\/?post_type=product&#038;p=157420"},"modified":"2025-10-03T10:51:02","modified_gmt":"2025-10-03T08:51:02","slug":"roues-orange-38-dents","status":"publish","type":"product","link":"https:\/\/www.boardlife.se\/fr\/boutique\/skateboard-electrique\/pieces-detachees-electriques\/poulies-dengrenages-dentrainement\/roues-orange-38-dents\/","title":{"rendered":"Roues Orangatang \u00e0 engrenages Evolve GT\/GTX\/GTR (38 dents)"},"content":{"rendered":"<p>Pignon d&#039;entra\u00eenement compatible GT\/GTX\/GTR\/Hadean. Fabriqu\u00e9 en plastique de haute qualit\u00e9, il est plus silencieux que l&#039;aluminium par exemple. Ce pignon est con\u00e7u pour les roues Orangatang. Le mod\u00e8le 38 dents offre une meilleure r\u00e9partition de la charge et est id\u00e9al pour les grandes roues, prolongeant ainsi la dur\u00e9e de vie des courroies. Il am\u00e9liore le couple et l&#039;acc\u00e9l\u00e9ration. Son utilisation est recommand\u00e9e pour les roues jusqu&#039;\u00e0 107 mm ou si votre gilet est lest\u00e9.<\/p>\n<p>Notez que si vous utilisez un plateau de 38 dents, vous aurez \u00e9galement besoin de sangles plus larges sur le mod\u00e8le GT-004 pour l&#039;adapter \u00e0 la planche.<\/p>\n<p>Vendu \u00e0 l&#039;unit\u00e9.<\/p>\n<p><strong>Description originale:<\/strong><\/p>\n<p>Au d\u00e9triment de la vitesse de pointe, ce pignon am\u00e9liore l&#039;acc\u00e9l\u00e9ration de votre planche GT. Offrant environ 20% de couple suppl\u00e9mentaire, il vous permettra d&#039;utiliser des roues plus grandes, de gravir des pentes plus raides et d&#039;accro\u00eetre la puissance de freinage. Attention\u00a0: ce pignon augmente consid\u00e9rablement l&#039;acc\u00e9l\u00e9ration de nos planches. Soyez prudent, car les vitesses \u00e9lev\u00e9es peuvent entra\u00eener une acc\u00e9l\u00e9ration beaucoup plus rapide et augmenter le risque de chute. Ce pignon est plus grand que le pignon de 32 dents mont\u00e9 d&#039;origine sur les skateboards complets. Par cons\u00e9quent, il am\u00e9liore l&#039;acc\u00e9l\u00e9ration et la capacit\u00e9 de la planche \u00e0 grimper, tout en r\u00e9duisant sa vitesse de pointe.<\/p>\n<p>Fabriqu\u00e9 en POM, un plastique sp\u00e9cial con\u00e7u sp\u00e9cifiquement pour les engrenages, cet engrenage est beaucoup plus l\u00e9ger et silencieux que ceux en aluminium gr\u00e2ce \u00e0 ce mat\u00e9riau de haute qualit\u00e9. De plus, il est extr\u00eamement durable et robuste.<\/p>","protected":false},"excerpt":{"rendered":"<p>38-taggat drive gear f\u00f6r dig som vill anv\u00e4nda Orangatanghjul p\u00e5 br\u00e4dan. Det som skiljer denna mot standardkuggen \u00e4r att h\u00e4r f\u00e5r du 38 taggar ist\u00e4llet f\u00f6r 32. Ska du k\u00f6ra med st\u00f6rre hjul \u00e4r det rekommenderat att ha denna version. Du kapar en aning p\u00e5 topphastigheten men f\u00e5r ist\u00e4llet 20% b\u00e4ttre vridmoment. Men ocks\u00e5 f\u00f6r dig som har lite mer vikt kan 38T vara ett bra alternativ. T\u00e4nk p\u00e5 att du ocks\u00e5 beh\u00f6ver en tillh\u00f6rande rem GT-004 f\u00f6r att det ska passa den st\u00f6rre kuggen. Detta drive gear \u00e4r f\u00f6r Evolves GT\/GTX\/GTR\/Hadean.<\/p>\n<p>S\u00e4ljes styckvis<\/p>","protected":false},"featured_media":112458,"comment_status":"open","ping_status":"closed","template":"","meta":[],"product_brand":[],"product_cat":[2267],"product_tag":[],"class_list":{"0":"post-157420","1":"product","2":"type-product","3":"status-publish","4":"has-post-thumbnail","6":"product_cat-drive-gears-pulleys","7":"pa_manufacturer-evolve","9":"first","10":"instock","11":"taxable","12":"shipping-taxable","13":"purchasable","14":"product-type-simple"},"composite_virtual":false,"composite_layout":"","composite_add_to_cart_form_location":"","composite_editable_in_cart":false,"composite_sold_individually_context":"","composite_shop_price_calc":"","composite_components":[],"composite_scenarios":[],"jetpack_sharing_enabled":true,"_links":{"self":[{"href":"https:\/\/www.boardlife.se\/fr\/wp-json\/wp\/v2\/product\/157420","targetHints":{"allow":["GET"]}}],"collection":[{"href":"https:\/\/www.boardlife.se\/fr\/wp-json\/wp\/v2\/product"}],"about":[{"href":"https:\/\/www.boardlife.se\/fr\/wp-json\/wp\/v2\/types\/product"}],"replies":[{"embeddable":true,"href":"https:\/\/www.boardlife.se\/fr\/wp-json\/wp\/v2\/comments?post=157420"}],"wp:featuredmedia":[{"embeddable":true,"href":"https:\/\/www.boardlife.se\/fr\/wp-json\/wp\/v2\/media\/112458"}],"wp:attachment":[{"href":"https:\/\/www.boardlife.se\/fr\/wp-json\/wp\/v2\/media?parent=157420"}],"wp:term":[{"taxonomy":"product_brand","embeddable":true,"href":"https:\/\/www.boardlife.se\/fr\/wp-json\/wp\/v2\/product_brand?post=157420"},{"taxonomy":"product_cat","embeddable":true,"href":"https:\/\/www.boardlife.se\/fr\/wp-json\/wp\/v2\/product_cat?post=157420"},{"taxonomy":"product_tag","embeddable":true,"href":"https:\/\/www.boardlife.se\/fr\/wp-json\/wp\/v2\/product_tag?post=157420"}],"curies":[{"name":"wp","href":"https:\/\/api.w.org\/{rel}","templated":true}]}}