{"id":155775,"date":"2022-01-12T19:39:27","date_gmt":"2022-01-12T18:39:27","guid":{"rendered":"https:\/\/www.boardlife.se\/?post_type=product&#038;p=155775"},"modified":"2024-05-16T15:35:06","modified_gmt":"2024-05-16T13:35:06","slug":"faire-evoluer-la-rue-du-carbone-hadeen","status":"publish","type":"product","link":"https:\/\/www.boardlife.se\/fr\/boutique\/skateboard-electrique\/patins-electriques-complets\/faire-evoluer-la-rue-du-carbone-hadeen\/","title":{"rendered":"\u00c9volution de Hadean Carbon Street"},"content":{"rendered":"<p>Evolve est r\u00e9put\u00e9 pour sa qualit\u00e9, et c&#039;est un sentiment de s\u00e9curit\u00e9 suppl\u00e9mentaire de pouvoir la proposer chez Boardlife. Le lancement de la nouvelle s\u00e9rie Hadean ne fera pas exception. Cette planche marque un nouveau chapitre dans l&#039;histoire d&#039;Evolve. Ses principales caract\u00e9ristiques sont la robustesse, l&#039;autonomie, un contr\u00f4leur moteur am\u00e9lior\u00e9 et une vitesse de pointe accrue. Mais il y a bien plus encore. Comme pour les s\u00e9ries pr\u00e9c\u00e9dentes, vous trouverez une version Bamboo et une version Carbon. La version Bamboo est id\u00e9ale pour ceux qui recherchent un peu plus de puissance. <a class=\"glossaryLink cmtt_Snowboard\"  aria-describedby=\"tt\"  data-cmtooltip=\"&lt;div class=glossaryItemTitle&gt;Flex&lt;\/div&gt;&lt;div class=glossaryItemBody&gt;I huvudsak menar man b&ouml;jbarheten p&aring; br&auml;dan.&lt;\/div&gt;&lt;div class=glossaryTooltipMoreLinkWrapper&gt;&lt;a class=glossaryTooltipMoreLink href=https:\/\/www.boardlife.se\/fr\/glossaire\/flechir\/ &gt;L&auml;s mer&lt;\/a&gt;&lt;\/div&gt;\"  href=\"https:\/\/www.boardlife.se\/fr\/glossaire\/flechir\/\"  data-mobile-support=\"0\"  data-gt-translate-attributes='[{\"attribute\":\"data-cmtooltip\", \"format\":\"html\"}]'>fl\u00e9chir<\/a> Le carbone, quant \u00e0 lui, est id\u00e9al pour ceux qui recherchent un peu plus de rigidit\u00e9, un poids plus l\u00e9ger et\/ou un look diff\u00e9rent. Le carbone est \u00e9galement plus fin, offrant un design incroyablement fluide. Les batteries sont plus performantes et fournissent au 37% plus d&#039;\u00e9nergie, ce qui signifie qu&#039;une seule charge vous permet d&#039;atteindre 65 km (avec des roues de route) ! Quelle que soit la version, le Hadean est d\u00e9sormais dot\u00e9 d&#039;un moteur si puissant que vous pouvez propulser ce longboard \u00e9lectrique jusqu&#039;\u00e0 50 km\/h. Alors, accrochez-vous ! Comme toujours, nous vous recommandons de toujours porter un \u00e9quipement de protection appropri\u00e9, surtout lorsque vous circulez dans la circulation. N&#039;oubliez pas de respecter les limitations de vitesse en vigueur dans les zones o\u00f9 vous circulez.<\/p>\n<p>La version Street est celle qui va le plus vite et vous emm\u00e8ne le plus loin. Cependant, seules les roues distinguent la Street de la All Terrain\u00a0; comme avant, vous avez toujours la m\u00eame planche. L&#039;avantage, c&#039;est que vous pouvez avoir un kit tout-terrain \u00e0 la maison. Si vous souhaitez emporter la planche au travail et la ramener chez vous, vous pouvez utiliser la version Street. Apr\u00e8s le travail, vous pouvez chausser les roues All Terrain et partir avec vos amis sur les sentiers forestiers.<\/p>\n<p>Surtout, Hadean doit \u00eatre suffisamment solide pour pouvoir relever les d\u00e9fis les plus difficiles sans \u00eatre aussi sensible \u00e0 la surchauffe.<\/p>\n<p>Un panneau lumineux int\u00e9gr\u00e9 au tableau am\u00e9liore votre visibilit\u00e9, aussi bien vers l&#039;arri\u00e8re que vers l&#039;avant. Cependant, nous recommandons toujours des \u00e9clairages fixes comme les ShredLights si vous savez que vous serez dans la circulation au coucher du soleil. Quoi qu&#039;il en soit, c&#039;est un atout qui ne constitue pas un inconv\u00e9nient pour la s\u00e9curit\u00e9.<\/p>\n<p>Un autre avantage majeur est la manette am\u00e9lior\u00e9e, d\u00e9sormais nettement plus r\u00e9sistante aux chocs que les versions pr\u00e9c\u00e9dentes. Elle est d\u00e9sormais partiellement fabriqu\u00e9e en aluminium pour une durabilit\u00e9 accrue. L&#039;\u00e9cran affiche \u00e9galement mieux votre vitesse actuelle, ce qui est un atout pour respecter la loi.<\/p>\n<p>En tant qu&#039;\u00e9l\u00e9ment suppl\u00e9mentaire de ce panier de choses douillettes, il existe \u00e9galement une application Evolve mise \u00e0 jour qui vous offre des options suppl\u00e9mentaires pour affiner votre planche.<\/p>\n<p>Si vous souhaitez en savoir plus sur tous les avantages offerts par Hadean, vous avez les propres mots d&#039;Evolve ci-dessous \ud83d\ude42<\/p>\n<p><iframe loading=\"lazy\" title=\"HADEAN CARBON | SKATEBOARDS EVOLVE\" width=\"500\" height=\"281\" src=\"https:\/\/www.youtube.com\/embed\/btWe51S9qjE?feature=oembed\" frameborder=\"0\" allow=\"accelerometer; autoplay; clipboard-write; encrypted-media; gyroscope; picture-in-picture; web-share\" referrerpolicy=\"strict-origin-when-cross-origin\" allowfullscreen><\/iframe><\/p>\n<h2>Description originale<\/h2>\n<p>Con\u00e7ue pour ceux qui en veulent plus, la s\u00e9rie Hadean reprend tout ce qui fait la grandeur de notre s\u00e9rie GTR et la pousse \u00e0 100.<\/p>\n<p>Plus de vitesse, plus d&#039;autonomie, plus d&#039;intelligence et BEAUCOUP plus de puissance, le Hadean est destin\u00e9 \u00e0 ceux qui veulent la conduite ultime sous leurs pieds.<\/p>\n<p>Nomm\u00e9e d&#039;apr\u00e8s la premi\u00e8re p\u00e9riode g\u00e9ologique au cours de laquelle la Terre s&#039;est compl\u00e8tement form\u00e9e, la s\u00e9rie Hadean r\u00e9sume tout ce que nous avons appris au cours de 13 ann\u00e9es de fabrication de skateboards \u00e9lectriques et le regroupe dans une seule planche.<\/p>\n<ul>\n<li><strong>Vitesse de pointe de 50 km\/h<\/strong><\/li>\n<li><strong>Deux moteurs de 3000 W (6000 W au total)&nbsp;<\/strong>(Assez de puissance pour gravir facilement la rue la plus raide du monde)<\/li>\n<li><strong>Autonomie de 65 km<\/strong><\/li>\n<li><strong>Nouvelle t\u00e9l\u00e9commande Phaze robuste<\/strong>&nbsp;(\u00c9cran LCD + 4 modes de vitesse r\u00e9glables)<\/li>\n<li><strong>\u00c9clairage intelligent int\u00e9gr\u00e9<\/strong>&nbsp;(Frein r\u00e9actif, \u00e9tat de panne\/batterie, + personnalisation compl\u00e8te des couleurs et s\u00e9quences d&#039;animation)<\/li>\n<li><strong><em>Explorer par Evolve<\/em><\/strong><strong>&nbsp;personnalisation dans l&#039;application<\/strong>&nbsp;(Ajuster les teintes d&#039;\u00e9clairage + les courbes d&#039;acc\u00e9l\u00e9ration et de freinage)<\/li>\n<li><strong>Nouveau contr\u00f4leur de moteur E-FOC&nbsp;<\/strong>(Contr\u00f4le fluide du pouvoir intense d&#039;Hadean)<\/li>\n<li><strong>Fibre de carbone forg\u00e9e&nbsp;<\/strong>(Utilis\u00e9 sur les supercars pour sa l\u00e9g\u00e8ret\u00e9 et sa r\u00e9sistance)<\/li>\n<li><strong>Pont en instance de brevet<\/strong>&nbsp;(Performances maximales sans encombrement + bouches d&#039;a\u00e9ration de refroidissement)<\/li>\n<li><strong>Raffin\u00e9 <a class=\"glossaryLink cmtt_Komponenter\" aria-describedby=\"tt\" data-cmtooltip=\"&lt;div class=glossaryItemTitle&gt;Konkav&lt;\/div&gt;&lt;div class=glossaryItemBody&gt;De flesta br&auml;dor\/deck &auml;r sk&aring;lade i n&aring;gon m&aring;n. Man har med andra ord h&ouml;gre ytterkanter d&aring; man st&auml;ller sig p&aring; br&auml;dan. Detta kallas f&ouml;r concave eller konkav p&aring; svenska. &lt;\/div&gt;&lt;div class=cmtt_synonyms_wrapper&gt;&lt;div class=cmtt_synonyms_title&gt;Synonymer: &lt;\/div&gt;&lt;div class=cmtt_synonyms&gt;concave&lt;\/div&gt;&lt;\/div&gt;&lt;div class=glossaryTooltipMoreLinkWrapper&gt;&lt;a class=glossaryTooltipMoreLink href=https:\/\/www.boardlife.se\/fr\/glossaire\/konkav-concave\/ &gt;L&auml;s mer&lt;\/a&gt;&lt;\/div&gt;\" href=\"https:\/\/www.boardlife.se\/fr\/glossaire\/konkav-concave\/\" data-mobile-support=\"0\" data-gt-translate-attributes='[{\"attribute\":\"data-cmtooltip\", \"format\":\"html\"}]'>concave<\/a>&nbsp;<\/strong>(\u00c9paules abaiss\u00e9es + atterrissage du pied plus large pour s&#039;adapter \u00e0 toutes les tailles de chaussures)<\/li>\n<\/ul>\n<p>AX\u00c9 SUR LA PERFORMANCE<\/p>\n<p>Obtenez plus de performances sans compromettre la conception gr\u00e2ce \u00e0 notre syst\u00e8me de composants en couches en instance de brevet.<\/p>\n<p>Vous obtenez une capacit\u00e9 de batterie 37% sup\u00e9rieure et des performances 4 fois sup\u00e9rieures \u00e0 celles du GTR avec le m\u00eame look \u00e9l\u00e9gant pour lequel les cartes Evolve sont connues et appr\u00e9ci\u00e9es.<\/p>\n<p>CH\u00c2SSIS EN CARBONE FORG\u00c9<\/p>\n<p>Le Hadean Carbon est le premier skateboard \u00ab ch\u00e2ssis \u00bb au monde.<\/p>\n<p>Inspir\u00e9s des supercars, nos planches sont fabriqu\u00e9es \u00e0 la main en fibre de carbone forg\u00e9e. Ce mat\u00e9riau l\u00e9ger est reconnu pour sa r\u00e9sistance gr\u00e2ce \u00e0 sa teneur \u00e9lev\u00e9e en fibres et \u00e0 l&#039;orientation vari\u00e9e de ses brins.<\/p>\n<p>REFROIDISSEMENT<\/p>\n<p>Dans une autre premi\u00e8re pour le patinage \u00e9lectronique, nous avons con\u00e7u un syst\u00e8me de ventilation qui \u00e9vacue la chaleur des composants \u00e9lectriques internes.<\/p>\n<p>L&#039;aluminium forg\u00e9 est usin\u00e9 CNC pour cr\u00e9er des canaux \u00e0 double ailettes de pr\u00e9cision pour une dissipation maximale de la chaleur, afin que vous obteniez des performances maximales.<\/p>\n<p>UN NOUVEAU NIVEAU DE CONTR\u00d4LE<\/p>\n<p>Con\u00e7u et d\u00e9velopp\u00e9 en Australie, l&#039;E-FOC r\u00e9volutionne la douceur avec laquelle un cycliste peut exploiter la puissance intense produite par les deux moteurs 3000 W et la structure de batterie 12S de Hadean.<\/p>\n<p>FEUX DE ROUTE PR\u00caTS<\/p>\n<p>L&#039;\u00e9clairage intelligent de la s\u00e9rie Hadean am\u00e9liore la s\u00e9curit\u00e9 du conducteur gr\u00e2ce \u00e0 des feux de d\u00e9tresse en temps r\u00e9el lorsque vous appliquez les freins.<\/p>\n<p>POSITION PARFAITE<\/p>\n<p>Avec des descentes verrouillables au niveau des \u00e9paules et un atterrissage des pieds plus large pour s&#039;adapter \u00e0 toutes les tailles de chaussures, vous pouvez vous appuyer contre le pont pour s\u00e9curiser les virages plus serr\u00e9s et les d\u00e9collages agressifs.<\/p>\n<p>CAMIONS SUPER CARVE<\/p>\n<p>Chaque planche Evolve est con\u00e7ue pour sculpter comme un r\u00eave avec nos trucks Super Carve forg\u00e9s.<\/p>\n<p>Stable \u00e0 grande vitesse mais vous permettant toujours de tourner sur un dix sous gr\u00e2ce \u00e0 la conception \u00e0 double canon, nous avons une gamme de produits compatibles <a class=\"glossaryLink cmtt_Komponenter\" aria-describedby=\"tt\" data-cmtooltip=\"&lt;div class=glossaryItemTitle&gt;Bushings&lt;\/div&gt;&lt;div class=glossaryItemBody&gt;Bushings finns i dina truckar och &auml;r den &amp;quot;mjuka&amp;quot; del som reglerar hur mycket dina truckar ska sv&auml;nga n&auml;r du lutar dig p&aring; br&auml;dan.&lt;\/div&gt;&lt;div class=cmtt_synonyms_wrapper&gt;&lt;div class=cmtt_synonyms_title&gt;Synonymer: &lt;\/div&gt;&lt;div class=cmtt_synonyms&gt;bussningar&lt;\/div&gt;&lt;\/div&gt;&lt;div class=glossaryTooltipMoreLinkWrapper&gt;&lt;a class=glossaryTooltipMoreLink href=https:\/\/www.boardlife.se\/fr\/glossaire\/bagues\/ &gt;L&auml;s mer&lt;\/a&gt;&lt;\/div&gt;\" href=\"https:\/\/www.boardlife.se\/fr\/glossaire\/bagues\/\" data-mobile-support=\"0\" data-gt-translate-attributes='[{\"attribute\":\"data-cmtooltip\", \"format\":\"html\"}]'>bagues<\/a> vous pourrez ainsi les r\u00e9gler parfaitement selon vos go\u00fbts.<\/p>\n<p>PHASE \u00c0 DISTANCE<\/p>\n<p>La t\u00e9l\u00e9commande Phaze offre une acc\u00e9l\u00e9ration et un freinage intuitifs gr\u00e2ce \u00e0 sa conception \u00e0 double g\u00e2chette et l&#039;enveloppe dans un cadre en aluminium robuste.<\/p>\n<p>Un cadre en aluminium forg\u00e9 cr\u00e9e l&#039;\u00e9pine dorsale du contr\u00f4leur, le renfor\u00e7ant avec une construction qui vise \u00e0 cr\u00e9er une t\u00e9l\u00e9commande capable de survivre \u00e0 n&#039;importe quelle chute.<\/p>\n<p>VOIR LE CONTR\u00d4LE<\/p>\n<p>Vos donn\u00e9es de trajet en temps r\u00e9el sont affich\u00e9es sur l&#039;\u00e9cran LCD couleur.<\/p>\n<p>Avec quatre modes de vitesse, vous pouvez r\u00e9gler votre contr\u00f4leur pour qu&#039;il corresponde \u00e0 votre niveau de comp\u00e9tence au fur et \u00e0 mesure de votre progression.<\/p>\n<p>PERSONNALISATION DANS L&#039;APPLICATION<\/p>\n<p>Contr\u00f4lez encore plus votre exp\u00e9rience Hadean avec la mise \u00e0 jour&nbsp;<em>Explorer par Evolve<\/em>&nbsp;application.<\/p>\n<p>Ajustez la courbe de freinage et d&#039;acc\u00e9l\u00e9ration exactement comme vous le souhaitez et ajustez vos lumi\u00e8res avec des options de teinte, d&#039;animation et de couleurs multiples pour une personnalisation ultime.<\/p>\n<p><img loading=\"lazy\" decoding=\"async\" class=\"alignnone size-full wp-image-153045\" src=\"https:\/\/www.boardlife.se\/wp-content\/uploads\/2021\/12\/evolveskateboards-hadean-carbon-specs7.jpg\" alt=\"Sp\u00e9cifications du skateboard Evolve Hadean Carbon\" width=\"1000\" height=\"433\" srcset=\"https:\/\/www.boardlife.se\/wp-content\/uploads\/2021\/12\/evolveskateboards-hadean-carbon-specs7.jpg 1000w, https:\/\/www.boardlife.se\/wp-content\/uploads\/2021\/12\/evolveskateboards-hadean-carbon-specs7-200x87.jpg 200w, https:\/\/www.boardlife.se\/wp-content\/uploads\/2021\/12\/evolveskateboards-hadean-carbon-specs7-720x312.jpg 720w, https:\/\/www.boardlife.se\/wp-content\/uploads\/2021\/12\/evolveskateboards-hadean-carbon-specs7-300x130.jpg 300w, https:\/\/www.boardlife.se\/wp-content\/uploads\/2021\/12\/evolveskateboards-hadean-carbon-specs7-768x333.jpg 768w, https:\/\/www.boardlife.se\/wp-content\/uploads\/2021\/12\/evolveskateboards-hadean-carbon-specs7-100x43.jpg 100w\" sizes=\"auto, (max-width: 1000px) 100vw, 1000px\"\/> <img loading=\"lazy\" decoding=\"async\" class=\"alignnone size-full wp-image-153046\" src=\"https:\/\/www.boardlife.se\/wp-content\/uploads\/2021\/12\/evolveskateboards-hadean-carbon-specs6.jpg\" alt=\"Sp\u00e9cifications du skateboard Evolve Hadean Carbon\" width=\"1000\" height=\"553\" srcset=\"https:\/\/www.boardlife.se\/wp-content\/uploads\/2021\/12\/evolveskateboards-hadean-carbon-specs6.jpg 1000w, https:\/\/www.boardlife.se\/wp-content\/uploads\/2021\/12\/evolveskateboards-hadean-carbon-specs6-200x111.jpg 200w, https:\/\/www.boardlife.se\/wp-content\/uploads\/2021\/12\/evolveskateboards-hadean-carbon-specs6-720x398.jpg 720w, https:\/\/www.boardlife.se\/wp-content\/uploads\/2021\/12\/evolveskateboards-hadean-carbon-specs6-300x166.jpg 300w, https:\/\/www.boardlife.se\/wp-content\/uploads\/2021\/12\/evolveskateboards-hadean-carbon-specs6-768x425.jpg 768w, https:\/\/www.boardlife.se\/wp-content\/uploads\/2021\/12\/evolveskateboards-hadean-carbon-specs6-100x55.jpg 100w\" sizes=\"auto, (max-width: 1000px) 100vw, 1000px\"\/> <img loading=\"lazy\" decoding=\"async\" class=\"alignnone size-full wp-image-153048\" src=\"https:\/\/www.boardlife.se\/wp-content\/uploads\/2021\/12\/evolveskateboards-hadean-carbon-specs5.jpg\" alt=\"Sp\u00e9cifications du skateboard Evolve Hadean Carbon\" width=\"1000\" height=\"669\" srcset=\"https:\/\/www.boardlife.se\/wp-content\/uploads\/2021\/12\/evolveskateboards-hadean-carbon-specs5.jpg 1000w, https:\/\/www.boardlife.se\/wp-content\/uploads\/2021\/12\/evolveskateboards-hadean-carbon-specs5-200x134.jpg 200w, https:\/\/www.boardlife.se\/wp-content\/uploads\/2021\/12\/evolveskateboards-hadean-carbon-specs5-720x482.jpg 720w, https:\/\/www.boardlife.se\/wp-content\/uploads\/2021\/12\/evolveskateboards-hadean-carbon-specs5-300x201.jpg 300w, https:\/\/www.boardlife.se\/wp-content\/uploads\/2021\/12\/evolveskateboards-hadean-carbon-specs5-768x514.jpg 768w, https:\/\/www.boardlife.se\/wp-content\/uploads\/2021\/12\/evolveskateboards-hadean-carbon-specs5-100x67.jpg 100w\" sizes=\"auto, (max-width: 1000px) 100vw, 1000px\"\/> <img loading=\"lazy\" decoding=\"async\" class=\"alignnone size-full wp-image-153049\" src=\"https:\/\/www.boardlife.se\/wp-content\/uploads\/2021\/12\/evolveskateboards-hadean-carbon-specs4.jpg\" alt=\"Sp\u00e9cifications du skateboard Evolve Hadean Carbon\" width=\"1000\" height=\"482\" srcset=\"https:\/\/www.boardlife.se\/wp-content\/uploads\/2021\/12\/evolveskateboards-hadean-carbon-specs4.jpg 1000w, https:\/\/www.boardlife.se\/wp-content\/uploads\/2021\/12\/evolveskateboards-hadean-carbon-specs4-200x96.jpg 200w, https:\/\/www.boardlife.se\/wp-content\/uploads\/2021\/12\/evolveskateboards-hadean-carbon-specs4-720x347.jpg 720w, https:\/\/www.boardlife.se\/wp-content\/uploads\/2021\/12\/evolveskateboards-hadean-carbon-specs4-300x145.jpg 300w, https:\/\/www.boardlife.se\/wp-content\/uploads\/2021\/12\/evolveskateboards-hadean-carbon-specs4-768x370.jpg 768w, https:\/\/www.boardlife.se\/wp-content\/uploads\/2021\/12\/evolveskateboards-hadean-carbon-specs4-100x48.jpg 100w\" sizes=\"auto, (max-width: 1000px) 100vw, 1000px\"\/> <img loading=\"lazy\" decoding=\"async\" class=\"alignnone size-full wp-image-153050\" src=\"https:\/\/www.boardlife.se\/wp-content\/uploads\/2021\/12\/evolveskateboards-hadean-carbon-specs3.jpg\" alt=\"Sp\u00e9cifications du skateboard Evolve Hadean Carbon\" width=\"1000\" height=\"443\" srcset=\"https:\/\/www.boardlife.se\/wp-content\/uploads\/2021\/12\/evolveskateboards-hadean-carbon-specs3.jpg 1000w, https:\/\/www.boardlife.se\/wp-content\/uploads\/2021\/12\/evolveskateboards-hadean-carbon-specs3-200x89.jpg 200w, https:\/\/www.boardlife.se\/wp-content\/uploads\/2021\/12\/evolveskateboards-hadean-carbon-specs3-720x319.jpg 720w, https:\/\/www.boardlife.se\/wp-content\/uploads\/2021\/12\/evolveskateboards-hadean-carbon-specs3-300x133.jpg 300w, https:\/\/www.boardlife.se\/wp-content\/uploads\/2021\/12\/evolveskateboards-hadean-carbon-specs3-768x340.jpg 768w, https:\/\/www.boardlife.se\/wp-content\/uploads\/2021\/12\/evolveskateboards-hadean-carbon-specs3-100x44.jpg 100w\" sizes=\"auto, (max-width: 1000px) 100vw, 1000px\"\/> <img loading=\"lazy\" decoding=\"async\" class=\"alignnone size-full wp-image-153051\" src=\"https:\/\/www.boardlife.se\/wp-content\/uploads\/2021\/12\/evolveskateboards-hadean-carbon-specs2.jpg\" alt=\"Sp\u00e9cifications du skateboard Evolve Hadean Carbon\" width=\"1000\" height=\"437\" srcset=\"https:\/\/www.boardlife.se\/wp-content\/uploads\/2021\/12\/evolveskateboards-hadean-carbon-specs2.jpg 1000w, https:\/\/www.boardlife.se\/wp-content\/uploads\/2021\/12\/evolveskateboards-hadean-carbon-specs2-200x87.jpg 200w, https:\/\/www.boardlife.se\/wp-content\/uploads\/2021\/12\/evolveskateboards-hadean-carbon-specs2-720x315.jpg 720w, https:\/\/www.boardlife.se\/wp-content\/uploads\/2021\/12\/evolveskateboards-hadean-carbon-specs2-300x131.jpg 300w, https:\/\/www.boardlife.se\/wp-content\/uploads\/2021\/12\/evolveskateboards-hadean-carbon-specs2-768x336.jpg 768w, https:\/\/www.boardlife.se\/wp-content\/uploads\/2021\/12\/evolveskateboards-hadean-carbon-specs2-100x44.jpg 100w\" sizes=\"auto, (max-width: 1000px) 100vw, 1000px\"\/> <img loading=\"lazy\" decoding=\"async\" class=\"alignnone size-full wp-image-153052\" src=\"https:\/\/www.boardlife.se\/wp-content\/uploads\/2021\/12\/evolveskateboards-hadean-carbon-specs.jpg\" alt=\"Sp\u00e9cifications du skateboard Evolve Hadean Carbon\" width=\"1000\" height=\"460\" srcset=\"https:\/\/www.boardlife.se\/wp-content\/uploads\/2021\/12\/evolveskateboards-hadean-carbon-specs.jpg 1000w, https:\/\/www.boardlife.se\/wp-content\/uploads\/2021\/12\/evolveskateboards-hadean-carbon-specs-200x92.jpg 200w, https:\/\/www.boardlife.se\/wp-content\/uploads\/2021\/12\/evolveskateboards-hadean-carbon-specs-720x331.jpg 720w, https:\/\/www.boardlife.se\/wp-content\/uploads\/2021\/12\/evolveskateboards-hadean-carbon-specs-300x138.jpg 300w, https:\/\/www.boardlife.se\/wp-content\/uploads\/2021\/12\/evolveskateboards-hadean-carbon-specs-768x353.jpg 768w, https:\/\/www.boardlife.se\/wp-content\/uploads\/2021\/12\/evolveskateboards-hadean-carbon-specs-100x46.jpg 100w\" sizes=\"auto, (max-width: 1000px) 100vw, 1000px\"\/><\/p>\n<p><img loading=\"lazy\" decoding=\"async\" class=\"alignnone size-full wp-image-146437\" src=\"https:\/\/www.boardlife.se\/wp-content\/uploads\/2021\/08\/evolve-hadean-specs-8.jpg\" alt=\"\u00c9volution des sp\u00e9cifications Had\u00e9ennes\" width=\"1000\" height=\"1169\" srcset=\"https:\/\/www.boardlife.se\/wp-content\/uploads\/2021\/08\/evolve-hadean-specs-8.jpg 1000w, https:\/\/www.boardlife.se\/wp-content\/uploads\/2021\/08\/evolve-hadean-specs-8-171x200.jpg 171w, https:\/\/www.boardlife.se\/wp-content\/uploads\/2021\/08\/evolve-hadean-specs-8-720x842.jpg 720w, https:\/\/www.boardlife.se\/wp-content\/uploads\/2021\/08\/evolve-hadean-specs-8-257x300.jpg 257w, https:\/\/www.boardlife.se\/wp-content\/uploads\/2021\/08\/evolve-hadean-specs-8-876x1024.jpg 876w, https:\/\/www.boardlife.se\/wp-content\/uploads\/2021\/08\/evolve-hadean-specs-8-768x898.jpg 768w\" sizes=\"auto, (max-width: 1000px) 100vw, 1000px\"\/><\/p>\n<p>&nbsp;<\/p>\n<p>&nbsp;<\/p>","protected":false},"excerpt":{"rendered":"<p>Le nouveau mod\u00e8le phare d&#039;Evolve est arriv\u00e9. Le Hadean Carbon All Terrain vous emm\u00e8nera plus loin qu&#039;avant, et encore plus vite. Comme toujours, ce mod\u00e8le est disponible en version Street et All Terrain. Que vous optiez pour l&#039;une ou l&#039;autre, un kit de conversion suffit pour les deux versions. Ses puissants moteurs de 3000 W chacun vous offrent la puissance n\u00e9cessaire pour aller partout. Ce mod\u00e8le est disponible en version All Terrain, ce qui vous offre la meilleure adaptation pour la conduite tout-terrain. Gr\u00e2ce \u00e0 ses puissants moteurs, vous pourrez gravir les terrains les plus difficiles. Le Carbon est \u00e0 la fois plus l\u00e9ger et plus r\u00e9sistant. De plus, il est encore plus fin. Pour un look encore plus styl\u00e9, l&#039;embl\u00e8me sur le dessus est \u00e9galement illumin\u00e9. Impossible de trouver un e-skate plus cool\u00a0!<\/p>\n<p><strong>En raison d&#039;une forte demande, des retards importants sont \u00e0 pr\u00e9voir chez Evolve. Commandez d\u00e8s maintenant pour r\u00e9server votre place. Les planches sont livr\u00e9es par ordre d&#039;arriv\u00e9e. Nous nous r\u00e9servons le droit d&#039;\u00eatre rapidement en rupture de stock\u00a0! (Si vous choisissez de payer par facture Klarna, le montant ne sera d\u00e9duit qu&#039;apr\u00e8s exp\u00e9dition des marchandises.) Actuellement, le d\u00e9lai d&#039;attente est d&#039;environ deux semaines \u00e0 compter de la commande.\u00a0<\/strong><\/p>","protected":false},"featured_media":155787,"comment_status":"open","ping_status":"closed","template":"","meta":[],"product_brand":[2557],"product_cat":[2266],"product_tag":[],"class_list":{"0":"post-155775","1":"product","2":"type-product","3":"status-publish","4":"has-post-thumbnail","6":"product_brand-evolve-skateboards","7":"product_cat-complete-e-skates","8":"pa_konstruktion-kolfiber","9":"pa_manufacturer-evolve","11":"first","12":"onbackorder","13":"sale","14":"taxable","15":"shipping-taxable","16":"purchasable","17":"product-type-simple"},"composite_virtual":false,"composite_layout":"","composite_add_to_cart_form_location":"","composite_editable_in_cart":false,"composite_sold_individually_context":"","composite_shop_price_calc":"","composite_components":[],"composite_scenarios":[],"jetpack_sharing_enabled":true,"_links":{"self":[{"href":"https:\/\/www.boardlife.se\/fr\/wp-json\/wp\/v2\/product\/155775","targetHints":{"allow":["GET"]}}],"collection":[{"href":"https:\/\/www.boardlife.se\/fr\/wp-json\/wp\/v2\/product"}],"about":[{"href":"https:\/\/www.boardlife.se\/fr\/wp-json\/wp\/v2\/types\/product"}],"replies":[{"embeddable":true,"href":"https:\/\/www.boardlife.se\/fr\/wp-json\/wp\/v2\/comments?post=155775"}],"wp:featuredmedia":[{"embeddable":true,"href":"https:\/\/www.boardlife.se\/fr\/wp-json\/wp\/v2\/media\/155787"}],"wp:attachment":[{"href":"https:\/\/www.boardlife.se\/fr\/wp-json\/wp\/v2\/media?parent=155775"}],"wp:term":[{"taxonomy":"product_brand","embeddable":true,"href":"https:\/\/www.boardlife.se\/fr\/wp-json\/wp\/v2\/product_brand?post=155775"},{"taxonomy":"product_cat","embeddable":true,"href":"https:\/\/www.boardlife.se\/fr\/wp-json\/wp\/v2\/product_cat?post=155775"},{"taxonomy":"product_tag","embeddable":true,"href":"https:\/\/www.boardlife.se\/fr\/wp-json\/wp\/v2\/product_tag?post=155775"}],"curies":[{"name":"wp","href":"https:\/\/api.w.org\/{rel}","templated":true}]}}