{"id":153501,"date":"2021-12-10T11:50:40","date_gmt":"2021-12-10T10:50:40","guid":{"rendered":"https:\/\/www.boardlife.se\/?post_type=product&#038;p=153501"},"modified":"2025-10-19T21:36:51","modified_gmt":"2025-10-19T19:36:51","slug":"girl-kennedy-93-til-8-375","status":"publish","type":"product","link":"https:\/\/www.boardlife.se\/fr\/boutique\/skateboard\/pont-seulement\/girl-kennedy-93-til-8-375\/","title":{"rendered":"Fille Kennedy \u00ab93 jusqu&#039;\u00e0\u00bb 8.375\u2033"},"content":{"rendered":"<p>Girl Skateboards ma\u00eetrise l&#039;art de proposer des planches extr\u00eamement styl\u00e9es. Leurs planches sont \u00e9galement tr\u00e8s styl\u00e9es. <a class=\"glossaryLink cmtt_Komponenter\" aria-describedby=\"tt\" data-cmtooltip=\"&lt;div class=glossaryItemTitle&gt;Konkav&lt;\/div&gt;&lt;div class=glossaryItemBody&gt;De flesta br&auml;dor\/deck &auml;r sk&aring;lade i n&aring;gon m&aring;n. Man har med andra ord h&ouml;gre ytterkanter d&aring; man st&auml;ller sig p&aring; br&auml;dan. Detta kallas f&ouml;r concave eller konkav p&aring; svenska. &lt;\/div&gt;&lt;div class=cmtt_synonyms_wrapper&gt;&lt;div class=cmtt_synonyms_title&gt;Synonymer: &lt;\/div&gt;&lt;div class=cmtt_synonyms&gt;concave&lt;\/div&gt;&lt;\/div&gt;&lt;div class=glossaryTooltipMoreLinkWrapper&gt;&lt;a class=glossaryTooltipMoreLink href=https:\/\/www.boardlife.se\/fr\/glossaire\/konkav-concave\/ &gt;L&auml;s mer&lt;\/a&gt;&lt;\/div&gt;\" href=\"https:\/\/www.boardlife.se\/fr\/glossaire\/konkav-concave\/\" data-mobile-support=\"0\" data-gt-translate-attributes='[{\"attribute\":\"data-cmtooltip\", \"format\":\"html\"}]'>concave<\/a> pour ceux qui veulent quelque chose de plus de ce produit.<\/p>","protected":false},"excerpt":{"rendered":"<p>En snygg br\u00e4da fr\u00e5n Girl av Cory Kennedy i formatet 8.375&#8243;<\/p>","protected":false},"featured_media":153502,"comment_status":"open","ping_status":"closed","template":"","meta":[],"product_brand":[2564],"product_cat":[854],"product_tag":[],"class_list":{"0":"post-153501","1":"product","2":"type-product","3":"status-publish","4":"has-post-thumbnail","6":"product_brand-girl","7":"product_cat-deck-only","8":"pa_konstruktion-7-lager-lonn","9":"pa_manufacturer-girl-skateboards","10":"pa_width-8-375-21-28cm","12":"first","13":"instock","14":"taxable","15":"shipping-taxable","16":"purchasable","17":"product-type-simple"},"composite_virtual":false,"composite_layout":"","composite_add_to_cart_form_location":"","composite_editable_in_cart":false,"composite_sold_individually_context":"","composite_shop_price_calc":"","composite_components":[],"composite_scenarios":[],"jetpack_sharing_enabled":true,"_links":{"self":[{"href":"https:\/\/www.boardlife.se\/fr\/wp-json\/wp\/v2\/product\/153501","targetHints":{"allow":["GET"]}}],"collection":[{"href":"https:\/\/www.boardlife.se\/fr\/wp-json\/wp\/v2\/product"}],"about":[{"href":"https:\/\/www.boardlife.se\/fr\/wp-json\/wp\/v2\/types\/product"}],"replies":[{"embeddable":true,"href":"https:\/\/www.boardlife.se\/fr\/wp-json\/wp\/v2\/comments?post=153501"}],"wp:featuredmedia":[{"embeddable":true,"href":"https:\/\/www.boardlife.se\/fr\/wp-json\/wp\/v2\/media\/153502"}],"wp:attachment":[{"href":"https:\/\/www.boardlife.se\/fr\/wp-json\/wp\/v2\/media?parent=153501"}],"wp:term":[{"taxonomy":"product_brand","embeddable":true,"href":"https:\/\/www.boardlife.se\/fr\/wp-json\/wp\/v2\/product_brand?post=153501"},{"taxonomy":"product_cat","embeddable":true,"href":"https:\/\/www.boardlife.se\/fr\/wp-json\/wp\/v2\/product_cat?post=153501"},{"taxonomy":"product_tag","embeddable":true,"href":"https:\/\/www.boardlife.se\/fr\/wp-json\/wp\/v2\/product_tag?post=153501"}],"curies":[{"name":"wp","href":"https:\/\/api.w.org\/{rel}","templated":true}]}}