{"id":153323,"date":"2021-12-08T17:15:26","date_gmt":"2021-12-08T16:15:26","guid":{"rendered":"https:\/\/www.boardlife.se\/?post_type=product&#038;p=153323"},"modified":"2026-04-16T13:22:49","modified_gmt":"2026-04-16T11:22:49","slug":"poignee-de-skateboard-universelle-exway","status":"publish","type":"product","link":"https:\/\/www.boardlife.se\/fr\/boutique\/skateboard-electrique\/pieces-detachees-electriques\/pieces-de-protection\/poignee-de-skateboard-universelle-exway\/","title":{"rendered":"Poign\u00e9e de skateboard universelle Exway"},"content":{"rendered":"<p>Exway pr\u00e9sente sa poign\u00e9e de transport universelle pour skateboards. Fix\u00e9e au truck avant ou arri\u00e8re, elle permet de tirer facilement la planche derri\u00e8re soi lorsqu&#039;on n&#039;est pas dessus. Id\u00e9ale pour transporter les skateboards \u00e9lectriques, souvent assez lourds. Cette poign\u00e9e en m\u00e9tal allie style et robustesse, offrant une finition \u00e9l\u00e9gante et professionnelle. Compatible avec tous les skateboards de la gamme Exway, elle se fixe sur le dessus de la planche, dans le m\u00eame trou de vis que le truck.<\/p>\n<p>&nbsp;<\/p>\n<p><strong>Conseils d&#039;utilisation<\/strong><strong>&#65306;<\/strong><\/p>\n<p>Cette poign\u00e9e de skateboard est compatible avec les mod\u00e8les Atlas, X1 Pro, X1 MAX et <a class=\"glossaryLink cmtt_Snowboard\"  aria-describedby=\"tt\"  data-cmtooltip=\"&lt;div class=glossaryItemTitle&gt;Flex&lt;\/div&gt;&lt;div class=glossaryItemBody&gt;I huvudsak menar man b&ouml;jbarheten p&aring; br&auml;dan.&lt;\/div&gt;&lt;div class=glossaryTooltipMoreLinkWrapper&gt;&lt;a class=glossaryTooltipMoreLink href=https:\/\/www.boardlife.se\/fr\/glossaire\/flechir\/ &gt;L&auml;s mer&lt;\/a&gt;&lt;\/div&gt;\"  href=\"https:\/\/www.boardlife.se\/fr\/glossaire\/flechir\/\"  data-mobile-support=\"0\"  data-gt-translate-attributes='[{\"attribute\":\"data-cmtooltip\", \"format\":\"html\"}]'>Fl\u00e9chir<\/a> cartes de s\u00e9rie.<\/p>\n<p><strong>Liste de colisage<\/strong><strong>&#65306;<\/strong><\/p>\n<p>Poign\u00e9e de skateboard Exway x1<br>\n2 vis<\/p>","protected":false},"excerpt":{"rendered":"<p>Exway sait que m\u00eame si vous pr\u00e9f\u00e9rez toujours rider votre planche, il peut arriver que vous ayez besoin de la porter. Les skateboards actuels peuvent \u00eatre plus grands et plus lourds en raison de leurs performances, ce qui rend parfois le transport de la planche un peu difficile. C&#039;est pourquoi Exway a d\u00e9velopp\u00e9 un support universel \u00e0 fixer sur votre planche. Il suffit d&#039;une poign\u00e9e pour tirer la planche derri\u00e8re vous. Cette poign\u00e9e se fixe au m\u00eame endroit que les vis du truck. Vous pouvez donc l&#039;utiliser sur tous les types de planches \u00e9lectriques et de longboards classiques si vous le souhaitez.<\/p>","protected":false},"featured_media":153329,"comment_status":"open","ping_status":"closed","template":"","meta":[],"product_brand":[2558],"product_cat":[2350,1947,2478],"product_tag":[],"class_list":{"0":"post-153323","1":"product","2":"type-product","3":"status-publish","4":"has-post-thumbnail","6":"product_brand-exway","7":"product_cat-electric-accessories","8":"product_cat-electric-spareparts","9":"product_cat-protective-parts","10":"pa_manufacturer-exway","12":"first","13":"instock","14":"taxable","15":"shipping-taxable","16":"purchasable","17":"product-type-simple"},"composite_virtual":false,"composite_layout":"","composite_add_to_cart_form_location":"","composite_editable_in_cart":false,"composite_sold_individually_context":"","composite_shop_price_calc":"","composite_components":[],"composite_scenarios":[],"jetpack_sharing_enabled":true,"_links":{"self":[{"href":"https:\/\/www.boardlife.se\/fr\/wp-json\/wp\/v2\/product\/153323","targetHints":{"allow":["GET"]}}],"collection":[{"href":"https:\/\/www.boardlife.se\/fr\/wp-json\/wp\/v2\/product"}],"about":[{"href":"https:\/\/www.boardlife.se\/fr\/wp-json\/wp\/v2\/types\/product"}],"replies":[{"embeddable":true,"href":"https:\/\/www.boardlife.se\/fr\/wp-json\/wp\/v2\/comments?post=153323"}],"wp:featuredmedia":[{"embeddable":true,"href":"https:\/\/www.boardlife.se\/fr\/wp-json\/wp\/v2\/media\/153329"}],"wp:attachment":[{"href":"https:\/\/www.boardlife.se\/fr\/wp-json\/wp\/v2\/media?parent=153323"}],"wp:term":[{"taxonomy":"product_brand","embeddable":true,"href":"https:\/\/www.boardlife.se\/fr\/wp-json\/wp\/v2\/product_brand?post=153323"},{"taxonomy":"product_cat","embeddable":true,"href":"https:\/\/www.boardlife.se\/fr\/wp-json\/wp\/v2\/product_cat?post=153323"},{"taxonomy":"product_tag","embeddable":true,"href":"https:\/\/www.boardlife.se\/fr\/wp-json\/wp\/v2\/product_tag?post=153323"}],"curies":[{"name":"wp","href":"https:\/\/api.w.org\/{rel}","templated":true}]}}