{"id":148742,"date":"2021-10-01T15:40:40","date_gmt":"2021-10-01T13:40:40","guid":{"rendered":"https:\/\/www.boardlife.se\/?post_type=product&#038;p=148742"},"modified":"2025-12-15T15:04:18","modified_gmt":"2025-12-15T14:04:18","slug":"thrasher-skate-mag-t-shirt-maroon","status":"publish","type":"product","link":"https:\/\/www.boardlife.se\/fr\/boutique\/vetements-de-rue\/t-shirt\/thrasher-skate-mag-t-shirt-maroon\/","title":{"rendered":"T-shirt Thrasher Skate Mag Bordeaux"},"content":{"rendered":"<p>Thrasher incarne et incarne toujours \u00e0 merveille un style de vie exceptionnel. Un t-shirt vaut mille mots. Voici un mod\u00e8le classique \u00e0 col montant qui affirme votre personnalit\u00e9.<\/p>","protected":false},"excerpt":{"rendered":"<p>Un t-shirt embl\u00e9matique de Thrasher avec lequel vous restez non seulement bien habill\u00e9, mais faites \u00e9galement une v\u00e9ritable d\u00e9claration sur le style de vie auquel vous appartenez.<\/p>","protected":false},"featured_media":148747,"comment_status":"open","ping_status":"closed","template":"","meta":[],"product_brand":[2620],"product_cat":[1405],"product_tag":[],"class_list":{"0":"post-148742","1":"product","2":"type-product","3":"status-publish","4":"has-post-thumbnail","6":"product_brand-thrasher","7":"product_cat-t-shirt","8":"pa_manufacturer-thrasher","9":"pa_storlekar-l","10":"pa_storlekar-m","11":"pa_storlekar-s","12":"pa_storlekar-xl","14":"first","15":"instock","16":"sale","17":"taxable","18":"shipping-taxable","19":"purchasable","20":"product-type-variable","21":"has-default-attributes"},"composite_virtual":false,"composite_layout":"","composite_add_to_cart_form_location":"","composite_editable_in_cart":false,"composite_sold_individually_context":"","composite_shop_price_calc":"","composite_components":[],"composite_scenarios":[],"jetpack_sharing_enabled":true,"_links":{"self":[{"href":"https:\/\/www.boardlife.se\/fr\/wp-json\/wp\/v2\/product\/148742","targetHints":{"allow":["GET"]}}],"collection":[{"href":"https:\/\/www.boardlife.se\/fr\/wp-json\/wp\/v2\/product"}],"about":[{"href":"https:\/\/www.boardlife.se\/fr\/wp-json\/wp\/v2\/types\/product"}],"replies":[{"embeddable":true,"href":"https:\/\/www.boardlife.se\/fr\/wp-json\/wp\/v2\/comments?post=148742"}],"wp:featuredmedia":[{"embeddable":true,"href":"https:\/\/www.boardlife.se\/fr\/wp-json\/wp\/v2\/media\/148747"}],"wp:attachment":[{"href":"https:\/\/www.boardlife.se\/fr\/wp-json\/wp\/v2\/media?parent=148742"}],"wp:term":[{"taxonomy":"product_brand","embeddable":true,"href":"https:\/\/www.boardlife.se\/fr\/wp-json\/wp\/v2\/product_brand?post=148742"},{"taxonomy":"product_cat","embeddable":true,"href":"https:\/\/www.boardlife.se\/fr\/wp-json\/wp\/v2\/product_cat?post=148742"},{"taxonomy":"product_tag","embeddable":true,"href":"https:\/\/www.boardlife.se\/fr\/wp-json\/wp\/v2\/product_tag?post=148742"}],"curies":[{"name":"wp","href":"https:\/\/api.w.org\/{rel}","templated":true}]}}