{"id":148524,"date":"2021-09-27T13:20:58","date_gmt":"2021-09-27T11:20:58","guid":{"rendered":"https:\/\/www.boardlife.se\/?post_type=product&#038;p=148524"},"modified":"2023-09-11T09:58:04","modified_gmt":"2023-09-11T07:58:04","slug":"rouleau-de-ruban-adhesif-antiderapant-creme-non-abrasif","status":"publish","type":"product","link":"https:\/\/www.boardlife.se\/fr\/boutique\/materiel\/ruban-adhesif\/rouleau-de-ruban-adhesif-antiderapant-creme-non-abrasif\/","title":{"rendered":"Rouleau de grip non abrasif Cream Grip (vendu par 10 cm x quantit\u00e9)"},"content":{"rendered":"<p>CreamGrip est le premier ruban adh\u00e9sif antid\u00e9rapant qui n&#039;utilise pas une texture abrasive pour offrir une bonne adh\u00e9rence. Il a \u00e9t\u00e9 d\u00e9velopp\u00e9 par des skateurs passionn\u00e9s qui ont travaill\u00e9 sans rel\u00e2che pour trouver la texture id\u00e9ale garantissant un excellent toucher.<\/p>\n<p>Au lieu de papier de verre, ils ont con\u00e7u une surface rainur\u00e9e sur une structure en caoutchouc. Ce grip est vraiment ing\u00e9nieux car il prot\u00e8ge vos chaussures et vous assure une adh\u00e9rence optimale m\u00eame apr\u00e8s des centaines d&#039;heures de skate ! Vous \u00e9conomisez ainsi beaucoup d&#039;argent que vous auriez autrement d\u00fb d\u00e9penser en chaussures et en nouveau grip. Autre avantage : contrairement aux grips traditionnels qui changent de comportement avec le temps selon qu&#039;ils soient neufs ou us\u00e9s, le Cream Grip conserve les m\u00eames sensations qu&#039;au d\u00e9but, m\u00eame apr\u00e8s une utilisation prolong\u00e9e.<\/p>\n<p>Vous pouvez commander le grip \u00e0 la longueur de votre choix. Il est vendu au d\u00e9cim\u00e8tre, ce qui signifie que vous indiquez la longueur souhait\u00e9e ainsi que la quantit\u00e9. Par exemple, si vous souhaitez 1 m de grip, commandez 10 unit\u00e9s et nous le d\u00e9couperons \u00e0 1 m pour vous. Sa largeur est de 11 pouces (27,9 cm), ce qui le rend compatible avec la plupart des planches.<\/p>\n<p>Il est particuli\u00e8rement adapt\u00e9 aux adeptes du freestyle, de la danse ou du surf skate qui recherchent une surface plus souple qui n&#039;ab\u00eemera pas leurs chaussures en cas de mouvements fr\u00e9quents des pieds.<\/p>\n<h2>Description officielle de Cream Grip\u00a0:<\/h2>\n<p>Le premier skateboard non abrasif et r\u00e9utilisable au monde qui favorise \u00e9galement la pratique du \u00ab skateboard social \u00bb.<\/p>\n<h2>NON ABRASIF<\/h2>\n<p>CreamGrip est le premier grip qui n&#039;ab\u00eeme pas vos chaussures, un probl\u00e8me particuli\u00e8rement aga\u00e7ant pour les skateurs. Gr\u00e2ce \u00e0 ses propri\u00e9t\u00e9s, utiliser CreamGrip prolonge la dur\u00e9e de vie de vos chaussures.<\/p>\n<h2>PATINAGE SOCIAL<\/h2>\n<p>Le projet comporte un volet social, que nous appelons \u00ab\u00a0Skateboard social\u00a0\u00bb, qui consiste \u00e0 faire don d&#039;un CreamGrip \u00e0 une communaut\u00e9 de skateurs dans des zones en d\u00e9veloppement pour chaque CreamGrip vendu.<\/p>\n<h2>R\u00c9UTILISABLE<\/h2>\n<p>Vous pouvez retirer le CreamGrip de votre patin et le r\u00e9utiliser \u00e0 volont\u00e9, ce qui vous permet d&#039;\u00e9conomiser l&#039;argent en \u00e9vitant d&#039;en racheter. Il suffit de d\u00e9coller le CreamGrip de l&#039;adh\u00e9sif et de le remplacer par un neuf pour pouvoir le r\u00e9utiliser.<\/p>","protected":false},"excerpt":{"rendered":"<p>Cream Grip \u00e4r den f\u00f6rsta grippan med helt ny teknik. Ist\u00e4llet f\u00f6r en traditionell sandpapperstruktur har denna variant en r\u00e4fflad gummiyta som f\u00f6r att du h\u00e5ller greppet minst lika bra. Men du slipper slita ner dina skor och k\u00f6pa ny grippa. Cream Grip \u00e4r utvecklad av erfarna skateare som vet vilka kriterier som kr\u00e4vs f\u00f6r att kunna skejta. G\u00e5r br\u00e4dan av innan kan du riva loss grippan och k\u00f6pa ett klisterark och s\u00e4tta p\u00e5 den p\u00e5 n\u00e4sta br\u00e4da igen&#8230; ut\u00f6ver detta st\u00f6ttar de ett socialt skateprojekt f\u00f6r varje grippa som s\u00e4js.<\/p>\n<p>Bredden p\u00e5 griptapen \u00e4r 11&#8243; vilket g\u00f6r att den passar \u00e4ven de bredare plankorna d\u00e4r ute. Perfekt f\u00f6r dig som vill ha en sk\u00f6n grip f\u00f6r expel en Carver eller old school. Cream Grip passar perfekt f\u00f6r dig som inte vill slita skor eller ha en softare grip om du exemplevis vill skatea barfota. Eller kanske f\u00f6r dig som har en dancer\/freestyle som du vill flytta runt f\u00f6tterna mycket p\u00e5!<\/p>\n<p>Denna grip s\u00e4ljs i valfri l\u00e4ngd och priset avser per decimeter. S\u00e5 med andra ord vill du ha 1 m grip v\u00e4ljer du allts\u00e5 10 st av denna vara s\u00e5 f\u00e5r du r\u00e4tt l\u00e4ngd.<\/p>","protected":false},"featured_media":148525,"comment_status":"open","ping_status":"closed","template":"","meta":[],"product_brand":[2544,2724],"product_cat":[202],"product_tag":[2482],"class_list":{"0":"post-148524","1":"product","2":"type-product","3":"status-publish","4":"has-post-thumbnail","6":"product_brand-carver-skateboards","7":"product_brand-cream-prime","8":"product_cat-griptape","9":"product_tag-dancing-freestyle","10":"pa_manufacturer-cream-grip","11":"pa_width-11-279cm","13":"first","14":"outofstock","15":"taxable","16":"shipping-taxable","17":"purchasable","18":"product-type-simple"},"composite_virtual":false,"composite_layout":"","composite_add_to_cart_form_location":"","composite_editable_in_cart":false,"composite_sold_individually_context":"","composite_shop_price_calc":"","composite_components":[],"composite_scenarios":[],"jetpack_sharing_enabled":true,"_links":{"self":[{"href":"https:\/\/www.boardlife.se\/fr\/wp-json\/wp\/v2\/product\/148524","targetHints":{"allow":["GET"]}}],"collection":[{"href":"https:\/\/www.boardlife.se\/fr\/wp-json\/wp\/v2\/product"}],"about":[{"href":"https:\/\/www.boardlife.se\/fr\/wp-json\/wp\/v2\/types\/product"}],"replies":[{"embeddable":true,"href":"https:\/\/www.boardlife.se\/fr\/wp-json\/wp\/v2\/comments?post=148524"}],"wp:featuredmedia":[{"embeddable":true,"href":"https:\/\/www.boardlife.se\/fr\/wp-json\/wp\/v2\/media\/148525"}],"wp:attachment":[{"href":"https:\/\/www.boardlife.se\/fr\/wp-json\/wp\/v2\/media?parent=148524"}],"wp:term":[{"taxonomy":"product_brand","embeddable":true,"href":"https:\/\/www.boardlife.se\/fr\/wp-json\/wp\/v2\/product_brand?post=148524"},{"taxonomy":"product_cat","embeddable":true,"href":"https:\/\/www.boardlife.se\/fr\/wp-json\/wp\/v2\/product_cat?post=148524"},{"taxonomy":"product_tag","embeddable":true,"href":"https:\/\/www.boardlife.se\/fr\/wp-json\/wp\/v2\/product_tag?post=148524"}],"curies":[{"name":"wp","href":"https:\/\/api.w.org\/{rel}","templated":true}]}}