{"id":148227,"date":"2021-09-22T09:48:44","date_gmt":"2021-09-22T07:48:44","guid":{"rendered":"https:\/\/www.boardlife.se\/?post_type=product&#038;p=148227"},"modified":"2025-12-11T11:48:22","modified_gmt":"2025-12-11T10:48:22","slug":"spitfire-formule-4-classiques-52-mm-99a","status":"publish","type":"product","link":"https:\/\/www.boardlife.se\/fr\/boutique\/skateboard\/composants-de-skateboard\/roues-de-skateboard\/spitfire-formule-4-classiques-52-mm-99a\/","title":{"rendered":"Spitfire Formule 4 Classiques 52 mm 99a"},"content":{"rendered":"<p>Spitfire \u2013 Roues FORMULA FOUR \u00ab CLASSIC 99DU \u00bb \u2013 52MM<\/p>\n<p><strong>Roues Spitfire Formula Four Classic 99a<\/strong> Voici la toute nouvelle roue Spitfire. Test\u00e9e par les pilotes de l&#039;\u00e9quipe Spitfire, l&#039;ur\u00e9thane performance Formula Four a dur\u00e9 plus longtemps, a r\u00e9sist\u00e9 \u00e0 davantage d&#039;abus et a offert des performances sup\u00e9rieures \u00e0 toutes les autres roues. L&#039;ur\u00e9thane Spitfire Formula Four a \u00e9t\u00e9 d\u00e9velopp\u00e9 pour combiner toutes les propri\u00e9t\u00e9s recherch\u00e9es d&#039;une roue performance sans sacrifier aucun attribut. La v\u00e9ritable durabilit\u00e9 de l&#039;ur\u00e9thane performance Formula Four ne repose pas sur un seul avantage, mais sur une combinaison de qualit\u00e9s et de caract\u00e9ristiques qui, ensemble, produisent une roue exceptionnelle. L&#039;ur\u00e9thane performance Formula Four est unique en son genre.<\/p>\n<p>Caract\u00e9ristiques:<\/p>\n<ul>\n<li>Formul\u00e9 pour une conduite plus dure et plus rapide<\/li>\n<li>Incomparable <a class=\"glossaryLink cmtt_&Aring;kning\" aria-describedby=\"tt\" data-cmtooltip=\"&lt;div class=glossaryItemTitle&gt;Flatspot&lt;\/div&gt;&lt;div class=glossaryItemBody&gt;N&auml;r du sladdar med hjulen beh&ouml;ver de rotera samtidigt f&ouml;r att slitas j&auml;mt. Om du hamnar i ett l&auml;ge d&auml;r hjulen inte snurrar i din slide kan en flatspot uppst&aring;.  &lt;\/div&gt;&lt;div class=glossaryTooltipMoreLinkWrapper&gt;&lt;a class=glossaryTooltipMoreLink href=https:\/\/www.boardlife.se\/glossary\/flatspot\/ &gt;L&auml;s mer&lt;\/a&gt;&lt;\/div&gt;\" href=\"https:\/\/www.boardlife.se\/fr\/glossaire\/tache-plate\/?wmc-currency=EUR\" data-mobile-support=\"0\" data-gt-translate-attributes='[{\"attribute\":\"data-cmtooltip\", \"format\":\"html\"}]'>tache plate<\/a> r\u00e9sistance<\/li>\n<li>Glissi\u00e8re lisse et antiadh\u00e9sive<\/li>\n<li>Plus de vitesse et de contr\u00f4le<\/li>\n<li>100% ur\u00e9thane \u00e0 v\u00e9ritables performances<\/li>\n<li>Conserve sa forme plus longtemps<\/li>\n<\/ul>\n<p>Les roues Formula Four ont conserv\u00e9 plus de mati\u00e8re, ont moins de conicit\u00e9 et ont conserv\u00e9 leurs formes et dimensions d&#039;origine plus longtemps que toutes les autres roues. L&#039;ur\u00e9thane Formula Four est fabriqu\u00e9 \u00e0 partir d&#039;un compos\u00e9 d&#039;ur\u00e9thane pur 100%. Sur les pentes, dans les rues et les parcs, ainsi que lors des tests de m\u00e9plats forc\u00e9s en laboratoire, les roues Formula Four ont surpass\u00e9 et ont r\u00e9sist\u00e9 aux m\u00e9plats plus longtemps, avec une usure inf\u00e9rieure \u00e0 celle de toutes les autres roues. La combinaison exclusive de High <a class=\"glossaryLink cmtt_Komponenter cmtt_&Aring;kning\" aria-describedby=\"tt\" data-cmtooltip=\"&lt;div class=glossaryItemTitle&gt;Rebound&lt;\/div&gt;&lt;div class=glossaryItemBody&gt;Rebound &auml;r den kraft som n&aring;got ger tillbaka efter att man exempelvis pressat sina bushings, truckar, hjul eller br&auml;da i en viss riktning. En h&ouml;gre rebound betyder en starkare kraft tillbaka till sitt ursprungsl&auml;ge.&lt;\/div&gt;&lt;div class=glossaryTooltipMoreLinkWrapper&gt;&lt;a class=glossaryTooltipMoreLink href=https:\/\/www.boardlife.se\/glossary\/rebound\/ &gt;L&auml;s mer&lt;\/a&gt;&lt;\/div&gt;\" href=\"https:\/\/www.boardlife.se\/fr\/glossaire\/rebond\/?wmc-currency=EUR\" data-mobile-support=\"0\" data-gt-translate-attributes='[{\"attribute\":\"data-cmtooltip\", \"format\":\"html\"}]'>Rebond<\/a> Le Hard Duro offre une roue plus rapide partout. Un rebond plus \u00e9lev\u00e9 permet des vitesses plus \u00e9lev\u00e9es sur surfaces lisses et rugueuses. Le Hard Duro assure une conduite plus ferme et plus rapide, sans s&#039;affaisser avec le temps. Le syst\u00e8me anti-adh\u00e9rence exclusif Formula Four assure une glisse rapide, constante et fluide tout au long du parcours. Glissez en toute confiance du d\u00e9but \u00e0 la fin, sachant que vos roues ne glisseront pas ou ne se bloqueront pas en cours de route.<\/p>\n<p>La Formule 4 vous offre le plus haut niveau de contr\u00f4le et une adh\u00e9rence constante sur laquelle vous pouvez compter.<\/p>","protected":false},"excerpt":{"rendered":"<p>La Spitfire Formula Four Classic est une roue avec un bon support dans sa conception. 52 mm et 99a en font une tr\u00e8s bonne roue polyvalente et fonctionne m\u00eame lorsque vous sortez du parc et que vous roulez dans la rue.<\/p>","protected":false},"featured_media":148228,"comment_status":"open","ping_status":"closed","template":"","meta":[],"product_brand":[2612],"product_cat":[967],"product_tag":[1398],"class_list":{"0":"post-148227","1":"product","2":"type-product","3":"status-publish","4":"has-post-thumbnail","6":"product_brand-spitfire","7":"product_cat-wheels-skateboard","8":"product_tag-spitfire","9":"pa_diameter-52mm","10":"pa_durometer-99a","11":"pa_manufacturer-spitfire","13":"first","14":"instock","15":"taxable","16":"shipping-taxable","17":"purchasable","18":"product-type-simple"},"composite_virtual":false,"composite_layout":"","composite_add_to_cart_form_location":"","composite_editable_in_cart":false,"composite_sold_individually_context":"","composite_shop_price_calc":"","composite_components":[],"composite_scenarios":[],"jetpack_sharing_enabled":true,"_links":{"self":[{"href":"https:\/\/www.boardlife.se\/fr\/wp-json\/wp\/v2\/product\/148227","targetHints":{"allow":["GET"]}}],"collection":[{"href":"https:\/\/www.boardlife.se\/fr\/wp-json\/wp\/v2\/product"}],"about":[{"href":"https:\/\/www.boardlife.se\/fr\/wp-json\/wp\/v2\/types\/product"}],"replies":[{"embeddable":true,"href":"https:\/\/www.boardlife.se\/fr\/wp-json\/wp\/v2\/comments?post=148227"}],"wp:featuredmedia":[{"embeddable":true,"href":"https:\/\/www.boardlife.se\/fr\/wp-json\/wp\/v2\/media\/148228"}],"wp:attachment":[{"href":"https:\/\/www.boardlife.se\/fr\/wp-json\/wp\/v2\/media?parent=148227"}],"wp:term":[{"taxonomy":"product_brand","embeddable":true,"href":"https:\/\/www.boardlife.se\/fr\/wp-json\/wp\/v2\/product_brand?post=148227"},{"taxonomy":"product_cat","embeddable":true,"href":"https:\/\/www.boardlife.se\/fr\/wp-json\/wp\/v2\/product_cat?post=148227"},{"taxonomy":"product_tag","embeddable":true,"href":"https:\/\/www.boardlife.se\/fr\/wp-json\/wp\/v2\/product_tag?post=148227"}],"curies":[{"name":"wp","href":"https:\/\/api.w.org\/{rel}","templated":true}]}}