{"id":147900,"date":"2021-09-17T15:27:17","date_gmt":"2021-09-17T13:27:17","guid":{"rendered":"https:\/\/www.boardlife.se\/?post_type=product&#038;p=147900"},"modified":"2025-09-05T11:59:41","modified_gmt":"2025-09-05T09:59:41","slug":"couvercle-de-moteur-exway-max-flex-riot","status":"publish","type":"product","link":"https:\/\/www.boardlife.se\/fr\/boutique\/skateboard-electrique\/pieces-detachees-electriques\/moteurs\/couvercle-de-moteur-exway-max-flex-riot\/","title":{"rendered":"Cache moteur Exway Max\/Flex Riot"},"content":{"rendered":"<p>Pour prot\u00e9ger les courroies et le moteur de votre Exway Max\/Flex Riot, un cache de protection est pr\u00e9vu de chaque c\u00f4t\u00e9. Ce cache prot\u00e8ge non seulement la courroie, mais aussi d&#039;autres \u00e9l\u00e9ments m\u00e9caniques du moteur, emp\u00eachant ainsi les pierres et autres d\u00e9bris de s&#039;y infiltrer facilement. Si vous avez besoin de nouveaux caches ou si les v\u00f4tres sont us\u00e9s, voici un jeu. Vendus par paire, il vous en faut un pour chaque moteur.<\/p>\n<p>Ces enjoliveurs conviennent \u00e0 toutes les roues jusqu&#039;\u00e0 105 mm. Si vous souhaitez utiliser des roues plus grandes, vous devrez choisir des enjoliveurs de diam\u00e8tre inf\u00e9rieur.<\/p>\n<p>Compatible avec Exway Max\/Flex Riot<\/p>\n<p><strong>Le pacte contient<\/strong><br>\nHousse de protection moteur Flex Riot \u00d72<br>\n\u00c9crou moteur M4*8\u00d76<br>\n\u00c9crou moteur M4*10\u00d74<br>\nCl\u00e9 Allen de 2,5 mm \u00d7 1<br>\nManuel\u00d71<\/p>","protected":false},"excerpt":{"rendered":"<p>Nouveaux caches moteur pour votre Exway Max\/Flex Riot. Ces caches prot\u00e8gent les moteurs et les courroies et s&#039;adaptent \u00e0 toutes les roues jusqu&#039;\u00e0 105 mm. Si vous souhaitez des roues plus grandes, optez plut\u00f4t pour un cache moteur l\u00e9g\u00e8rement plus petit, car les courroies et les engrenages sont \u00e9galement plus grands. Assurez-vous que vos caches sont intacts et en bon \u00e9tat, sinon vous en aurez deux neufs\u00a0!<\/p>","protected":false},"featured_media":148042,"comment_status":"open","ping_status":"closed","template":"","meta":[],"product_brand":[2558],"product_cat":[2437,2269,2478],"product_tag":[],"class_list":{"0":"post-147900","1":"product","2":"type-product","3":"status-publish","4":"has-post-thumbnail","6":"product_brand-exway","7":"product_cat-belt-covers","8":"product_cat-motors","9":"product_cat-protective-parts","10":"pa_manufacturer-exway","12":"first","13":"outofstock","14":"taxable","15":"shipping-taxable","16":"purchasable","17":"product-type-simple"},"composite_virtual":false,"composite_layout":"","composite_add_to_cart_form_location":"","composite_editable_in_cart":false,"composite_sold_individually_context":"","composite_shop_price_calc":"","composite_components":[],"composite_scenarios":[],"jetpack_sharing_enabled":true,"_links":{"self":[{"href":"https:\/\/www.boardlife.se\/fr\/wp-json\/wp\/v2\/product\/147900","targetHints":{"allow":["GET"]}}],"collection":[{"href":"https:\/\/www.boardlife.se\/fr\/wp-json\/wp\/v2\/product"}],"about":[{"href":"https:\/\/www.boardlife.se\/fr\/wp-json\/wp\/v2\/types\/product"}],"replies":[{"embeddable":true,"href":"https:\/\/www.boardlife.se\/fr\/wp-json\/wp\/v2\/comments?post=147900"}],"wp:featuredmedia":[{"embeddable":true,"href":"https:\/\/www.boardlife.se\/fr\/wp-json\/wp\/v2\/media\/148042"}],"wp:attachment":[{"href":"https:\/\/www.boardlife.se\/fr\/wp-json\/wp\/v2\/media?parent=147900"}],"wp:term":[{"taxonomy":"product_brand","embeddable":true,"href":"https:\/\/www.boardlife.se\/fr\/wp-json\/wp\/v2\/product_brand?post=147900"},{"taxonomy":"product_cat","embeddable":true,"href":"https:\/\/www.boardlife.se\/fr\/wp-json\/wp\/v2\/product_cat?post=147900"},{"taxonomy":"product_tag","embeddable":true,"href":"https:\/\/www.boardlife.se\/fr\/wp-json\/wp\/v2\/product_tag?post=147900"}],"curies":[{"name":"wp","href":"https:\/\/api.w.org\/{rel}","templated":true}]}}