{"id":146421,"date":"2021-08-23T10:29:04","date_gmt":"2021-08-23T08:29:04","guid":{"rendered":"https:\/\/www.boardlife.se\/?post_type=product&#038;p=146421"},"modified":"2022-12-08T13:08:48","modified_gmt":"2022-12-08T12:08:48","slug":"magenta-vivien-feil-paysage-serie-8-0","status":"publish","type":"product","link":"https:\/\/www.boardlife.se\/fr\/boutique\/skateboard\/pont-seulement\/magenta-vivien-feil-paysage-serie-8-0\/","title":{"rendered":"Magenta Vivien Feil S\u00e9rie Paysage 8.0\u2033"},"content":{"rendered":"<p>La s\u00e9rie Landscape de Magenta offre un style minimaliste et artistique. Un placage joliment color\u00e9 associ\u00e9 \u00e0 une teinte magnifique. Toujours aussi \u00e9l\u00e9gant, le style Magenta Skateboards est au rendez-vous.<\/p>","protected":false},"excerpt":{"rendered":"<p>Une autre planche graphique \u00e9l\u00e9gante de Magenta skateboards dans la s\u00e9rie Landscape.<\/p>","protected":false},"featured_media":146423,"comment_status":"open","ping_status":"closed","template":"","meta":[],"product_brand":[2584],"product_cat":[854],"product_tag":[2455],"class_list":{"0":"post-146421","1":"product","2":"type-product","3":"status-publish","4":"has-post-thumbnail","6":"product_brand-magenta-skateboards","7":"product_cat-deck-only","8":"product_tag-vivien-feil","9":"pa_manufacturer-magenta","10":"pa_width-8-0-203-cm","12":"first","13":"outofstock","14":"sale","15":"taxable","16":"shipping-taxable","17":"purchasable","18":"product-type-simple"},"composite_virtual":false,"composite_layout":"","composite_add_to_cart_form_location":"","composite_editable_in_cart":false,"composite_sold_individually_context":"","composite_shop_price_calc":"","composite_components":[],"composite_scenarios":[],"jetpack_sharing_enabled":true,"_links":{"self":[{"href":"https:\/\/www.boardlife.se\/fr\/wp-json\/wp\/v2\/product\/146421","targetHints":{"allow":["GET"]}}],"collection":[{"href":"https:\/\/www.boardlife.se\/fr\/wp-json\/wp\/v2\/product"}],"about":[{"href":"https:\/\/www.boardlife.se\/fr\/wp-json\/wp\/v2\/types\/product"}],"replies":[{"embeddable":true,"href":"https:\/\/www.boardlife.se\/fr\/wp-json\/wp\/v2\/comments?post=146421"}],"wp:featuredmedia":[{"embeddable":true,"href":"https:\/\/www.boardlife.se\/fr\/wp-json\/wp\/v2\/media\/146423"}],"wp:attachment":[{"href":"https:\/\/www.boardlife.se\/fr\/wp-json\/wp\/v2\/media?parent=146421"}],"wp:term":[{"taxonomy":"product_brand","embeddable":true,"href":"https:\/\/www.boardlife.se\/fr\/wp-json\/wp\/v2\/product_brand?post=146421"},{"taxonomy":"product_cat","embeddable":true,"href":"https:\/\/www.boardlife.se\/fr\/wp-json\/wp\/v2\/product_cat?post=146421"},{"taxonomy":"product_tag","embeddable":true,"href":"https:\/\/www.boardlife.se\/fr\/wp-json\/wp\/v2\/product_tag?post=146421"}],"curies":[{"name":"wp","href":"https:\/\/api.w.org\/{rel}","templated":true}]}}