{"id":144882,"date":"2021-07-26T15:21:02","date_gmt":"2021-07-26T13:21:02","guid":{"rendered":"https:\/\/www.boardlife.se\/?post_type=product&#038;p=144882"},"modified":"2024-03-01T09:06:23","modified_gmt":"2024-03-01T08:06:23","slug":"carver-glass-off-32-surfskate","status":"publish","type":"product","link":"https:\/\/www.boardlife.se\/fr\/boutique\/surf-skate\/surfskate-complet\/carver-glass-off-32-surfskate\/","title":{"rendered":"Surfskate Carver Glass Off 32\u2033"},"content":{"rendered":"<p>La Carvers Glass Off est une contribution de la s\u00e9rie Carvers Airbrush. Ces planches d\u00e9gagent un esprit old school tr\u00e8s agr\u00e9able. Avec ses 32 pouces, la planche est incroyablement souple et confortable en carving, mais vous pouvez toujours \u00e9tirer le tail pour gagner un peu de vitesse en cas de besoin. La planche est disponible en deux versions selon les caract\u00e9ristiques recherch\u00e9es. Vous avez le choix entre les trucks Carvers CX ou C7. La version CX est con\u00e7ue pour un ride plus rapide avec une pression plus forte sur le tail, tandis que la version C7 est con\u00e7ue pour des virages plus faciles et longs et souples. Pour cette version, Carver recommande la C7, car ils pensent qu&#039;elle leur permet d&#039;atteindre leur plein potentiel.<\/p>\n<p>Carver est aujourd&#039;hui le leader du surfskate et est consid\u00e9r\u00e9 comme le pionnier de cette discipline. Issue du surf, cette pratique a \u00e9t\u00e9 d\u00e9velopp\u00e9e au fil du temps pour se rapprocher au plus pr\u00e8s du surf. Choisir Carver, c&#039;est choisir la marque la plus pointue en mati\u00e8re de surfskate\u00a0!<\/p>\n<p>&nbsp;<\/p>\n<h3>Description originale<\/h3>\n<p>Alors que le soleil se couche sous des nuages flamboyants, des tubes orange translucides d\u00e9ferlent tandis que vous sortez cette planche mi-longue \u00e0 queue de diamant pour une session de l&#039;apr\u00e8s-midi. <a class=\"glossaryLink cmtt_Komponenter\" aria-describedby=\"tt\" data-cmtooltip=\"&lt;div class=glossaryItemTitle&gt;Wheelbase&lt;\/div&gt;&lt;div class=glossaryItemBody&gt;Detta begrepp handlar om det avst&aring;nd du har mellan dina truckar. Ett l&auml;ngre avst&aring;nd ger mer stabilitet och lite l&aring;ngsammare sv&auml;ngar medan den korta kan bli kvickare.&lt;\/div&gt;&lt;div class=cmtt_synonyms_wrapper&gt;&lt;div class=cmtt_synonyms_title&gt;Synonymer: &lt;\/div&gt;&lt;div class=cmtt_synonyms&gt;hjulbas,  WB&lt;\/div&gt;&lt;\/div&gt;&lt;div class=glossaryTooltipMoreLinkWrapper&gt;&lt;a class=glossaryTooltipMoreLink href=https:\/\/www.boardlife.se\/fr\/glossaire\/empattement-2\/ &gt;L&auml;s mer&lt;\/a&gt;&lt;\/div&gt;\" href=\"https:\/\/www.boardlife.se\/fr\/glossaire\/empattement-2\/\" data-mobile-support=\"0\" data-gt-translate-attributes='[{\"attribute\":\"data-cmtooltip\", \"format\":\"html\"}]'>empattement<\/a> Elle affine vos lignes et fluidifie vos mouvements, car au final, personne ne souhaite pr\u00e9cipiter la perfection.<\/p>\n<p>&nbsp;<\/p>\n<p><iframe loading=\"lazy\" title=\"MYSTIC ZONE - Carver Skateboards\" width=\"500\" height=\"281\" src=\"https:\/\/www.youtube.com\/embed\/t5Z5qTiR2pA?feature=oembed\" frameborder=\"0\" allow=\"accelerometer; autoplay; clipboard-write; encrypted-media; gyroscope; picture-in-picture; web-share\" referrerpolicy=\"strict-origin-when-cross-origin\" allowfullscreen><\/iframe><\/p>","protected":false},"excerpt":{"rendered":"<p>Modern br\u00e4da fr\u00e5n Carver men med retro-vibe rakt igenom. Glass Off \u00e4r 32&#8243; vilket g\u00f6r att den har en sk\u00f6n soft k\u00e4nsla i sv\u00e4ngarna och blir varken f\u00f6r snappy eller f\u00f6r l\u00e5ngsam. Br\u00e4dan kommer i tv\u00e5 versioner med olika truckar. Carvers CX eller C7-truckar. Du kan se filmerna under &#8220;Mer Info&#8221; f\u00f6r att se skillnaden mellan truckarna. Kolla \u00e4ven in den mysiga inspirationsvideon s\u00e5 vet du vad du kan hitta p\u00e5 n\u00e4r du blir b\u00e4ttre.<\/p>","protected":false},"featured_media":144889,"comment_status":"open","ping_status":"closed","template":"","meta":[],"product_brand":[],"product_cat":[1654,2484],"product_tag":[1881,1691],"class_list":{"0":"post-144882","1":"product","2":"type-product","3":"status-publish","4":"has-post-thumbnail","6":"product_cat-surf-skate","7":"product_cat-complete-surfskate","8":"product_tag-surf","9":"product_tag-surf-skate","10":"pa_hjulbas-17-625-448cm","11":"pa_length-32-813cm","12":"pa_manufacturer-carver-skateboards","13":"pa_truckar-carver-c7-truck","14":"pa_truckar-carver-cx-truck","15":"pa_width-9-875-25cm","17":"first","18":"instock","19":"taxable","20":"shipping-taxable","21":"purchasable","22":"product-type-variable","23":"has-default-attributes"},"composite_virtual":false,"composite_layout":"","composite_add_to_cart_form_location":"","composite_editable_in_cart":false,"composite_sold_individually_context":"","composite_shop_price_calc":"","composite_components":[],"composite_scenarios":[],"jetpack_sharing_enabled":true,"_links":{"self":[{"href":"https:\/\/www.boardlife.se\/fr\/wp-json\/wp\/v2\/product\/144882","targetHints":{"allow":["GET"]}}],"collection":[{"href":"https:\/\/www.boardlife.se\/fr\/wp-json\/wp\/v2\/product"}],"about":[{"href":"https:\/\/www.boardlife.se\/fr\/wp-json\/wp\/v2\/types\/product"}],"replies":[{"embeddable":true,"href":"https:\/\/www.boardlife.se\/fr\/wp-json\/wp\/v2\/comments?post=144882"}],"wp:featuredmedia":[{"embeddable":true,"href":"https:\/\/www.boardlife.se\/fr\/wp-json\/wp\/v2\/media\/144889"}],"wp:attachment":[{"href":"https:\/\/www.boardlife.se\/fr\/wp-json\/wp\/v2\/media?parent=144882"}],"wp:term":[{"taxonomy":"product_brand","embeddable":true,"href":"https:\/\/www.boardlife.se\/fr\/wp-json\/wp\/v2\/product_brand?post=144882"},{"taxonomy":"product_cat","embeddable":true,"href":"https:\/\/www.boardlife.se\/fr\/wp-json\/wp\/v2\/product_cat?post=144882"},{"taxonomy":"product_tag","embeddable":true,"href":"https:\/\/www.boardlife.se\/fr\/wp-json\/wp\/v2\/product_tag?post=144882"}],"curies":[{"name":"wp","href":"https:\/\/api.w.org\/{rel}","templated":true}]}}