{"id":144425,"date":"2021-07-20T15:54:23","date_gmt":"2021-07-20T13:54:23","guid":{"rendered":"https:\/\/www.boardlife.se\/?post_type=product&#038;p=144425"},"modified":"2025-04-29T16:14:52","modified_gmt":"2025-04-29T14:14:52","slug":"serie-prisme-kentaro-revel-36","status":"publish","type":"product","link":"https:\/\/www.boardlife.se\/fr\/boutique\/longboard\/longboards-complets\/serie-prisme-kentaro-revel-36\/","title":{"rendered":"Prism Kentaro Series Revel 36\u2033"},"content":{"rendered":"<p class=\"prod_desc\">La Revel est une planche con\u00e7ue pour \u00eatre polyvalente. Ce mod\u00e8le existe depuis quelques ann\u00e9es, mais il se d\u00e9cline d\u00e9sormais dans une nouvelle s\u00e9rie graphique appel\u00e9e Kentaro, inspir\u00e9e par les al\u00e9as de la vie. Sa planche sym\u00e9trique de 36 pouces la rend tr\u00e8s polyvalente et ludique. Petite s\u0153ur de la Revel 39 pouces, l\u00e9g\u00e8rement plus longue, elle est parfaite pour ceux qui recherchent un cruiser confortable, stable et r\u00e9actif pour gagner en vitesse. Le deck est relativement rigide, permettant un ride plus engag\u00e9, voire des slides. \u00c9quip\u00e9e de superbes trucks Caliber II, elle offre d&#039;excellentes sensations. La planche assure un contr\u00f4le et une stabilit\u00e9 optimaux, permettant m\u00eame de faire des slides en poussant le tail vers l&#039;ext\u00e9rieur. La magnifique s\u00e9rie graphique \u00ab\u00a0Death Night\u00a0\u00bb vient sublimer le design.<\/p>\n<p class=\"prod_comp\">L&#039;ensemble complet comprend :<br>\nCalibre II 10\u2033\/184mm 50\u00b0<br>\nRoues prismatiques 69 mm 78a<br>\nRoulements \u00e0 l&#039;orange sanguine<\/p>","protected":false},"excerpt":{"rendered":"<p>Le Prism Kentaro offre un design robuste et \u00e9l\u00e9gant. Tout comme le Revel 36, il pr\u00e9sente le m\u00eame shape mais des designs l\u00e9g\u00e8rement diff\u00e9rents. Le Revel 36 est le mod\u00e8le id\u00e9al pour ceux qui recherchent une planche polyvalente et performante, aussi bien pour le cruising que pour le carving ou m\u00eame le slide. Il convient aussi bien aux personnes recherchant un rayon de virage plus rapide qu&#039;aux personnes de petite taille. Ses composants haut de gamme vous garantissent un plaisir de glisse optimal.<\/p>","protected":false},"featured_media":144426,"comment_status":"open","ping_status":"closed","template":"","meta":[],"product_brand":[2597],"product_cat":[21],"product_tag":[2445,1650],"class_list":{"0":"post-144425","1":"product","2":"type-product","3":"status-publish","4":"has-post-thumbnail","6":"product_brand-prism-skate-co","7":"product_cat-complete-longboards","8":"product_tag-kentaro","9":"product_tag-prism","10":"pa_hjulbas-265-67cm","11":"pa_length-36-915cm","12":"pa_manufacturer-prism-skate-co","13":"pa_truckplacering-dropthrough","14":"pa_width-925-235cm","16":"first","17":"instock","18":"taxable","19":"shipping-taxable","20":"purchasable","21":"product-type-simple"},"composite_virtual":false,"composite_layout":"","composite_add_to_cart_form_location":"","composite_editable_in_cart":false,"composite_sold_individually_context":"","composite_shop_price_calc":"","composite_components":[],"composite_scenarios":[],"jetpack_sharing_enabled":true,"_links":{"self":[{"href":"https:\/\/www.boardlife.se\/fr\/wp-json\/wp\/v2\/product\/144425","targetHints":{"allow":["GET"]}}],"collection":[{"href":"https:\/\/www.boardlife.se\/fr\/wp-json\/wp\/v2\/product"}],"about":[{"href":"https:\/\/www.boardlife.se\/fr\/wp-json\/wp\/v2\/types\/product"}],"replies":[{"embeddable":true,"href":"https:\/\/www.boardlife.se\/fr\/wp-json\/wp\/v2\/comments?post=144425"}],"wp:featuredmedia":[{"embeddable":true,"href":"https:\/\/www.boardlife.se\/fr\/wp-json\/wp\/v2\/media\/144426"}],"wp:attachment":[{"href":"https:\/\/www.boardlife.se\/fr\/wp-json\/wp\/v2\/media?parent=144425"}],"wp:term":[{"taxonomy":"product_brand","embeddable":true,"href":"https:\/\/www.boardlife.se\/fr\/wp-json\/wp\/v2\/product_brand?post=144425"},{"taxonomy":"product_cat","embeddable":true,"href":"https:\/\/www.boardlife.se\/fr\/wp-json\/wp\/v2\/product_cat?post=144425"},{"taxonomy":"product_tag","embeddable":true,"href":"https:\/\/www.boardlife.se\/fr\/wp-json\/wp\/v2\/product_tag?post=144425"}],"curies":[{"name":"wp","href":"https:\/\/api.w.org\/{rel}","templated":true}]}}