{"id":144166,"date":"2021-07-16T10:50:35","date_gmt":"2021-07-16T08:50:35","guid":{"rendered":"https:\/\/www.boardlife.se\/?post_type=product&#038;p=144166"},"modified":"2024-04-06T10:49:02","modified_gmt":"2024-04-06T08:49:02","slug":"heartwood-beach-bum-8-125-complet","status":"publish","type":"product","link":"https:\/\/www.boardlife.se\/fr\/boutique\/skateboard\/skateboards-complets\/heartwood-beach-bum-8-125-complet\/","title":{"rendered":"Heartwood Beach Boom 8,125\u2033 complet"},"content":{"rendered":"<p>Beach Bum &auml;r &auml;nnu en superclean br&auml;da fr&aring;n Heartwood. En p&aring;minnelse om att den d&auml;r perfekta v&aring;gen eller perfekta &aring;ket &auml;r v&auml;rt att v&auml;nta p&aring;. Beach Bum &auml;r tillg&auml;nglig i 2 olika format (8.125&Prime; och 8.375&Prime;). Denna &auml;r i formatet 8.125&Prime; med en l&auml;ngd p&aring; 32&Prime; och en <a class=\"glossaryLink cmtt_Komponenter\" aria-describedby=\"tt\" data-cmtooltip=\"&lt;div class=glossaryItemTitle&gt;Wheelbase&lt;\/div&gt;&lt;div class=glossaryItemBody&gt;Detta begrepp handlar om det avst&aring;nd du har mellan dina truckar. Ett l&auml;ngre avst&aring;nd ger mer stabilitet och lite l&aring;ngsammare sv&auml;ngar medan den korta kan bli kvickare.&lt;\/div&gt;&lt;div class=cmtt_synonyms_wrapper&gt;&lt;div class=cmtt_synonyms_title&gt;Synonymer: &lt;\/div&gt;&lt;div class=cmtt_synonyms&gt;hjulbas,  WB&lt;\/div&gt;&lt;\/div&gt;&lt;div class=glossaryTooltipMoreLinkWrapper&gt;&lt;a class=glossaryTooltipMoreLink href=https:\/\/www.boardlife.se\/fr\/glossaire\/empattement-2\/ &gt;L&auml;s mer&lt;\/a&gt;&lt;\/div&gt;\" href=\"https:\/\/www.boardlife.se\/fr\/glossaire\/empattement-2\/\" data-mobile-support=\"0\" data-gt-translate-attributes='[{\"attribute\":\"data-cmtooltip\", \"format\":\"html\"}]'>empattement<\/a> p&aring; 14.25&Prime;. En medium <a class=\"glossaryLink cmtt_Komponenter\" aria-describedby=\"tt\" data-cmtooltip=\"&lt;div class=glossaryItemTitle&gt;Konkav&lt;\/div&gt;&lt;div class=glossaryItemBody&gt;De flesta br&auml;dor\/deck &auml;r sk&aring;lade i n&aring;gon m&aring;n. Man har med andra ord h&ouml;gre ytterkanter d&aring; man st&auml;ller sig p&aring; br&auml;dan. Detta kallas f&ouml;r concave eller konkav p&aring; svenska. &lt;\/div&gt;&lt;div class=cmtt_synonyms_wrapper&gt;&lt;div class=cmtt_synonyms_title&gt;Synonymer: &lt;\/div&gt;&lt;div class=cmtt_synonyms&gt;concave&lt;\/div&gt;&lt;\/div&gt;&lt;div class=glossaryTooltipMoreLinkWrapper&gt;&lt;a class=glossaryTooltipMoreLink href=https:\/\/www.boardlife.se\/fr\/glossaire\/konkav-concave\/ &gt;L&auml;s mer&lt;\/a&gt;&lt;\/div&gt;\" href=\"https:\/\/www.boardlife.se\/fr\/glossaire\/konkav-concave\/\" data-mobile-support=\"0\" data-gt-translate-attributes='[{\"attribute\":\"data-cmtooltip\", \"format\":\"html\"}]'>concave<\/a> Vous permet de surfer sur des rails et autres surfaces sans que la car\u00e8ne ne devienne trop ronde. Comme toujours, ils ont conserv\u00e9 la recette gagnante\u00a0: sept couches d&#039;\u00e9rable canadien entrecoup\u00e9es d&#039;\u00e9poxy ultra-r\u00e9sistant. Mais contrairement aux couches onctueuses d&#039;une bonne lasagne, les planches Heartwood sont dures comme du roc, ce qui leur conf\u00e8re un v\u00e9ritable dynamisme. Trois couches de couleurs al\u00e9atoires rendent la planche encore plus unique lorsqu&#039;elle est un peu us\u00e9e.<\/p>\n<p>Br&auml;dan kommer i tv&aring; kompletta utf&ouml;randen till ett sjukt bra pris. Du kan v&auml;lja mellan Bedrocks standardtruckar eller hollowmodell. Oavsett har b&aring;da alternativen en bra <a class=\"glossaryLink cmtt_Komponenter cmtt_&Aring;kning\" aria-describedby=\"tt\" data-cmtooltip=\"&lt;div class=glossaryItemTitle&gt;Rebound&lt;\/div&gt;&lt;div class=glossaryItemBody&gt;Rebound &auml;r den kraft som n&aring;got ger tillbaka efter att man exempelvis pressat sina bushings, truckar, hjul eller br&auml;da i en viss riktning. En h&ouml;gre rebound betyder en starkare kraft tillbaka till sitt ursprungsl&auml;ge.&lt;\/div&gt;&lt;div class=glossaryTooltipMoreLinkWrapper&gt;&lt;a class=glossaryTooltipMoreLink href=https:\/\/www.boardlife.se\/fr\/glossaire\/rebond\/ &gt;L&auml;s mer&lt;\/a&gt;&lt;\/div&gt;\" href=\"https:\/\/www.boardlife.se\/fr\/glossaire\/rebond\/\" data-mobile-support=\"0\" data-gt-translate-attributes='[{\"attribute\":\"data-cmtooltip\", \"format\":\"html\"}]'>rebond<\/a> i bushingen vilket g&ouml;r att du f&aring;r bra kontroll och k&auml;nsla n&auml;r du ska &aring;ka.<\/p>\n<p>Vous obtenez une bonne configuration compos\u00e9e des composants suivants\u00a0:<\/p>\n<p>Truckar: Bedrock Street 5.25&Prime; Standard\/<a class=\"glossaryLink cmtt_Komponenter\" aria-describedby=\"tt\" data-cmtooltip=\"&lt;div class=glossaryItemTitle&gt;Hollow&lt;\/div&gt;&lt;div class=glossaryItemBody&gt;En hollow truck har oftast en ih&aring;lig kingpinskruv och i vissa fall &auml;ven en ih&aring;lig truckaxel. Detta f&ouml;r att f&aring; ner vikten p&aring; trucken och kunna hj&auml;lpa dig att f&aring; enklare att g&ouml;ra ollies och andra trick som kr&auml;ver att br&auml;dan l&auml;mnar marken. &lt;\/div&gt;&lt;div class=glossaryTooltipMoreLinkWrapper&gt;&lt;a class=glossaryTooltipMoreLink href=https:\/\/www.boardlife.se\/fr\/glossaire\/creux\/ &gt;L&auml;s mer&lt;\/a&gt;&lt;\/div&gt;\" href=\"https:\/\/www.boardlife.se\/fr\/glossaire\/creux\/\" data-mobile-support=\"0\" data-gt-translate-attributes='[{\"attribute\":\"data-cmtooltip\", \"format\":\"html\"}]'>Creux<\/a><br>\nRoues : Royal Rubbers 52 mm 99a<br>\nBearings: Heartwood Street Bolts abec-9 <a class=\"glossaryLink\" aria-describedby=\"tt\" data-cmtooltip=\"&lt;div class=glossaryItemTitle&gt;Spacer&lt;\/div&gt;&lt;div class=glossaryItemBody&gt;Spacer &auml;r den distans som ligger mellan dina kullager inne i hjulet. Den fungerar genom att se till att dina kullager inte pressas ihop konstigt om du drar &aring;t din axelmutter. Du kan fortfarande &aring;ka utan den men vill du f&ouml;rs&auml;kra dig om att kullagerbanorna inte blir skeva eller bromsar upp ditt hjul n&auml;r du sv&auml;nger &auml;r det rekommenderat att anv&auml;nda detta. En liten kostnad f&ouml;r att f&ouml;rb&auml;ttra. Vissa kullager har redan detta inbyggt p&aring; sig, denna typ av kullager kallas oftast f&ouml;r built-in.&lt;\/div&gt;&lt;div class=cmtt_synonyms_wrapper&gt;&lt;div class=cmtt_synonyms_title&gt;Synonymer: &lt;\/div&gt;&lt;div class=cmtt_synonyms&gt;Built-in&lt;\/div&gt;&lt;\/div&gt;&lt;div class=glossaryTooltipMoreLinkWrapper&gt;&lt;a class=glossaryTooltipMoreLink href=https:\/\/www.boardlife.se\/fr\/glossaire\/entretoise\/ &gt;L&auml;s mer&lt;\/a&gt;&lt;\/div&gt;\" href=\"https:\/\/www.boardlife.se\/fr\/glossaire\/entretoise\/\" data-mobile-support=\"0\" data-gt-translate-attributes='[{\"attribute\":\"data-cmtooltip\", \"format\":\"html\"}]'>int\u00e9gr\u00e9<\/a> entretoises<br>\nGriptape : Standard noir<\/p>\n<h3>Description originale :<\/h3>\n<p>D\u00e9couvrez Beach Bum 8.125\u2033, un mod\u00e8le embl\u00e9matique de notre collection minimaliste. Une palette de couleurs soigneusement s\u00e9lectionn\u00e9es pour un look r\u00e9solument \u00e9l\u00e9gant. \u00c9galement disponible en 8.375\u2033 plus large, avec une couleur de base l\u00e9g\u00e8rement diff\u00e9rente. Parfois, la vague parfaite se m\u00e9rite\u2026<\/p>\n<p>La Beach Bum est dot\u00e9e d&#039;un concave profond pour une adh\u00e9rence et une force de rotation accrues lors des flips. Fabriqu\u00e9e en \u00e9rable canadien \u00e9tir\u00e9 de 8,125\u2033 x 32\u2033, son empattement est de 14,25\u2033. Si vous avez d\u00e9j\u00e0 essay\u00e9 nos planches, vous remarquerez que le nose et le tail conservent les m\u00eames longueurs. Nous souhaitions conserver une combinaison gagnante. Trois des plis sont de couleurs al\u00e9atoires pour une touche personnelle apr\u00e8s de nombreuses sessions. Son \u00e9poxy haute r\u00e9sistance vous offre le pop explosif que vous recherchez. Cette planche n&#039;est pas seulement belle \u00e0 regarder, c&#039;est une planche faite pour voler.<\/p>\n<p>Nous avons con\u00e7u un ensemble complet qui vous permettra de d\u00e9coller. Choisissez entre nos trucks standard ou creux. La planche est livr\u00e9e enti\u00e8rement assembl\u00e9e avec la configuration suivante\u00a0:<\/p>\n<p>Trucks\u00a0: Trucks Bedrock 5,25\u2033 Street, profil moyen standard\/creux<br>\nRoues : Royal Rubbers 52 mm 99a<br>\nRoulements : Boulons Heartwood Street abec-9 avec entretoises int\u00e9gr\u00e9es<br>\nRuban adh\u00e9sif antid\u00e9rapant : Heartwood Standard noir<\/p>","protected":false},"excerpt":{"rendered":"<p>Beach Bum \u00e4r \u00e4nnu en superclean br\u00e4da fr\u00e5n Heartwood. En p\u00e5minnelse om att den d\u00e4r perfekta v\u00e5gen eller perfekta \u00e5ket \u00e4r v\u00e4rt att v\u00e4nta p\u00e5. Denna \u00e4r i formatet 8.125&#8243; med en l\u00e4ngd p\u00e5 32&#8243; och en hjulbas p\u00e5 14.25&#8243;. 7 lager h\u00e5rd kanadensisk l\u00f6nn ger dig en bra pop och bra h\u00e5llbarhet. Heartwood har kommit att bli ett grymt prisv\u00e4rt och otroligt snyggt alternativ p\u00e5 plankor. En kontrast till mycket av den spretiga design som finns d\u00e4r ute. H\u00e4r f\u00e5r du en riktigt fin br\u00e4da f\u00f6r pengarna.<\/p>\n<p>Vi har satt ihop tv\u00e5 riktigt bra f\u00f6rslag till ett grymt bra pris oavsett vad du v\u00e4ljer.<\/p>","protected":false},"featured_media":144088,"comment_status":"open","ping_status":"closed","template":"","meta":[],"product_brand":[2570],"product_cat":[920],"product_tag":[],"class_list":{"0":"post-144166","1":"product","2":"type-product","3":"status-publish","4":"has-post-thumbnail","6":"product_brand-heartwood","7":"product_cat-complete-skateboards","8":"pa_concave-medium","9":"pa_hjulbas-1425-362cm","10":"pa_length-32-813cm","11":"pa_manufacturer-heartwood","12":"pa_montering-yes-assembly","13":"pa_montering-no-assembly","14":"pa_width-8-125-206-cm","16":"first","17":"instock","18":"sale","19":"taxable","20":"shipping-taxable","21":"purchasable","22":"product-type-variable","23":"has-default-attributes"},"composite_virtual":false,"composite_layout":"","composite_add_to_cart_form_location":"","composite_editable_in_cart":false,"composite_sold_individually_context":"","composite_shop_price_calc":"","composite_components":[],"composite_scenarios":[],"jetpack_sharing_enabled":true,"_links":{"self":[{"href":"https:\/\/www.boardlife.se\/fr\/wp-json\/wp\/v2\/product\/144166","targetHints":{"allow":["GET"]}}],"collection":[{"href":"https:\/\/www.boardlife.se\/fr\/wp-json\/wp\/v2\/product"}],"about":[{"href":"https:\/\/www.boardlife.se\/fr\/wp-json\/wp\/v2\/types\/product"}],"replies":[{"embeddable":true,"href":"https:\/\/www.boardlife.se\/fr\/wp-json\/wp\/v2\/comments?post=144166"}],"wp:featuredmedia":[{"embeddable":true,"href":"https:\/\/www.boardlife.se\/fr\/wp-json\/wp\/v2\/media\/144088"}],"wp:attachment":[{"href":"https:\/\/www.boardlife.se\/fr\/wp-json\/wp\/v2\/media?parent=144166"}],"wp:term":[{"taxonomy":"product_brand","embeddable":true,"href":"https:\/\/www.boardlife.se\/fr\/wp-json\/wp\/v2\/product_brand?post=144166"},{"taxonomy":"product_cat","embeddable":true,"href":"https:\/\/www.boardlife.se\/fr\/wp-json\/wp\/v2\/product_cat?post=144166"},{"taxonomy":"product_tag","embeddable":true,"href":"https:\/\/www.boardlife.se\/fr\/wp-json\/wp\/v2\/product_tag?post=144166"}],"curies":[{"name":"wp","href":"https:\/\/api.w.org\/{rel}","templated":true}]}}