{"id":144120,"date":"2021-07-13T10:33:26","date_gmt":"2021-07-13T08:33:26","guid":{"rendered":"https:\/\/www.boardlife.se\/?post_type=product&#038;p=144120"},"modified":"2026-04-24T14:55:12","modified_gmt":"2026-04-24T12:55:12","slug":"telecommande-elwing","status":"publish","type":"product","link":"https:\/\/www.boardlife.se\/fr\/boutique\/skateboard-electrique\/pieces-detachees-electriques\/telecommande\/telecommande-elwing\/","title":{"rendered":"T\u00e9l\u00e9commande Elwing"},"content":{"rendered":"<p>Nouvelle t\u00e9l\u00e9commande pour votre Elwing. Deux options sont disponibles\u00a0: la version Sport, sans limitation de vitesse, permet d&#039;atteindre 32 \u00e0 38\u00a0km\/h selon le mod\u00e8le de votre planche\u00a0; et la version Standard, avec sa limitation de vitesse \u00e0 25\u00a0km\/h, id\u00e9ale pour les enfants. Choisissez la t\u00e9l\u00e9commande qui vous convient le mieux.<\/p>\n<p>Se recharge facilement et rapidement avec un port micro USB standard.<\/p>\n<p>&nbsp;<\/p>\n<div>\n<div><strong>STANDARD<\/strong><\/div>\n<ul>\n<li>Conduite simple : 25 km\/h<\/li>\n<li>Double entra\u00eenement : 25 km\/h<\/li>\n<\/ul>\n<\/div>\n<div><strong>Caract\u00e9ristiques<\/strong>\n<ul>\n<li>3 modes de vitesse et de couple<\/li>\n<li>Avancer\/reculer<\/li>\n<li>Chargeur micro USB<\/li>\n<li>Indicateur de batterie int\u00e9gr\u00e9<\/li>\n<li>alerte de batterie \u00e0 distance<\/li>\n<li>Alertes vibrantes<\/li>\n<\/ul>\n<p><strong>Compatible avec<\/strong><\/p>\n<ul>\n<li><em>POUVOIR<strong>TROUSSE<\/strong><\/em><\/li>\n<li><em>POUVOIR<strong>TROUSSE&nbsp;<\/strong>SPORTIF<\/em><\/li>\n<\/ul>\n<\/div>\n<p>&nbsp;<\/p>\n<p>\u2014\u2014\u2014\u2014\u2014<\/p>\n<p>&nbsp;<\/p>\n<div>\n<div><b>SPORTIF<\/b><\/div>\n<ul>\n<li>Conduite simple : 32 km\/h<\/li>\n<li>Double entra\u00eenement : 38 km\/h<\/li>\n<\/ul>\n<p>Attention : Cette t\u00e9l\u00e9commande est&nbsp;<em>POUVOIR<strong>TROUSSE<\/strong><\/em>&nbsp;<strong>Son utilisation est interdite dans les lieux publics. Son utilisation dans les lieux publics se fait \u00e0 vos propres risques.<\/strong><\/p><\/div>\n<div><strong>Caract\u00e9ristiques<\/strong>\n<ul>\n<li>4 modes de vitesse et de couple<\/li>\n<li>Avancer\/reculer<\/li>\n<li>Chargeur micro USB<\/li>\n<li>Indicateur de batterie int\u00e9gr\u00e9<\/li>\n<li>alerte de batterie \u00e0 distance<\/li>\n<li>Alertes vibrantes<\/li>\n<\/ul>\n<p><strong>Compatible avec<\/strong><\/p>\n<ul>\n<li><em>POUVOIR<strong>TROUSSE<\/strong><\/em><\/li>\n<li><em>POUVOIR<strong>TROUSSE&nbsp;<\/strong>SPORTIF<\/em><\/li>\n<\/ul>\n<\/div>\n<p>&nbsp;<\/p>","protected":false},"excerpt":{"rendered":"<p>Nouvelle t\u00e9l\u00e9commande pour votre Elwing. Disponible en deux options\u00a0: Standard, qui permet de limiter la vitesse de votre planche \u00e0 25\u00a0km\/h, ce qui peut \u00eatre pratique si, par exemple, un enfant l&#039;utilise, et Sport, qui ne limite pas la vitesse de pointe. Choisissez l&#039;option qui vous convient le mieux.<\/p>","protected":false},"featured_media":144121,"comment_status":"open","ping_status":"closed","template":"","meta":[],"product_brand":[2553],"product_cat":[2395],"product_tag":[],"class_list":{"0":"post-144120","1":"product","2":"type-product","3":"status-publish","4":"has-post-thumbnail","6":"product_brand-elwing","7":"product_cat-remotes","8":"pa_manufacturer-elwing","10":"first","11":"outofstock","12":"taxable","13":"shipping-taxable","14":"purchasable","15":"product-type-variable","16":"has-default-attributes"},"composite_virtual":false,"composite_layout":"","composite_add_to_cart_form_location":"","composite_editable_in_cart":false,"composite_sold_individually_context":"","composite_shop_price_calc":"","composite_components":[],"composite_scenarios":[],"jetpack_sharing_enabled":true,"_links":{"self":[{"href":"https:\/\/www.boardlife.se\/fr\/wp-json\/wp\/v2\/product\/144120","targetHints":{"allow":["GET"]}}],"collection":[{"href":"https:\/\/www.boardlife.se\/fr\/wp-json\/wp\/v2\/product"}],"about":[{"href":"https:\/\/www.boardlife.se\/fr\/wp-json\/wp\/v2\/types\/product"}],"replies":[{"embeddable":true,"href":"https:\/\/www.boardlife.se\/fr\/wp-json\/wp\/v2\/comments?post=144120"}],"wp:featuredmedia":[{"embeddable":true,"href":"https:\/\/www.boardlife.se\/fr\/wp-json\/wp\/v2\/media\/144121"}],"wp:attachment":[{"href":"https:\/\/www.boardlife.se\/fr\/wp-json\/wp\/v2\/media?parent=144120"}],"wp:term":[{"taxonomy":"product_brand","embeddable":true,"href":"https:\/\/www.boardlife.se\/fr\/wp-json\/wp\/v2\/product_brand?post=144120"},{"taxonomy":"product_cat","embeddable":true,"href":"https:\/\/www.boardlife.se\/fr\/wp-json\/wp\/v2\/product_cat?post=144120"},{"taxonomy":"product_tag","embeddable":true,"href":"https:\/\/www.boardlife.se\/fr\/wp-json\/wp\/v2\/product_tag?post=144120"}],"curies":[{"name":"wp","href":"https:\/\/api.w.org\/{rel}","templated":true}]}}