{"id":143269,"date":"2021-06-24T16:41:06","date_gmt":"2021-06-24T14:41:06","guid":{"rendered":"https:\/\/www.boardlife.se\/?post_type=product&#038;p=143269"},"modified":"2024-08-16T09:49:07","modified_gmt":"2024-08-16T07:49:07","slug":"theorie-de-la-serie-prism-cop-caller-v2-36","status":"publish","type":"product","link":"https:\/\/www.boardlife.se\/fr\/boutique\/longboard\/planche-longue-uniquement\/theorie-de-la-serie-prism-cop-caller-v2-36\/","title":{"rendered":"Prism Cop Caller S\u00e9rie Th\u00e9orie V2 36\u2033"},"content":{"rendered":"<p>La th\u00e9orie nous rappelle que les barri\u00e8res peuvent toujours \u00eatre repouss\u00e9es, que ce soit en faisant du skateboard ou dans les virages que nous prenons.<\/p>\n<p>Sur le Theory V2, nous utilisons une r\u00e9sine \u00e9poxy am\u00e9lior\u00e9e avec deux couches de fibre de verre pour une rigidit\u00e9 optimale et une r\u00e9sistance accrue. Nous continuons d&#039;utiliser <a class=\"glossaryLink cmtt_Snowboard cmtt_Longboard\" aria-describedby=\"tt\" data-cmtooltip=\"&lt;div class=glossaryItemTitle&gt;Rocker&lt;\/div&gt;&lt;div class=glossaryItemBody&gt;Rocker &auml;r n&auml;r br&auml;dans l&auml;gsta punkt &auml;r mitt p&aring; och d&auml;r br&auml;dans nose och tail &auml;r b&ouml;jda upp&aring;t. T&auml;nk dig att br&auml;dan skulle vara b&ouml;jd som en banan d&auml;r sidorna g&aring;r upp. Det ger dig oftast lite mer stabilitet och du f&aring;r b&auml;ttre kontakt med underlaget. &lt;\/div&gt;&lt;div class=glossaryTooltipMoreLinkWrapper&gt;&lt;a class=glossaryTooltipMoreLink href=https:\/\/www.boardlife.se\/glossary\/rocker\/ &gt;L&auml;s mer&lt;\/a&gt;&lt;\/div&gt;\" href=\"https:\/\/www.boardlife.se\/fr\/glossaire\/bascule\/?wmc-currency=EUR\" data-mobile-support=\"0\" data-gt-translate-attributes='[{\"attribute\":\"data-cmtooltip\", \"format\":\"html\"}]'>bascule<\/a> et des \u00e9largisseurs de roues qui cr\u00e9ent l&#039;illusion d&#039;une plate-forme abaiss\u00e9e, ainsi que le m\u00eame radial <a class=\"glossaryLink cmtt_Komponenter\" aria-describedby=\"tt\" data-cmtooltip=\"&lt;div class=glossaryItemTitle&gt;Konkav&lt;\/div&gt;&lt;div class=glossaryItemBody&gt;De flesta br&auml;dor\/deck &auml;r sk&aring;lade i n&aring;gon m&aring;n. Man har med andra ord h&ouml;gre ytterkanter d&aring; man st&auml;ller sig p&aring; br&auml;dan. Detta kallas f&ouml;r concave eller konkav p&aring; svenska. &lt;\/div&gt;&lt;div class=cmtt_synonyms_wrapper&gt;&lt;div class=cmtt_synonyms_title&gt;Synonym: &lt;\/div&gt;&lt;div class=cmtt_synonyms&gt;concave&lt;\/div&gt;&lt;\/div&gt;&lt;div class=glossaryTooltipMoreLinkWrapper&gt;&lt;a class=glossaryTooltipMoreLink href=https:\/\/www.boardlife.se\/glossary\/konkav-concave\/ &gt;L&auml;s mer&lt;\/a&gt;&lt;\/div&gt;\" href=\"https:\/\/www.boardlife.se\/fr\/glossaire\/konkav-concave\/?wmc-currency=EUR\" data-mobile-support=\"0\" data-gt-translate-attributes='[{\"attribute\":\"data-cmtooltip\", \"format\":\"html\"}]'>concave<\/a> et un W l\u00e9g\u00e8rement concave pour garder vos pieds plant\u00e9s.<\/p>\n<p>L : 36\u2033 L : 10\u2033 L : 26\u2033-27\u2033<\/p>\n<p><strong>Caract\u00e9ristiques:<\/strong><br>\nChute simul\u00e9e<br>\nConcave en W<br>\n\u00c9largisseurs de roue<br>\nFibre de verre 2 plis + \u00e9poxy<\/p>","protected":false},"excerpt":{"rendered":"<p>Le nouveau venu dans la s\u00e9rie Core de Prism. Theory est un shape d\u00e9j\u00e0 utilis\u00e9 depuis quelques ann\u00e9es et un concept gagnant. Voici un v\u00e9ritable monstre de descente capable d&#039;encaisser toutes les courbes. Sa construction en fibre de verre \u00e9poxy lui conf\u00e8re une planche robuste et r\u00e9sistante qui ne vous laissera pas tomber sur les pistes. Livr\u00e9e en deck seul avec un joli graphisme minimaliste, fid\u00e8le \u00e0 l&#039;esprit Prism. Voici une planche dot\u00e9e d&#039;un micro-drop esth\u00e9tique et fonctionnel.<\/p>","protected":false},"featured_media":143272,"comment_status":"open","ping_status":"closed","template":"","meta":[],"product_brand":[2597],"product_cat":[22],"product_tag":[1650],"class_list":{"0":"post-143269","1":"product","2":"type-product","3":"status-publish","4":"has-post-thumbnail","6":"product_brand-prism-skate-co","7":"product_cat-deck-only-longboard","8":"product_tag-prism","9":"pa_hjulbas-26-66cm","10":"pa_hjulbas-27-6858cm","11":"pa_konstruktion-2-lager-glasfiber","12":"pa_konstruktion-6-lager-lonn","13":"pa_length-36-915cm","14":"pa_manufacturer-prism-skate-co","15":"pa_width-10-254cm","17":"first","18":"instock","19":"taxable","20":"shipping-taxable","21":"purchasable","22":"product-type-simple"},"composite_virtual":false,"composite_layout":"","composite_add_to_cart_form_location":"","composite_editable_in_cart":false,"composite_sold_individually_context":"","composite_shop_price_calc":"","composite_components":[],"composite_scenarios":[],"jetpack_sharing_enabled":true,"_links":{"self":[{"href":"https:\/\/www.boardlife.se\/fr\/wp-json\/wp\/v2\/product\/143269","targetHints":{"allow":["GET"]}}],"collection":[{"href":"https:\/\/www.boardlife.se\/fr\/wp-json\/wp\/v2\/product"}],"about":[{"href":"https:\/\/www.boardlife.se\/fr\/wp-json\/wp\/v2\/types\/product"}],"replies":[{"embeddable":true,"href":"https:\/\/www.boardlife.se\/fr\/wp-json\/wp\/v2\/comments?post=143269"}],"wp:featuredmedia":[{"embeddable":true,"href":"https:\/\/www.boardlife.se\/fr\/wp-json\/wp\/v2\/media\/143272"}],"wp:attachment":[{"href":"https:\/\/www.boardlife.se\/fr\/wp-json\/wp\/v2\/media?parent=143269"}],"wp:term":[{"taxonomy":"product_brand","embeddable":true,"href":"https:\/\/www.boardlife.se\/fr\/wp-json\/wp\/v2\/product_brand?post=143269"},{"taxonomy":"product_cat","embeddable":true,"href":"https:\/\/www.boardlife.se\/fr\/wp-json\/wp\/v2\/product_cat?post=143269"},{"taxonomy":"product_tag","embeddable":true,"href":"https:\/\/www.boardlife.se\/fr\/wp-json\/wp\/v2\/product_tag?post=143269"}],"curies":[{"name":"wp","href":"https:\/\/api.w.org\/{rel}","templated":true}]}}