{"id":143263,"date":"2021-06-24T13:07:16","date_gmt":"2021-06-24T11:07:16","guid":{"rendered":"https:\/\/www.boardlife.se\/?post_type=product&#038;p=143263"},"modified":"2025-04-28T12:06:14","modified_gmt":"2025-04-28T10:06:14","slug":"assez-de-ruban-adhesif-vert","status":"publish","type":"product","link":"https:\/\/www.boardlife.se\/fr\/boutique\/materiel\/ruban-adhesif\/assez-de-ruban-adhesif-vert\/","title":{"rendered":"Enuff Griptape Vert"},"content":{"rendered":"<p>Des poign\u00e9es Enuff offrant une excellente adh\u00e9rence pour ceux qui ne souhaitent pas les poign\u00e9es noires traditionnelles, mais qui veulent se d\u00e9marquer et briller davantage. Osez l&#039;originalit\u00e9 et roulez avec une couleur autre que le noir.<\/p>\n<p>La pince mesure 9 x 33 pouces, ce qui signifie qu&#039;elle s&#039;adapte \u00e0 la plupart des planches du march\u00e9.<\/p>","protected":false},"excerpt":{"rendered":"<p>Personnalisez encore plus votre planche en l&#039;habillant d&#039;un grip vert super cool d&#039;Enuff.<\/p>","protected":false},"featured_media":143264,"comment_status":"open","ping_status":"closed","template":"","meta":[],"product_brand":[2555],"product_cat":[202],"product_tag":[],"class_list":{"0":"post-143263","1":"product","2":"type-product","3":"status-publish","4":"has-post-thumbnail","6":"product_brand-enuff","7":"product_cat-griptape","8":"pa_manufacturer-enuff","10":"first","11":"instock","12":"taxable","13":"shipping-taxable","14":"purchasable","15":"product-type-simple"},"composite_virtual":false,"composite_layout":"","composite_add_to_cart_form_location":"","composite_editable_in_cart":false,"composite_sold_individually_context":"","composite_shop_price_calc":"","composite_components":[],"composite_scenarios":[],"jetpack_sharing_enabled":true,"_links":{"self":[{"href":"https:\/\/www.boardlife.se\/fr\/wp-json\/wp\/v2\/product\/143263","targetHints":{"allow":["GET"]}}],"collection":[{"href":"https:\/\/www.boardlife.se\/fr\/wp-json\/wp\/v2\/product"}],"about":[{"href":"https:\/\/www.boardlife.se\/fr\/wp-json\/wp\/v2\/types\/product"}],"replies":[{"embeddable":true,"href":"https:\/\/www.boardlife.se\/fr\/wp-json\/wp\/v2\/comments?post=143263"}],"wp:featuredmedia":[{"embeddable":true,"href":"https:\/\/www.boardlife.se\/fr\/wp-json\/wp\/v2\/media\/143264"}],"wp:attachment":[{"href":"https:\/\/www.boardlife.se\/fr\/wp-json\/wp\/v2\/media?parent=143263"}],"wp:term":[{"taxonomy":"product_brand","embeddable":true,"href":"https:\/\/www.boardlife.se\/fr\/wp-json\/wp\/v2\/product_brand?post=143263"},{"taxonomy":"product_cat","embeddable":true,"href":"https:\/\/www.boardlife.se\/fr\/wp-json\/wp\/v2\/product_cat?post=143263"},{"taxonomy":"product_tag","embeddable":true,"href":"https:\/\/www.boardlife.se\/fr\/wp-json\/wp\/v2\/product_tag?post=143263"}],"curies":[{"name":"wp","href":"https:\/\/api.w.org\/{rel}","templated":true}]}}