{"id":143256,"date":"2021-06-24T12:49:22","date_gmt":"2021-06-24T10:49:22","guid":{"rendered":"https:\/\/www.boardlife.se\/?post_type=product&#038;p=143256"},"modified":"2025-12-05T11:55:46","modified_gmt":"2025-12-05T10:55:46","slug":"enuff-griptape-clear","status":"publish","type":"product","link":"https:\/\/www.boardlife.se\/fr\/boutique\/materiel\/ruban-adhesif\/enuff-griptape-clear\/","title":{"rendered":"Ruban adh\u00e9sif transparent Enuff"},"content":{"rendered":"<p>Bra grip fr&aring;n Enuff f&ouml;r dig som inte vill ha en traditionell svart grip. Denna griptape &auml;r clear eller transparent som det ocks&aring; s&auml;gs i folkmun. Extra l&auml;ckert till dig som har ett f&auml;rgat topplager p&aring; din br&auml;da. &Auml;ven snyggt om du vill s&auml;tta stickers under griptapen som stannar kvar hur mycket du &auml;n nter p&aring; plankan.<\/p>\n<p>La pince mesure 9 x 33 pouces, ce qui signifie qu&#039;elle s&#039;adapte \u00e0 la plupart des planches du march\u00e9.<\/p>","protected":false},"excerpt":{"rendered":"<p>G\u00f6r din br\u00e4da extra personlig genom att kl\u00e4 den med en transparent grip fr\u00e5n Enuff. Vill du ha n\u00e5got under kan du med f\u00f6rdel s\u00e4tta lite sk\u00f6na stickers p\u00e5 plankan som du sedan ser igenom.<\/p>\n<p>Eftersom skyddspappret syns igenom griptapen s\u00e5 ser den brun ut p\u00e5 bilden \ud83d\ude42<\/p>","protected":false},"featured_media":143257,"comment_status":"open","ping_status":"closed","template":"","meta":[],"product_brand":[2555],"product_cat":[202],"product_tag":[],"class_list":{"0":"post-143256","1":"product","2":"type-product","3":"status-publish","4":"has-post-thumbnail","6":"product_brand-enuff","7":"product_cat-griptape","8":"pa_manufacturer-enuff","10":"first","11":"instock","12":"taxable","13":"shipping-taxable","14":"purchasable","15":"product-type-simple"},"composite_virtual":false,"composite_layout":"","composite_add_to_cart_form_location":"","composite_editable_in_cart":false,"composite_sold_individually_context":"","composite_shop_price_calc":"","composite_components":[],"composite_scenarios":[],"jetpack_sharing_enabled":true,"_links":{"self":[{"href":"https:\/\/www.boardlife.se\/fr\/wp-json\/wp\/v2\/product\/143256","targetHints":{"allow":["GET"]}}],"collection":[{"href":"https:\/\/www.boardlife.se\/fr\/wp-json\/wp\/v2\/product"}],"about":[{"href":"https:\/\/www.boardlife.se\/fr\/wp-json\/wp\/v2\/types\/product"}],"replies":[{"embeddable":true,"href":"https:\/\/www.boardlife.se\/fr\/wp-json\/wp\/v2\/comments?post=143256"}],"wp:featuredmedia":[{"embeddable":true,"href":"https:\/\/www.boardlife.se\/fr\/wp-json\/wp\/v2\/media\/143257"}],"wp:attachment":[{"href":"https:\/\/www.boardlife.se\/fr\/wp-json\/wp\/v2\/media?parent=143256"}],"wp:term":[{"taxonomy":"product_brand","embeddable":true,"href":"https:\/\/www.boardlife.se\/fr\/wp-json\/wp\/v2\/product_brand?post=143256"},{"taxonomy":"product_cat","embeddable":true,"href":"https:\/\/www.boardlife.se\/fr\/wp-json\/wp\/v2\/product_cat?post=143256"},{"taxonomy":"product_tag","embeddable":true,"href":"https:\/\/www.boardlife.se\/fr\/wp-json\/wp\/v2\/product_tag?post=143256"}],"curies":[{"name":"wp","href":"https:\/\/api.w.org\/{rel}","templated":true}]}}