{"id":142724,"date":"2021-06-11T19:28:02","date_gmt":"2021-06-11T17:28:02","guid":{"rendered":"https:\/\/www.boardlife.se\/?post_type=product&#038;p=142724"},"modified":"2024-06-17T09:57:05","modified_gmt":"2024-06-17T07:57:05","slug":"coque-de-telecommande-evolve-skateboards-r2","status":"publish","type":"product","link":"https:\/\/www.boardlife.se\/fr\/boutique\/skateboard-electrique\/pieces-detachees-electriques\/telecommande\/coque-de-telecommande-evolve-skateboards-r2\/","title":{"rendered":"Housse de protection pour t\u00e9l\u00e9commande Evolve Skateboards R2"},"content":{"rendered":"<p>Investir dans une coque de protection est judicieux pour pr\u00e9server votre t\u00e9l\u00e9commande des chocs et des rayures. De plus, cette coque en silicone souple offre une excellente prise en main. Choisissez la couleur qui s&#039;accorde le mieux \u00e0 votre tenue du jour.<\/p>\n<p>La housse est compatible avec les Evolves R2\/R2BT si vous en poss\u00e9dez un.<\/p>","protected":false},"excerpt":{"rendered":"<p>Prot\u00e9gez votre t\u00e9l\u00e9commande Evolve avec une coque en silicone. De plus, elle offre une excellente prise en main lors de vos d\u00e9placements. Choisissez votre couleur pr\u00e9f\u00e9r\u00e9e\u00a0; en cas de probl\u00e8me, vous pouvez en acheter d&#039;autres.<\/p>","protected":false},"featured_media":142726,"comment_status":"open","ping_status":"closed","template":"","meta":[],"product_brand":[2557],"product_cat":[1947,2395],"product_tag":[],"class_list":{"0":"post-142724","1":"product","2":"type-product","3":"status-publish","4":"has-post-thumbnail","6":"product_brand-evolve-skateboards","7":"product_cat-electric-spareparts","8":"product_cat-remotes","9":"pa_color-bla","10":"pa_color-gron","11":"pa_color-orange","12":"pa_color-svart","13":"pa_manufacturer-evolve","15":"first","16":"instock","17":"sale","18":"featured","19":"taxable","20":"shipping-taxable","21":"purchasable","22":"product-type-variable","23":"has-default-attributes"},"composite_virtual":false,"composite_layout":"","composite_add_to_cart_form_location":"","composite_editable_in_cart":false,"composite_sold_individually_context":"","composite_shop_price_calc":"","composite_components":[],"composite_scenarios":[],"jetpack_sharing_enabled":true,"_links":{"self":[{"href":"https:\/\/www.boardlife.se\/fr\/wp-json\/wp\/v2\/product\/142724","targetHints":{"allow":["GET"]}}],"collection":[{"href":"https:\/\/www.boardlife.se\/fr\/wp-json\/wp\/v2\/product"}],"about":[{"href":"https:\/\/www.boardlife.se\/fr\/wp-json\/wp\/v2\/types\/product"}],"replies":[{"embeddable":true,"href":"https:\/\/www.boardlife.se\/fr\/wp-json\/wp\/v2\/comments?post=142724"}],"wp:featuredmedia":[{"embeddable":true,"href":"https:\/\/www.boardlife.se\/fr\/wp-json\/wp\/v2\/media\/142726"}],"wp:attachment":[{"href":"https:\/\/www.boardlife.se\/fr\/wp-json\/wp\/v2\/media?parent=142724"}],"wp:term":[{"taxonomy":"product_brand","embeddable":true,"href":"https:\/\/www.boardlife.se\/fr\/wp-json\/wp\/v2\/product_brand?post=142724"},{"taxonomy":"product_cat","embeddable":true,"href":"https:\/\/www.boardlife.se\/fr\/wp-json\/wp\/v2\/product_cat?post=142724"},{"taxonomy":"product_tag","embeddable":true,"href":"https:\/\/www.boardlife.se\/fr\/wp-json\/wp\/v2\/product_tag?post=142724"}],"curies":[{"name":"wp","href":"https:\/\/api.w.org\/{rel}","templated":true}]}}