{"id":142237,"date":"2021-06-03T16:35:21","date_gmt":"2021-06-03T14:35:21","guid":{"rendered":"https:\/\/www.boardlife.se\/?post_type=product&#038;p=142237"},"modified":"2025-08-12T00:21:55","modified_gmt":"2025-08-11T22:21:55","slug":"boules-de-slime-santa-cruz-tripes-speedballs-56-mm-99a-vert","status":"publish","type":"product","link":"https:\/\/www.boardlife.se\/fr\/boutique\/skateboard\/composants-de-skateboard\/roues-de-skateboard\/boules-de-slime-santa-cruz-tripes-speedballs-56-mm-99a-vert\/","title":{"rendered":"Santa Cruz Slime Balls Guts Speedballs 56 mm 99a Vert"},"content":{"rendered":"<p>Les Slime Balls vous replongent dans l&#039;univers des ann\u00e9es 80, avec une version revisit\u00e9e et une formule \u00e9prouv\u00e9e. Les Santa Cruz Slime Balls Guts Speedballs sont l\u00e9g\u00e8rement plus dures que leurs cousines \u00ab Vomit \u00bb, mais restent parfaites pour le cruising et le skate en g\u00e9n\u00e9ral. Leur duret\u00e9 de 99a et leur diam\u00e8tre de 56 mm vous permettent de gagner en vitesse sur la rampe ou dans la rue.<\/p>","protected":false},"excerpt":{"rendered":"<p>Roues Santa Cruz de la l\u00e9gendaire s\u00e9rie Slime Balls. Un concept gagnant qui existe depuis les ann\u00e9es 80, mais avec une formule de vitesse incroyable. Avec un diam\u00e8tre de 56 mm et une duret\u00e9 de 99a, vous b\u00e9n\u00e9ficiez non seulement d&#039;une roue performante, mais aussi d&#039;un style urbain affirm\u00e9.<\/p>\n<p>Vous avez bien s\u00fbr quatre roues m\u00eame si les photos n&#039;en montrent qu&#039;une \ud83d\ude42<\/p>","protected":false},"featured_media":142238,"comment_status":"open","ping_status":"closed","template":"","meta":[],"product_brand":[2606],"product_cat":[967],"product_tag":[2414],"class_list":{"0":"post-142237","1":"product","2":"type-product","3":"status-publish","4":"has-post-thumbnail","6":"product_brand-santa-cruz","7":"product_cat-wheels-skateboard","8":"product_tag-jeremy-knibbs","9":"pa_diameter-56mm","10":"pa_durometer-99a","11":"pa_manufacturer-santa-cruz","13":"first","14":"instock","15":"taxable","16":"shipping-taxable","17":"purchasable","18":"product-type-simple"},"composite_virtual":false,"composite_layout":"","composite_add_to_cart_form_location":"","composite_editable_in_cart":false,"composite_sold_individually_context":"","composite_shop_price_calc":"","composite_components":[],"composite_scenarios":[],"jetpack_sharing_enabled":true,"_links":{"self":[{"href":"https:\/\/www.boardlife.se\/fr\/wp-json\/wp\/v2\/product\/142237","targetHints":{"allow":["GET"]}}],"collection":[{"href":"https:\/\/www.boardlife.se\/fr\/wp-json\/wp\/v2\/product"}],"about":[{"href":"https:\/\/www.boardlife.se\/fr\/wp-json\/wp\/v2\/types\/product"}],"replies":[{"embeddable":true,"href":"https:\/\/www.boardlife.se\/fr\/wp-json\/wp\/v2\/comments?post=142237"}],"wp:featuredmedia":[{"embeddable":true,"href":"https:\/\/www.boardlife.se\/fr\/wp-json\/wp\/v2\/media\/142238"}],"wp:attachment":[{"href":"https:\/\/www.boardlife.se\/fr\/wp-json\/wp\/v2\/media?parent=142237"}],"wp:term":[{"taxonomy":"product_brand","embeddable":true,"href":"https:\/\/www.boardlife.se\/fr\/wp-json\/wp\/v2\/product_brand?post=142237"},{"taxonomy":"product_cat","embeddable":true,"href":"https:\/\/www.boardlife.se\/fr\/wp-json\/wp\/v2\/product_cat?post=142237"},{"taxonomy":"product_tag","embeddable":true,"href":"https:\/\/www.boardlife.se\/fr\/wp-json\/wp\/v2\/product_tag?post=142237"}],"curies":[{"name":"wp","href":"https:\/\/api.w.org\/{rel}","templated":true}]}}